{"id":343809,"date":"2019-10-31T12:46:19","date_gmt":"2019-10-31T11:46:19","guid":{"rendered":"https:\/\/kano-udlejning.dk\/booking\/kongensbro-to-optional-final-destination-4\/"},"modified":"2025-11-05T14:39:54","modified_gmt":"2025-11-05T13:39:54","slug":"kongensbro-to-optional-final-destination-4","status":"publish","type":"product","link":"https:\/\/kano-udlejning.dk\/en\/booking\/kongensbro-to-optional-final-destination-4\/","title":{"rendered":"Kongensbro to Optional final destination"},"content":{"rendered":"<p><strong>Starting point:<\/strong> Kongensbro Teltplads, Truust Gade 93, 8882 F\u00e5rvang<\/p>\n<p><strong>End location:<\/strong> Optional final destination<\/p>\n<p>The canoe\/kayak is ready from the starting point at 9:00, and with the option of an optional final destination, you decide where you want to end the trip. You book the number of days you want to sail and inform us of your desired final destination by phone before 12:00 noon on the last day of your trip.   <\/p>\n<p>Before the trip, you can spend the night at Kongensbro Kro or Kongensbro Teltplads.<\/p>\n","protected":false},"excerpt":{"rendered":"<p>Starting point: Kongensbro Teltplads, Truust Gade 93, 8882 F\u00e5rvang End location: Optional final destination The canoe\/kayak is ready from the starting point at 9:00, and with the option of an optional final destination, you decide where you want to end the trip. You book the number of days you want to sail and inform us&hellip; <a class=\"continue\" href=\"https:\/\/kano-udlejning.dk\/en\/booking\/kongensbro-to-optional-final-destination-4\/\">L\u00e6s mere<span> Kongensbro to Optional final destination<\/span><\/a><\/p>\n","protected":false},"featured_media":332059,"template":"","meta":{"_acf_changed":false,"site-sidebar-layout":"default","site-content-layout":"","ast-site-content-layout":"default","site-content-style":"default","site-sidebar-style":"default","ast-global-header-display":"","ast-banner-title-visibility":"","ast-main-header-display":"","ast-hfb-above-header-display":"","ast-hfb-below-header-display":"","ast-hfb-mobile-header-display":"","site-post-title":"","ast-breadcrumbs-content":"","ast-featured-img":"","footer-sml-layout":"","ast-disable-related-posts":"","theme-transparent-header-meta":"","adv-header-id-meta":"","stick-header-meta":"","header-above-stick-meta":"","header-main-stick-meta":"","header-below-stick-meta":"","astra-migrate-meta-layouts":"default","ast-page-background-enabled":"default","ast-page-background-meta":{"desktop":{"background-color":"","background-image":"","background-repeat":"repeat","background-position":"center center","background-size":"auto","background-attachment":"scroll","background-type":"","background-media":"","overlay-type":"","overlay-color":"","overlay-opacity":"","overlay-gradient":""},"tablet":{"background-color":"","background-image":"","background-repeat":"repeat","background-position":"center center","background-size":"auto","background-attachment":"scroll","background-type":"","background-media":"","overlay-type":"","overlay-color":"","overlay-opacity":"","overlay-gradient":""},"mobile":{"background-color":"","background-image":"","background-repeat":"repeat","background-position":"center center","background-size":"auto","background-attachment":"scroll","background-type":"","background-media":"","overlay-type":"","overlay-color":"","overlay-opacity":"","overlay-gradient":""}},"ast-content-background-meta":{"desktop":{"background-color":"var(--ast-global-color-5)","background-image":"","background-repeat":"repeat","background-position":"center center","background-size":"auto","background-attachment":"scroll","background-type":"","background-media":"","overlay-type":"","overlay-color":"","overlay-opacity":"","overlay-gradient":""},"tablet":{"background-color":"var(--ast-global-color-5)","background-image":"","background-repeat":"repeat","background-position":"center center","background-size":"auto","background-attachment":"scroll","background-type":"","background-media":"","overlay-type":"","overlay-color":"","overlay-opacity":"","overlay-gradient":""},"mobile":{"background-color":"var(--ast-global-color-5)","background-image":"","background-repeat":"repeat","background-position":"center center","background-size":"auto","background-attachment":"scroll","background-type":"","background-media":"","overlay-type":"","overlay-color":"","overlay-opacity":"","overlay-gradient":""}}},"product_brand":[],"product_cat":[678,577,625],"product_tag":[],"class_list":{"0":"post-343809","1":"product","2":"type-product","3":"status-publish","4":"has-post-thumbnail","6":"product_cat-kongensbro-teltplads-en","7":"product_cat-5-day-trip","8":"product_cat-optional-final-destination","9":"desktop-align-left","10":"tablet-align-left","11":"mobile-align-left","12":"ast-product-gallery-layout-horizontal-slider","13":"ast-product-gallery-with-no-image","15":"first","16":"instock","17":"sold-individually","18":"taxable","19":"shipping-taxable","20":"purchasable","21":"product-type-booking"},"exclude_global_add_ons":false,"addons":[],"acf":[],"yoast_head":"<!-- This site is optimized with the Yoast SEO plugin v27.2 - https:\/\/yoast.com\/product\/yoast-seo-wordpress\/ -->\n<title>Kongensbro to Optional final destination - T\u00f8rring Kanoudlejning<\/title>\n<meta name=\"robots\" content=\"noindex, follow\" \/>\n<meta property=\"og:locale\" content=\"en_US\" \/>\n<meta property=\"og:type\" content=\"article\" \/>\n<meta property=\"og:title\" content=\"Kongensbro to Optional final destination - T\u00f8rring Kanoudlejning\" \/>\n<meta property=\"og:description\" content=\"Starting point: Kongensbro Teltplads, Truust Gade 93, 8882 F\u00e5rvang End location: Optional final destination The canoe\/kayak is ready from the starting point at 9:00, and with the option of an optional final destination, you decide where you want to end the trip. You book the number of days you want to sail and inform us&hellip; L\u00e6s mere Kongensbro to Optional final destination\" \/>\n<meta property=\"og:url\" content=\"https:\/\/kano-udlejning.dk\/en\/booking\/kongensbro-to-optional-final-destination-4\/\" \/>\n<meta property=\"og:site_name\" content=\"T\u00f8rring Kanoudlejning\" \/>\n<meta property=\"article:modified_time\" content=\"2025-11-05T13:39:54+00:00\" \/>\n<meta property=\"og:image\" content=\"https:\/\/kano-udlejning.dk\/wp-content\/uploads\/2025\/02\/kanoudlejning.jpg\" \/>\n\t<meta property=\"og:image:width\" content=\"653\" \/>\n\t<meta property=\"og:image:height\" content=\"653\" \/>\n\t<meta property=\"og:image:type\" content=\"image\/jpeg\" \/>\n<meta name=\"twitter:card\" content=\"summary_large_image\" \/>\n<script type=\"application\/ld+json\" class=\"yoast-schema-graph\">{\"@context\":\"https:\/\/schema.org\",\"@graph\":[{\"@type\":\"WebPage\",\"@id\":\"https:\/\/kano-udlejning.dk\/en\/booking\/kongensbro-to-optional-final-destination-4\/\",\"url\":\"https:\/\/kano-udlejning.dk\/en\/booking\/kongensbro-to-optional-final-destination-4\/\",\"name\":\"Kongensbro to Optional final destination - T\u00f8rring Kanoudlejning\",\"isPartOf\":{\"@id\":\"https:\/\/kano-udlejning.dk\/en\/#website\"},\"primaryImageOfPage\":{\"@id\":\"https:\/\/kano-udlejning.dk\/en\/booking\/kongensbro-to-optional-final-destination-4\/#primaryimage\"},\"image\":{\"@id\":\"https:\/\/kano-udlejning.dk\/en\/booking\/kongensbro-to-optional-final-destination-4\/#primaryimage\"},\"thumbnailUrl\":\"https:\/\/kano-udlejning.dk\/wp-content\/uploads\/2025\/02\/kanoudlejning.jpg\",\"datePublished\":\"2019-10-31T11:46:19+00:00\",\"dateModified\":\"2025-11-05T13:39:54+00:00\",\"breadcrumb\":{\"@id\":\"https:\/\/kano-udlejning.dk\/en\/booking\/kongensbro-to-optional-final-destination-4\/#breadcrumb\"},\"inLanguage\":\"en-US\",\"potentialAction\":[{\"@type\":\"ReadAction\",\"target\":[\"https:\/\/kano-udlejning.dk\/en\/booking\/kongensbro-to-optional-final-destination-4\/\"]}]},{\"@type\":\"ImageObject\",\"inLanguage\":\"en-US\",\"@id\":\"https:\/\/kano-udlejning.dk\/en\/booking\/kongensbro-to-optional-final-destination-4\/#primaryimage\",\"url\":\"https:\/\/kano-udlejning.dk\/wp-content\/uploads\/2025\/02\/kanoudlejning.jpg\",\"contentUrl\":\"https:\/\/kano-udlejning.dk\/wp-content\/uploads\/2025\/02\/kanoudlejning.jpg\",\"width\":653,\"height\":653},{\"@type\":\"BreadcrumbList\",\"@id\":\"https:\/\/kano-udlejning.dk\/en\/booking\/kongensbro-to-optional-final-destination-4\/#breadcrumb\",\"itemListElement\":[{\"@type\":\"ListItem\",\"position\":1,\"name\":\"Home\",\"item\":\"https:\/\/kano-udlejning.dk\/en\/\"},{\"@type\":\"ListItem\",\"position\":2,\"name\":\"Products\",\"item\":\"https:\/\/kano-udlejning.dk\/en\/shop\/\"},{\"@type\":\"ListItem\",\"position\":3,\"name\":\"Kongensbro to Optional final destination\"}]},{\"@type\":\"WebSite\",\"@id\":\"https:\/\/kano-udlejning.dk\/en\/#website\",\"url\":\"https:\/\/kano-udlejning.dk\/en\/\",\"name\":\"T\u00f8rring Kanoudlejning\",\"description\":\"St\u00f8rste Kano- &amp; Kajakudlejer p\u00e5 Guden\u00e5en\",\"publisher\":{\"@id\":\"https:\/\/kano-udlejning.dk\/en\/#organization\"},\"potentialAction\":[{\"@type\":\"SearchAction\",\"target\":{\"@type\":\"EntryPoint\",\"urlTemplate\":\"https:\/\/kano-udlejning.dk\/en\/?s={search_term_string}\"},\"query-input\":{\"@type\":\"PropertyValueSpecification\",\"valueRequired\":true,\"valueName\":\"search_term_string\"}}],\"inLanguage\":\"en-US\"},{\"@type\":\"Organization\",\"@id\":\"https:\/\/kano-udlejning.dk\/en\/#organization\",\"name\":\"T\u00f8rring Kanoudlejning\",\"url\":\"https:\/\/kano-udlejning.dk\/en\/\",\"logo\":{\"@type\":\"ImageObject\",\"inLanguage\":\"en-US\",\"@id\":\"https:\/\/kano-udlejning.dk\/en\/#\/schema\/logo\/image\/\",\"url\":\"https:\/\/kano-udlejning.dk\/wp-content\/uploads\/2024\/09\/favicon.png\",\"contentUrl\":\"https:\/\/kano-udlejning.dk\/wp-content\/uploads\/2024\/09\/favicon.png\",\"width\":32,\"height\":32,\"caption\":\"T\u00f8rring Kanoudlejning\"},\"image\":{\"@id\":\"https:\/\/kano-udlejning.dk\/en\/#\/schema\/logo\/image\/\"}}]}<\/script>\n<!-- \/ Yoast SEO plugin. -->","yoast_head_json":{"title":"Kongensbro to Optional final destination - T\u00f8rring Kanoudlejning","robots":{"index":"noindex","follow":"follow"},"og_locale":"en_US","og_type":"article","og_title":"Kongensbro to Optional final destination - T\u00f8rring Kanoudlejning","og_description":"Starting point: Kongensbro Teltplads, Truust Gade 93, 8882 F\u00e5rvang End location: Optional final destination The canoe\/kayak is ready from the starting point at 9:00, and with the option of an optional final destination, you decide where you want to end the trip. You book the number of days you want to sail and inform us&hellip; L\u00e6s mere Kongensbro to Optional final destination","og_url":"https:\/\/kano-udlejning.dk\/en\/booking\/kongensbro-to-optional-final-destination-4\/","og_site_name":"T\u00f8rring Kanoudlejning","article_modified_time":"2025-11-05T13:39:54+00:00","og_image":[{"width":653,"height":653,"url":"https:\/\/kano-udlejning.dk\/wp-content\/uploads\/2025\/02\/kanoudlejning.jpg","type":"image\/jpeg"}],"twitter_card":"summary_large_image","schema":{"@context":"https:\/\/schema.org","@graph":[{"@type":"WebPage","@id":"https:\/\/kano-udlejning.dk\/en\/booking\/kongensbro-to-optional-final-destination-4\/","url":"https:\/\/kano-udlejning.dk\/en\/booking\/kongensbro-to-optional-final-destination-4\/","name":"Kongensbro to Optional final destination - T\u00f8rring Kanoudlejning","isPartOf":{"@id":"https:\/\/kano-udlejning.dk\/en\/#website"},"primaryImageOfPage":{"@id":"https:\/\/kano-udlejning.dk\/en\/booking\/kongensbro-to-optional-final-destination-4\/#primaryimage"},"image":{"@id":"https:\/\/kano-udlejning.dk\/en\/booking\/kongensbro-to-optional-final-destination-4\/#primaryimage"},"thumbnailUrl":"https:\/\/kano-udlejning.dk\/wp-content\/uploads\/2025\/02\/kanoudlejning.jpg","datePublished":"2019-10-31T11:46:19+00:00","dateModified":"2025-11-05T13:39:54+00:00","breadcrumb":{"@id":"https:\/\/kano-udlejning.dk\/en\/booking\/kongensbro-to-optional-final-destination-4\/#breadcrumb"},"inLanguage":"en-US","potentialAction":[{"@type":"ReadAction","target":["https:\/\/kano-udlejning.dk\/en\/booking\/kongensbro-to-optional-final-destination-4\/"]}]},{"@type":"ImageObject","inLanguage":"en-US","@id":"https:\/\/kano-udlejning.dk\/en\/booking\/kongensbro-to-optional-final-destination-4\/#primaryimage","url":"https:\/\/kano-udlejning.dk\/wp-content\/uploads\/2025\/02\/kanoudlejning.jpg","contentUrl":"https:\/\/kano-udlejning.dk\/wp-content\/uploads\/2025\/02\/kanoudlejning.jpg","width":653,"height":653},{"@type":"BreadcrumbList","@id":"https:\/\/kano-udlejning.dk\/en\/booking\/kongensbro-to-optional-final-destination-4\/#breadcrumb","itemListElement":[{"@type":"ListItem","position":1,"name":"Home","item":"https:\/\/kano-udlejning.dk\/en\/"},{"@type":"ListItem","position":2,"name":"Products","item":"https:\/\/kano-udlejning.dk\/en\/shop\/"},{"@type":"ListItem","position":3,"name":"Kongensbro to Optional final destination"}]},{"@type":"WebSite","@id":"https:\/\/kano-udlejning.dk\/en\/#website","url":"https:\/\/kano-udlejning.dk\/en\/","name":"T\u00f8rring Kanoudlejning","description":"St\u00f8rste Kano- &amp; Kajakudlejer p\u00e5 Guden\u00e5en","publisher":{"@id":"https:\/\/kano-udlejning.dk\/en\/#organization"},"potentialAction":[{"@type":"SearchAction","target":{"@type":"EntryPoint","urlTemplate":"https:\/\/kano-udlejning.dk\/en\/?s={search_term_string}"},"query-input":{"@type":"PropertyValueSpecification","valueRequired":true,"valueName":"search_term_string"}}],"inLanguage":"en-US"},{"@type":"Organization","@id":"https:\/\/kano-udlejning.dk\/en\/#organization","name":"T\u00f8rring Kanoudlejning","url":"https:\/\/kano-udlejning.dk\/en\/","logo":{"@type":"ImageObject","inLanguage":"en-US","@id":"https:\/\/kano-udlejning.dk\/en\/#\/schema\/logo\/image\/","url":"https:\/\/kano-udlejning.dk\/wp-content\/uploads\/2024\/09\/favicon.png","contentUrl":"https:\/\/kano-udlejning.dk\/wp-content\/uploads\/2024\/09\/favicon.png","width":32,"height":32,"caption":"T\u00f8rring Kanoudlejning"},"image":{"@id":"https:\/\/kano-udlejning.dk\/en\/#\/schema\/logo\/image\/"}}]}},"_links":{"self":[{"href":"https:\/\/kano-udlejning.dk\/en\/wp-json\/wp\/v2\/product\/343809","targetHints":{"allow":["GET"]}}],"collection":[{"href":"https:\/\/kano-udlejning.dk\/en\/wp-json\/wp\/v2\/product"}],"about":[{"href":"https:\/\/kano-udlejning.dk\/en\/wp-json\/wp\/v2\/types\/product"}],"wp:featuredmedia":[{"embeddable":true,"href":"https:\/\/kano-udlejning.dk\/en\/wp-json\/wp\/v2\/media\/332059"}],"wp:attachment":[{"href":"https:\/\/kano-udlejning.dk\/en\/wp-json\/wp\/v2\/media?parent=343809"}],"wp:term":[{"taxonomy":"product_brand","embeddable":true,"href":"https:\/\/kano-udlejning.dk\/en\/wp-json\/wp\/v2\/product_brand?post=343809"},{"taxonomy":"product_cat","embeddable":true,"href":"https:\/\/kano-udlejning.dk\/en\/wp-json\/wp\/v2\/product_cat?post=343809"},{"taxonomy":"product_tag","embeddable":true,"href":"https:\/\/kano-udlejning.dk\/en\/wp-json\/wp\/v2\/product_tag?post=343809"}],"curies":[{"name":"wp","href":"https:\/\/api.w.org\/{rel}","templated":true}]}}