{"id":341588,"date":"2019-10-31T12:42:05","date_gmt":"2019-10-31T11:42:05","guid":{"rendered":"https:\/\/kano-udlejning.dk\/booking\/enclosed-ly-outdoor-camp-for-silkeborg-havn-silkeborg-kanocenter\/"},"modified":"2025-11-05T14:18:30","modified_gmt":"2025-11-05T13:18:30","slug":"enclosed-ly-outdoor-camp-for-silkeborg-havn-silkeborg-kanocenter","status":"publish","type":"product","link":"https:\/\/kano-udlejning.dk\/en\/booking\/enclosed-ly-outdoor-camp-for-silkeborg-havn-silkeborg-kanocenter\/","title":{"rendered":"Indelukket \/ Ly Outdoor Camp for Silkeborg Havn \/ Silkeborg Kanocenter"},"content":{"rendered":"<p><strong>Starting point:<\/strong> Indelukket \/ Ly Outdoor Camp, Vejls\u00f8vej 7, 8600 Silkeborg<\/p>\n<p><strong>Location<\/strong>: Silkeborg Havn \/ Silkeborg Kanocenter, \u00d8stergade 36, 8600 Silkeborg<\/p>\n<p>The canoe\/kayak is ready from the starting point at 9:00 am and must arrive at the final destination no later than 5:00 pm (but at 8:00 pm during our high season, 16\/6-15\/8). You can always change the final destination by phone until 12:00 on the last day of your trip.   <\/p>\n<p>Before the tour, you can spend the night at Guden\u00e5 Camping.<\/p>\n<p>After the tour, you can stay overnight at Danhostel, Radisson Blu Hotel Papirfabrikken and Hotel Dania.<\/p>\n","protected":false},"excerpt":{"rendered":"<p>Starting point: Indelukket \/ Ly Outdoor Camp, Vejls\u00f8vej 7, 8600 Silkeborg Location: Silkeborg Havn \/ Silkeborg Kanocenter, \u00d8stergade 36, 8600 Silkeborg The canoe\/kayak is ready from the starting point at 9:00 am and must arrive at the final destination no later than 5:00 pm (but at 8:00 pm during our high season, 16\/6-15\/8). You can&hellip; <a class=\"continue\" href=\"https:\/\/kano-udlejning.dk\/en\/booking\/enclosed-ly-outdoor-camp-for-silkeborg-havn-silkeborg-kanocenter\/\">L\u00e6s mere<span> Indelukket \/ Ly Outdoor Camp for Silkeborg Havn \/ Silkeborg Kanocenter<\/span><\/a><\/p>\n","protected":false},"featured_media":332059,"template":"","meta":{"_acf_changed":false,"site-sidebar-layout":"default","site-content-layout":"","ast-site-content-layout":"default","site-content-style":"default","site-sidebar-style":"default","ast-global-header-display":"","ast-banner-title-visibility":"","ast-main-header-display":"","ast-hfb-above-header-display":"","ast-hfb-below-header-display":"","ast-hfb-mobile-header-display":"","site-post-title":"","ast-breadcrumbs-content":"","ast-featured-img":"","footer-sml-layout":"","ast-disable-related-posts":"","theme-transparent-header-meta":"","adv-header-id-meta":"","stick-header-meta":"","header-above-stick-meta":"","header-main-stick-meta":"","header-below-stick-meta":"","astra-migrate-meta-layouts":"default","ast-page-background-enabled":"default","ast-page-background-meta":{"desktop":{"background-color":"","background-image":"","background-repeat":"repeat","background-position":"center center","background-size":"auto","background-attachment":"scroll","background-type":"","background-media":"","overlay-type":"","overlay-color":"","overlay-opacity":"","overlay-gradient":""},"tablet":{"background-color":"","background-image":"","background-repeat":"repeat","background-position":"center center","background-size":"auto","background-attachment":"scroll","background-type":"","background-media":"","overlay-type":"","overlay-color":"","overlay-opacity":"","overlay-gradient":""},"mobile":{"background-color":"","background-image":"","background-repeat":"repeat","background-position":"center center","background-size":"auto","background-attachment":"scroll","background-type":"","background-media":"","overlay-type":"","overlay-color":"","overlay-opacity":"","overlay-gradient":""}},"ast-content-background-meta":{"desktop":{"background-color":"var(--ast-global-color-5)","background-image":"","background-repeat":"repeat","background-position":"center center","background-size":"auto","background-attachment":"scroll","background-type":"","background-media":"","overlay-type":"","overlay-color":"","overlay-opacity":"","overlay-gradient":""},"tablet":{"background-color":"var(--ast-global-color-5)","background-image":"","background-repeat":"repeat","background-position":"center center","background-size":"auto","background-attachment":"scroll","background-type":"","background-media":"","overlay-type":"","overlay-color":"","overlay-opacity":"","overlay-gradient":""},"mobile":{"background-color":"var(--ast-global-color-5)","background-image":"","background-repeat":"repeat","background-position":"center center","background-size":"auto","background-attachment":"scroll","background-type":"","background-media":"","overlay-type":"","overlay-color":"","overlay-opacity":"","overlay-gradient":""}}},"product_brand":[],"product_cat":[661,568],"product_tag":[601,599],"class_list":{"0":"post-341588","1":"product","2":"type-product","3":"status-publish","4":"has-post-thumbnail","6":"product_cat-indelukket-gudenaens-camping","7":"product_cat-10-day-trip","8":"product_tag-indelukket-gudenaens-camping","9":"product_tag-silkeborg-havn-silkeborg-kanocenter-en","10":"desktop-align-left","11":"tablet-align-left","12":"mobile-align-left","13":"ast-product-gallery-layout-horizontal-slider","14":"ast-product-gallery-with-no-image","16":"first","17":"instock","18":"sold-individually","19":"taxable","20":"shipping-taxable","21":"purchasable","22":"product-type-booking"},"exclude_global_add_ons":false,"addons":[],"acf":[],"yoast_head":"<!-- This site is optimized with the Yoast SEO plugin v27.2 - https:\/\/yoast.com\/product\/yoast-seo-wordpress\/ -->\n<title>Indelukket \/ Ly Outdoor Camp for Silkeborg Havn \/ Silkeborg Kanocenter - T\u00f8rring Kanoudlejning<\/title>\n<meta name=\"robots\" content=\"noindex, follow\" \/>\n<meta property=\"og:locale\" content=\"en_US\" \/>\n<meta property=\"og:type\" content=\"article\" \/>\n<meta property=\"og:title\" content=\"Indelukket \/ Ly Outdoor Camp for Silkeborg Havn \/ Silkeborg Kanocenter - T\u00f8rring Kanoudlejning\" \/>\n<meta property=\"og:description\" content=\"Starting point: Indelukket \/ Ly Outdoor Camp, Vejls\u00f8vej 7, 8600 Silkeborg Location: Silkeborg Havn \/ Silkeborg Kanocenter, \u00d8stergade 36, 8600 Silkeborg The canoe\/kayak is ready from the starting point at 9:00 am and must arrive at the final destination no later than 5:00 pm (but at 8:00 pm during our high season, 16\/6-15\/8). You can&hellip; L\u00e6s mere Indelukket \/ Ly Outdoor Camp for Silkeborg Havn \/ Silkeborg Kanocenter\" \/>\n<meta property=\"og:url\" content=\"https:\/\/kano-udlejning.dk\/en\/booking\/enclosed-ly-outdoor-camp-for-silkeborg-havn-silkeborg-kanocenter\/\" \/>\n<meta property=\"og:site_name\" content=\"T\u00f8rring Kanoudlejning\" \/>\n<meta property=\"article:modified_time\" content=\"2025-11-05T13:18:30+00:00\" \/>\n<meta property=\"og:image\" content=\"https:\/\/kano-udlejning.dk\/wp-content\/uploads\/2025\/02\/kanoudlejning.jpg\" \/>\n\t<meta property=\"og:image:width\" content=\"653\" \/>\n\t<meta property=\"og:image:height\" content=\"653\" \/>\n\t<meta property=\"og:image:type\" content=\"image\/jpeg\" \/>\n<meta name=\"twitter:card\" content=\"summary_large_image\" \/>\n<script type=\"application\/ld+json\" class=\"yoast-schema-graph\">{\"@context\":\"https:\/\/schema.org\",\"@graph\":[{\"@type\":\"WebPage\",\"@id\":\"https:\/\/kano-udlejning.dk\/en\/booking\/enclosed-ly-outdoor-camp-for-silkeborg-havn-silkeborg-kanocenter\/\",\"url\":\"https:\/\/kano-udlejning.dk\/en\/booking\/enclosed-ly-outdoor-camp-for-silkeborg-havn-silkeborg-kanocenter\/\",\"name\":\"Indelukket \/ Ly Outdoor Camp for Silkeborg Havn \/ Silkeborg Kanocenter - T\u00f8rring Kanoudlejning\",\"isPartOf\":{\"@id\":\"https:\/\/kano-udlejning.dk\/en\/#website\"},\"primaryImageOfPage\":{\"@id\":\"https:\/\/kano-udlejning.dk\/en\/booking\/enclosed-ly-outdoor-camp-for-silkeborg-havn-silkeborg-kanocenter\/#primaryimage\"},\"image\":{\"@id\":\"https:\/\/kano-udlejning.dk\/en\/booking\/enclosed-ly-outdoor-camp-for-silkeborg-havn-silkeborg-kanocenter\/#primaryimage\"},\"thumbnailUrl\":\"https:\/\/kano-udlejning.dk\/wp-content\/uploads\/2025\/02\/kanoudlejning.jpg\",\"datePublished\":\"2019-10-31T11:42:05+00:00\",\"dateModified\":\"2025-11-05T13:18:30+00:00\",\"breadcrumb\":{\"@id\":\"https:\/\/kano-udlejning.dk\/en\/booking\/enclosed-ly-outdoor-camp-for-silkeborg-havn-silkeborg-kanocenter\/#breadcrumb\"},\"inLanguage\":\"en-US\",\"potentialAction\":[{\"@type\":\"ReadAction\",\"target\":[\"https:\/\/kano-udlejning.dk\/en\/booking\/enclosed-ly-outdoor-camp-for-silkeborg-havn-silkeborg-kanocenter\/\"]}]},{\"@type\":\"ImageObject\",\"inLanguage\":\"en-US\",\"@id\":\"https:\/\/kano-udlejning.dk\/en\/booking\/enclosed-ly-outdoor-camp-for-silkeborg-havn-silkeborg-kanocenter\/#primaryimage\",\"url\":\"https:\/\/kano-udlejning.dk\/wp-content\/uploads\/2025\/02\/kanoudlejning.jpg\",\"contentUrl\":\"https:\/\/kano-udlejning.dk\/wp-content\/uploads\/2025\/02\/kanoudlejning.jpg\",\"width\":653,\"height\":653},{\"@type\":\"BreadcrumbList\",\"@id\":\"https:\/\/kano-udlejning.dk\/en\/booking\/enclosed-ly-outdoor-camp-for-silkeborg-havn-silkeborg-kanocenter\/#breadcrumb\",\"itemListElement\":[{\"@type\":\"ListItem\",\"position\":1,\"name\":\"Home\",\"item\":\"https:\/\/kano-udlejning.dk\/en\/\"},{\"@type\":\"ListItem\",\"position\":2,\"name\":\"Products\",\"item\":\"https:\/\/kano-udlejning.dk\/en\/shop\/\"},{\"@type\":\"ListItem\",\"position\":3,\"name\":\"Indelukket \/ Ly Outdoor Camp for Silkeborg Havn \/ Silkeborg Kanocenter\"}]},{\"@type\":\"WebSite\",\"@id\":\"https:\/\/kano-udlejning.dk\/en\/#website\",\"url\":\"https:\/\/kano-udlejning.dk\/en\/\",\"name\":\"T\u00f8rring Kanoudlejning\",\"description\":\"St\u00f8rste Kano- &amp; Kajakudlejer p\u00e5 Guden\u00e5en\",\"publisher\":{\"@id\":\"https:\/\/kano-udlejning.dk\/en\/#organization\"},\"potentialAction\":[{\"@type\":\"SearchAction\",\"target\":{\"@type\":\"EntryPoint\",\"urlTemplate\":\"https:\/\/kano-udlejning.dk\/en\/?s={search_term_string}\"},\"query-input\":{\"@type\":\"PropertyValueSpecification\",\"valueRequired\":true,\"valueName\":\"search_term_string\"}}],\"inLanguage\":\"en-US\"},{\"@type\":\"Organization\",\"@id\":\"https:\/\/kano-udlejning.dk\/en\/#organization\",\"name\":\"T\u00f8rring Kanoudlejning\",\"url\":\"https:\/\/kano-udlejning.dk\/en\/\",\"logo\":{\"@type\":\"ImageObject\",\"inLanguage\":\"en-US\",\"@id\":\"https:\/\/kano-udlejning.dk\/en\/#\/schema\/logo\/image\/\",\"url\":\"https:\/\/kano-udlejning.dk\/wp-content\/uploads\/2024\/09\/favicon.png\",\"contentUrl\":\"https:\/\/kano-udlejning.dk\/wp-content\/uploads\/2024\/09\/favicon.png\",\"width\":32,\"height\":32,\"caption\":\"T\u00f8rring Kanoudlejning\"},\"image\":{\"@id\":\"https:\/\/kano-udlejning.dk\/en\/#\/schema\/logo\/image\/\"}}]}<\/script>\n<!-- \/ Yoast SEO plugin. -->","yoast_head_json":{"title":"Indelukket \/ Ly Outdoor Camp for Silkeborg Havn \/ Silkeborg Kanocenter - T\u00f8rring Kanoudlejning","robots":{"index":"noindex","follow":"follow"},"og_locale":"en_US","og_type":"article","og_title":"Indelukket \/ Ly Outdoor Camp for Silkeborg Havn \/ Silkeborg Kanocenter - T\u00f8rring Kanoudlejning","og_description":"Starting point: Indelukket \/ Ly Outdoor Camp, Vejls\u00f8vej 7, 8600 Silkeborg Location: Silkeborg Havn \/ Silkeborg Kanocenter, \u00d8stergade 36, 8600 Silkeborg The canoe\/kayak is ready from the starting point at 9:00 am and must arrive at the final destination no later than 5:00 pm (but at 8:00 pm during our high season, 16\/6-15\/8). You can&hellip; L\u00e6s mere Indelukket \/ Ly Outdoor Camp for Silkeborg Havn \/ Silkeborg Kanocenter","og_url":"https:\/\/kano-udlejning.dk\/en\/booking\/enclosed-ly-outdoor-camp-for-silkeborg-havn-silkeborg-kanocenter\/","og_site_name":"T\u00f8rring Kanoudlejning","article_modified_time":"2025-11-05T13:18:30+00:00","og_image":[{"width":653,"height":653,"url":"https:\/\/kano-udlejning.dk\/wp-content\/uploads\/2025\/02\/kanoudlejning.jpg","type":"image\/jpeg"}],"twitter_card":"summary_large_image","schema":{"@context":"https:\/\/schema.org","@graph":[{"@type":"WebPage","@id":"https:\/\/kano-udlejning.dk\/en\/booking\/enclosed-ly-outdoor-camp-for-silkeborg-havn-silkeborg-kanocenter\/","url":"https:\/\/kano-udlejning.dk\/en\/booking\/enclosed-ly-outdoor-camp-for-silkeborg-havn-silkeborg-kanocenter\/","name":"Indelukket \/ Ly Outdoor Camp for Silkeborg Havn \/ Silkeborg Kanocenter - T\u00f8rring Kanoudlejning","isPartOf":{"@id":"https:\/\/kano-udlejning.dk\/en\/#website"},"primaryImageOfPage":{"@id":"https:\/\/kano-udlejning.dk\/en\/booking\/enclosed-ly-outdoor-camp-for-silkeborg-havn-silkeborg-kanocenter\/#primaryimage"},"image":{"@id":"https:\/\/kano-udlejning.dk\/en\/booking\/enclosed-ly-outdoor-camp-for-silkeborg-havn-silkeborg-kanocenter\/#primaryimage"},"thumbnailUrl":"https:\/\/kano-udlejning.dk\/wp-content\/uploads\/2025\/02\/kanoudlejning.jpg","datePublished":"2019-10-31T11:42:05+00:00","dateModified":"2025-11-05T13:18:30+00:00","breadcrumb":{"@id":"https:\/\/kano-udlejning.dk\/en\/booking\/enclosed-ly-outdoor-camp-for-silkeborg-havn-silkeborg-kanocenter\/#breadcrumb"},"inLanguage":"en-US","potentialAction":[{"@type":"ReadAction","target":["https:\/\/kano-udlejning.dk\/en\/booking\/enclosed-ly-outdoor-camp-for-silkeborg-havn-silkeborg-kanocenter\/"]}]},{"@type":"ImageObject","inLanguage":"en-US","@id":"https:\/\/kano-udlejning.dk\/en\/booking\/enclosed-ly-outdoor-camp-for-silkeborg-havn-silkeborg-kanocenter\/#primaryimage","url":"https:\/\/kano-udlejning.dk\/wp-content\/uploads\/2025\/02\/kanoudlejning.jpg","contentUrl":"https:\/\/kano-udlejning.dk\/wp-content\/uploads\/2025\/02\/kanoudlejning.jpg","width":653,"height":653},{"@type":"BreadcrumbList","@id":"https:\/\/kano-udlejning.dk\/en\/booking\/enclosed-ly-outdoor-camp-for-silkeborg-havn-silkeborg-kanocenter\/#breadcrumb","itemListElement":[{"@type":"ListItem","position":1,"name":"Home","item":"https:\/\/kano-udlejning.dk\/en\/"},{"@type":"ListItem","position":2,"name":"Products","item":"https:\/\/kano-udlejning.dk\/en\/shop\/"},{"@type":"ListItem","position":3,"name":"Indelukket \/ Ly Outdoor Camp for Silkeborg Havn \/ Silkeborg Kanocenter"}]},{"@type":"WebSite","@id":"https:\/\/kano-udlejning.dk\/en\/#website","url":"https:\/\/kano-udlejning.dk\/en\/","name":"T\u00f8rring Kanoudlejning","description":"St\u00f8rste Kano- &amp; Kajakudlejer p\u00e5 Guden\u00e5en","publisher":{"@id":"https:\/\/kano-udlejning.dk\/en\/#organization"},"potentialAction":[{"@type":"SearchAction","target":{"@type":"EntryPoint","urlTemplate":"https:\/\/kano-udlejning.dk\/en\/?s={search_term_string}"},"query-input":{"@type":"PropertyValueSpecification","valueRequired":true,"valueName":"search_term_string"}}],"inLanguage":"en-US"},{"@type":"Organization","@id":"https:\/\/kano-udlejning.dk\/en\/#organization","name":"T\u00f8rring Kanoudlejning","url":"https:\/\/kano-udlejning.dk\/en\/","logo":{"@type":"ImageObject","inLanguage":"en-US","@id":"https:\/\/kano-udlejning.dk\/en\/#\/schema\/logo\/image\/","url":"https:\/\/kano-udlejning.dk\/wp-content\/uploads\/2024\/09\/favicon.png","contentUrl":"https:\/\/kano-udlejning.dk\/wp-content\/uploads\/2024\/09\/favicon.png","width":32,"height":32,"caption":"T\u00f8rring Kanoudlejning"},"image":{"@id":"https:\/\/kano-udlejning.dk\/en\/#\/schema\/logo\/image\/"}}]}},"_links":{"self":[{"href":"https:\/\/kano-udlejning.dk\/en\/wp-json\/wp\/v2\/product\/341588","targetHints":{"allow":["GET"]}}],"collection":[{"href":"https:\/\/kano-udlejning.dk\/en\/wp-json\/wp\/v2\/product"}],"about":[{"href":"https:\/\/kano-udlejning.dk\/en\/wp-json\/wp\/v2\/types\/product"}],"wp:featuredmedia":[{"embeddable":true,"href":"https:\/\/kano-udlejning.dk\/en\/wp-json\/wp\/v2\/media\/332059"}],"wp:attachment":[{"href":"https:\/\/kano-udlejning.dk\/en\/wp-json\/wp\/v2\/media?parent=341588"}],"wp:term":[{"taxonomy":"product_brand","embeddable":true,"href":"https:\/\/kano-udlejning.dk\/en\/wp-json\/wp\/v2\/product_brand?post=341588"},{"taxonomy":"product_cat","embeddable":true,"href":"https:\/\/kano-udlejning.dk\/en\/wp-json\/wp\/v2\/product_cat?post=341588"},{"taxonomy":"product_tag","embeddable":true,"href":"https:\/\/kano-udlejning.dk\/en\/wp-json\/wp\/v2\/product_tag?post=341588"}],"curies":[{"name":"wp","href":"https:\/\/api.w.org\/{rel}","templated":true}]}}