{"id":338519,"date":"2019-10-31T12:37:04","date_gmt":"2019-10-31T11:37:04","guid":{"rendered":"https:\/\/kano-udlejning.dk\/booking\/gammel-rye-to-optional-final-destination-6\/"},"modified":"2025-11-05T13:50:01","modified_gmt":"2025-11-05T12:50:01","slug":"gammel-rye-to-optional-final-destination-6","status":"publish","type":"product","link":"https:\/\/kano-udlejning.dk\/en\/booking\/gammel-rye-to-optional-final-destination-6\/","title":{"rendered":"Gammel Rye to Optional final destination"},"content":{"rendered":"<p><strong>Starting point:<\/strong> Gammel Rye Teltplads, Gl. Ryevej 40, 8680 Ry <\/p>\n<p><strong>End location:<\/strong> Optional final destination<\/p>\n<p>The canoe\/kayak is ready from the starting point at 9:00, and with the option of an optional final destination, you decide where you want to end the trip. You book the number of days you want to sail and inform us of your desired final destination by phone before 12:00 noon on the last day of your trip.   <\/p>\n<p>Before the tour, you can stay overnight at Gammel Rye Teltplads.<\/p>\n","protected":false},"excerpt":{"rendered":"<p>Starting point: Gammel Rye Teltplads, Gl. Ryevej 40, 8680 Ry End location: Optional final destination The canoe\/kayak is ready from the starting point at 9:00, and with the option of an optional final destination, you decide where you want to end the trip. You book the number of days you want to sail and inform&hellip; <a class=\"continue\" href=\"https:\/\/kano-udlejning.dk\/en\/booking\/gammel-rye-to-optional-final-destination-6\/\">L\u00e6s mere<span> Gammel Rye to Optional final destination<\/span><\/a><\/p>\n","protected":false},"featured_media":332059,"template":"","meta":{"_acf_changed":false,"site-sidebar-layout":"default","site-content-layout":"","ast-site-content-layout":"default","site-content-style":"default","site-sidebar-style":"default","ast-global-header-display":"","ast-banner-title-visibility":"","ast-main-header-display":"","ast-hfb-above-header-display":"","ast-hfb-below-header-display":"","ast-hfb-mobile-header-display":"","site-post-title":"","ast-breadcrumbs-content":"","ast-featured-img":"","footer-sml-layout":"","ast-disable-related-posts":"","theme-transparent-header-meta":"","adv-header-id-meta":"","stick-header-meta":"","header-above-stick-meta":"","header-main-stick-meta":"","header-below-stick-meta":"","astra-migrate-meta-layouts":"default","ast-page-background-enabled":"default","ast-page-background-meta":{"desktop":{"background-color":"","background-image":"","background-repeat":"repeat","background-position":"center center","background-size":"auto","background-attachment":"scroll","background-type":"","background-media":"","overlay-type":"","overlay-color":"","overlay-opacity":"","overlay-gradient":""},"tablet":{"background-color":"","background-image":"","background-repeat":"repeat","background-position":"center center","background-size":"auto","background-attachment":"scroll","background-type":"","background-media":"","overlay-type":"","overlay-color":"","overlay-opacity":"","overlay-gradient":""},"mobile":{"background-color":"","background-image":"","background-repeat":"repeat","background-position":"center center","background-size":"auto","background-attachment":"scroll","background-type":"","background-media":"","overlay-type":"","overlay-color":"","overlay-opacity":"","overlay-gradient":""}},"ast-content-background-meta":{"desktop":{"background-color":"var(--ast-global-color-5)","background-image":"","background-repeat":"repeat","background-position":"center center","background-size":"auto","background-attachment":"scroll","background-type":"","background-media":"","overlay-type":"","overlay-color":"","overlay-opacity":"","overlay-gradient":""},"tablet":{"background-color":"var(--ast-global-color-5)","background-image":"","background-repeat":"repeat","background-position":"center center","background-size":"auto","background-attachment":"scroll","background-type":"","background-media":"","overlay-type":"","overlay-color":"","overlay-opacity":"","overlay-gradient":""},"mobile":{"background-color":"var(--ast-global-color-5)","background-image":"","background-repeat":"repeat","background-position":"center center","background-size":"auto","background-attachment":"scroll","background-type":"","background-media":"","overlay-type":"","overlay-color":"","overlay-opacity":"","overlay-gradient":""}}},"product_brand":[],"product_cat":[648,577,625],"product_tag":[],"class_list":{"0":"post-338519","1":"product","2":"type-product","3":"status-publish","4":"has-post-thumbnail","6":"product_cat-gammel-rye-teltplads-en","7":"product_cat-5-day-trip","8":"product_cat-optional-final-destination","9":"desktop-align-left","10":"tablet-align-left","11":"mobile-align-left","12":"ast-product-gallery-layout-horizontal-slider","13":"ast-product-gallery-with-no-image","15":"first","16":"instock","17":"sold-individually","18":"taxable","19":"shipping-taxable","20":"purchasable","21":"product-type-booking"},"exclude_global_add_ons":false,"addons":[],"acf":[],"yoast_head":"<!-- This site is optimized with the Yoast SEO plugin v27.2 - https:\/\/yoast.com\/product\/yoast-seo-wordpress\/ -->\n<title>Gammel Rye to Optional final destination - T\u00f8rring Kanoudlejning<\/title>\n<meta name=\"robots\" content=\"noindex, follow\" \/>\n<meta property=\"og:locale\" content=\"en_US\" \/>\n<meta property=\"og:type\" content=\"article\" \/>\n<meta property=\"og:title\" content=\"Gammel Rye to Optional final destination - T\u00f8rring Kanoudlejning\" \/>\n<meta property=\"og:description\" content=\"Starting point: Gammel Rye Teltplads, Gl. Ryevej 40, 8680 Ry End location: Optional final destination The canoe\/kayak is ready from the starting point at 9:00, and with the option of an optional final destination, you decide where you want to end the trip. You book the number of days you want to sail and inform&hellip; L\u00e6s mere Gammel Rye to Optional final destination\" \/>\n<meta property=\"og:url\" content=\"https:\/\/kano-udlejning.dk\/en\/booking\/gammel-rye-to-optional-final-destination-6\/\" \/>\n<meta property=\"og:site_name\" content=\"T\u00f8rring Kanoudlejning\" \/>\n<meta property=\"article:modified_time\" content=\"2025-11-05T12:50:01+00:00\" \/>\n<meta property=\"og:image\" content=\"https:\/\/kano-udlejning.dk\/wp-content\/uploads\/2025\/02\/kanoudlejning.jpg\" \/>\n\t<meta property=\"og:image:width\" content=\"653\" \/>\n\t<meta property=\"og:image:height\" content=\"653\" \/>\n\t<meta property=\"og:image:type\" content=\"image\/jpeg\" \/>\n<meta name=\"twitter:card\" content=\"summary_large_image\" \/>\n<script type=\"application\/ld+json\" class=\"yoast-schema-graph\">{\"@context\":\"https:\/\/schema.org\",\"@graph\":[{\"@type\":\"WebPage\",\"@id\":\"https:\/\/kano-udlejning.dk\/en\/booking\/gammel-rye-to-optional-final-destination-6\/\",\"url\":\"https:\/\/kano-udlejning.dk\/en\/booking\/gammel-rye-to-optional-final-destination-6\/\",\"name\":\"Gammel Rye to Optional final destination - T\u00f8rring Kanoudlejning\",\"isPartOf\":{\"@id\":\"https:\/\/kano-udlejning.dk\/en\/#website\"},\"primaryImageOfPage\":{\"@id\":\"https:\/\/kano-udlejning.dk\/en\/booking\/gammel-rye-to-optional-final-destination-6\/#primaryimage\"},\"image\":{\"@id\":\"https:\/\/kano-udlejning.dk\/en\/booking\/gammel-rye-to-optional-final-destination-6\/#primaryimage\"},\"thumbnailUrl\":\"https:\/\/kano-udlejning.dk\/wp-content\/uploads\/2025\/02\/kanoudlejning.jpg\",\"datePublished\":\"2019-10-31T11:37:04+00:00\",\"dateModified\":\"2025-11-05T12:50:01+00:00\",\"breadcrumb\":{\"@id\":\"https:\/\/kano-udlejning.dk\/en\/booking\/gammel-rye-to-optional-final-destination-6\/#breadcrumb\"},\"inLanguage\":\"en-US\",\"potentialAction\":[{\"@type\":\"ReadAction\",\"target\":[\"https:\/\/kano-udlejning.dk\/en\/booking\/gammel-rye-to-optional-final-destination-6\/\"]}]},{\"@type\":\"ImageObject\",\"inLanguage\":\"en-US\",\"@id\":\"https:\/\/kano-udlejning.dk\/en\/booking\/gammel-rye-to-optional-final-destination-6\/#primaryimage\",\"url\":\"https:\/\/kano-udlejning.dk\/wp-content\/uploads\/2025\/02\/kanoudlejning.jpg\",\"contentUrl\":\"https:\/\/kano-udlejning.dk\/wp-content\/uploads\/2025\/02\/kanoudlejning.jpg\",\"width\":653,\"height\":653},{\"@type\":\"BreadcrumbList\",\"@id\":\"https:\/\/kano-udlejning.dk\/en\/booking\/gammel-rye-to-optional-final-destination-6\/#breadcrumb\",\"itemListElement\":[{\"@type\":\"ListItem\",\"position\":1,\"name\":\"Home\",\"item\":\"https:\/\/kano-udlejning.dk\/en\/\"},{\"@type\":\"ListItem\",\"position\":2,\"name\":\"Products\",\"item\":\"https:\/\/kano-udlejning.dk\/en\/shop\/\"},{\"@type\":\"ListItem\",\"position\":3,\"name\":\"Gammel Rye to Optional final destination\"}]},{\"@type\":\"WebSite\",\"@id\":\"https:\/\/kano-udlejning.dk\/en\/#website\",\"url\":\"https:\/\/kano-udlejning.dk\/en\/\",\"name\":\"T\u00f8rring Kanoudlejning\",\"description\":\"St\u00f8rste Kano- &amp; Kajakudlejer p\u00e5 Guden\u00e5en\",\"publisher\":{\"@id\":\"https:\/\/kano-udlejning.dk\/en\/#organization\"},\"potentialAction\":[{\"@type\":\"SearchAction\",\"target\":{\"@type\":\"EntryPoint\",\"urlTemplate\":\"https:\/\/kano-udlejning.dk\/en\/?s={search_term_string}\"},\"query-input\":{\"@type\":\"PropertyValueSpecification\",\"valueRequired\":true,\"valueName\":\"search_term_string\"}}],\"inLanguage\":\"en-US\"},{\"@type\":\"Organization\",\"@id\":\"https:\/\/kano-udlejning.dk\/en\/#organization\",\"name\":\"T\u00f8rring Kanoudlejning\",\"url\":\"https:\/\/kano-udlejning.dk\/en\/\",\"logo\":{\"@type\":\"ImageObject\",\"inLanguage\":\"en-US\",\"@id\":\"https:\/\/kano-udlejning.dk\/en\/#\/schema\/logo\/image\/\",\"url\":\"https:\/\/kano-udlejning.dk\/wp-content\/uploads\/2024\/09\/favicon.png\",\"contentUrl\":\"https:\/\/kano-udlejning.dk\/wp-content\/uploads\/2024\/09\/favicon.png\",\"width\":32,\"height\":32,\"caption\":\"T\u00f8rring Kanoudlejning\"},\"image\":{\"@id\":\"https:\/\/kano-udlejning.dk\/en\/#\/schema\/logo\/image\/\"}}]}<\/script>\n<!-- \/ Yoast SEO plugin. -->","yoast_head_json":{"title":"Gammel Rye to Optional final destination - T\u00f8rring Kanoudlejning","robots":{"index":"noindex","follow":"follow"},"og_locale":"en_US","og_type":"article","og_title":"Gammel Rye to Optional final destination - T\u00f8rring Kanoudlejning","og_description":"Starting point: Gammel Rye Teltplads, Gl. Ryevej 40, 8680 Ry End location: Optional final destination The canoe\/kayak is ready from the starting point at 9:00, and with the option of an optional final destination, you decide where you want to end the trip. You book the number of days you want to sail and inform&hellip; L\u00e6s mere Gammel Rye to Optional final destination","og_url":"https:\/\/kano-udlejning.dk\/en\/booking\/gammel-rye-to-optional-final-destination-6\/","og_site_name":"T\u00f8rring Kanoudlejning","article_modified_time":"2025-11-05T12:50:01+00:00","og_image":[{"width":653,"height":653,"url":"https:\/\/kano-udlejning.dk\/wp-content\/uploads\/2025\/02\/kanoudlejning.jpg","type":"image\/jpeg"}],"twitter_card":"summary_large_image","schema":{"@context":"https:\/\/schema.org","@graph":[{"@type":"WebPage","@id":"https:\/\/kano-udlejning.dk\/en\/booking\/gammel-rye-to-optional-final-destination-6\/","url":"https:\/\/kano-udlejning.dk\/en\/booking\/gammel-rye-to-optional-final-destination-6\/","name":"Gammel Rye to Optional final destination - T\u00f8rring Kanoudlejning","isPartOf":{"@id":"https:\/\/kano-udlejning.dk\/en\/#website"},"primaryImageOfPage":{"@id":"https:\/\/kano-udlejning.dk\/en\/booking\/gammel-rye-to-optional-final-destination-6\/#primaryimage"},"image":{"@id":"https:\/\/kano-udlejning.dk\/en\/booking\/gammel-rye-to-optional-final-destination-6\/#primaryimage"},"thumbnailUrl":"https:\/\/kano-udlejning.dk\/wp-content\/uploads\/2025\/02\/kanoudlejning.jpg","datePublished":"2019-10-31T11:37:04+00:00","dateModified":"2025-11-05T12:50:01+00:00","breadcrumb":{"@id":"https:\/\/kano-udlejning.dk\/en\/booking\/gammel-rye-to-optional-final-destination-6\/#breadcrumb"},"inLanguage":"en-US","potentialAction":[{"@type":"ReadAction","target":["https:\/\/kano-udlejning.dk\/en\/booking\/gammel-rye-to-optional-final-destination-6\/"]}]},{"@type":"ImageObject","inLanguage":"en-US","@id":"https:\/\/kano-udlejning.dk\/en\/booking\/gammel-rye-to-optional-final-destination-6\/#primaryimage","url":"https:\/\/kano-udlejning.dk\/wp-content\/uploads\/2025\/02\/kanoudlejning.jpg","contentUrl":"https:\/\/kano-udlejning.dk\/wp-content\/uploads\/2025\/02\/kanoudlejning.jpg","width":653,"height":653},{"@type":"BreadcrumbList","@id":"https:\/\/kano-udlejning.dk\/en\/booking\/gammel-rye-to-optional-final-destination-6\/#breadcrumb","itemListElement":[{"@type":"ListItem","position":1,"name":"Home","item":"https:\/\/kano-udlejning.dk\/en\/"},{"@type":"ListItem","position":2,"name":"Products","item":"https:\/\/kano-udlejning.dk\/en\/shop\/"},{"@type":"ListItem","position":3,"name":"Gammel Rye to Optional final destination"}]},{"@type":"WebSite","@id":"https:\/\/kano-udlejning.dk\/en\/#website","url":"https:\/\/kano-udlejning.dk\/en\/","name":"T\u00f8rring Kanoudlejning","description":"St\u00f8rste Kano- &amp; Kajakudlejer p\u00e5 Guden\u00e5en","publisher":{"@id":"https:\/\/kano-udlejning.dk\/en\/#organization"},"potentialAction":[{"@type":"SearchAction","target":{"@type":"EntryPoint","urlTemplate":"https:\/\/kano-udlejning.dk\/en\/?s={search_term_string}"},"query-input":{"@type":"PropertyValueSpecification","valueRequired":true,"valueName":"search_term_string"}}],"inLanguage":"en-US"},{"@type":"Organization","@id":"https:\/\/kano-udlejning.dk\/en\/#organization","name":"T\u00f8rring Kanoudlejning","url":"https:\/\/kano-udlejning.dk\/en\/","logo":{"@type":"ImageObject","inLanguage":"en-US","@id":"https:\/\/kano-udlejning.dk\/en\/#\/schema\/logo\/image\/","url":"https:\/\/kano-udlejning.dk\/wp-content\/uploads\/2024\/09\/favicon.png","contentUrl":"https:\/\/kano-udlejning.dk\/wp-content\/uploads\/2024\/09\/favicon.png","width":32,"height":32,"caption":"T\u00f8rring Kanoudlejning"},"image":{"@id":"https:\/\/kano-udlejning.dk\/en\/#\/schema\/logo\/image\/"}}]}},"_links":{"self":[{"href":"https:\/\/kano-udlejning.dk\/en\/wp-json\/wp\/v2\/product\/338519","targetHints":{"allow":["GET"]}}],"collection":[{"href":"https:\/\/kano-udlejning.dk\/en\/wp-json\/wp\/v2\/product"}],"about":[{"href":"https:\/\/kano-udlejning.dk\/en\/wp-json\/wp\/v2\/types\/product"}],"wp:featuredmedia":[{"embeddable":true,"href":"https:\/\/kano-udlejning.dk\/en\/wp-json\/wp\/v2\/media\/332059"}],"wp:attachment":[{"href":"https:\/\/kano-udlejning.dk\/en\/wp-json\/wp\/v2\/media?parent=338519"}],"wp:term":[{"taxonomy":"product_brand","embeddable":true,"href":"https:\/\/kano-udlejning.dk\/en\/wp-json\/wp\/v2\/product_brand?post=338519"},{"taxonomy":"product_cat","embeddable":true,"href":"https:\/\/kano-udlejning.dk\/en\/wp-json\/wp\/v2\/product_cat?post=338519"},{"taxonomy":"product_tag","embeddable":true,"href":"https:\/\/kano-udlejning.dk\/en\/wp-json\/wp\/v2\/product_tag?post=338519"}],"curies":[{"name":"wp","href":"https:\/\/api.w.org\/{rel}","templated":true}]}}