{"id":335172,"date":"2019-06-18T12:40:21","date_gmt":"2019-06-18T10:40:21","guid":{"rendered":"https:\/\/kano-udlejning.dk\/accommodation\/"},"modified":"2025-03-27T12:38:32","modified_gmt":"2025-03-27T11:38:32","slug":"accommodation","status":"publish","type":"page","link":"https:\/\/kano-udlejning.dk\/en\/pricing\/accommodation\/","title":{"rendered":"Accommodation"},"content":{"rendered":"\n\n\t<p>When you pick up your canoe or kayak at the starting point, there will always be a map ready for you. On the map, you&#8217;ll find icons indicating the different types of accommodation. To read about the facilities at the different accommodations, you can click <a href=\"https:\/\/kano-udlejning.dk\/en\/plan-your-canoe-trip\/places-to-stay\/\"><strong>HERE<\/strong><\/a>.  <\/p>\n<h3><strong>Tent site:<\/strong><\/h3>\n<p>Modest pitch with cold water and toilet. Some sites have better toilet and shower facilities. Common to the tent pitches is that they are intended for primitive accommodation in tents or similar. The pitches may also be used as a rest area. Tent pitches are usually without regular supervision. Most pitches require an overnight fee to be paid. See the list below for the prices of the individual pitches. Reservations are generally not possible, with the exception of Kongensbro Teltplads, where there are three shelters that can be reserved in advance for DKK 100 per shelter.       <\/p>\n<p>The campsite&#8217;s rules of conduct regarding campfire lighting and night rest must be observed. All campsites are located directly by the Guden\u00e5en or Silkeborg Lakes. <\/p>\n\t\t\t\t<img loading=\"lazy\" decoding=\"async\" src=\"https:\/\/kano-udlejning.dk\/wp-content\/uploads\/2019\/12\/menu-priser-overnatning-teltplads-2-1024x570.jpg\" alt=\"menu-priser-overnatning-teltplads-2\" itemprop=\"image\" height=\"570\" width=\"1024\" title=\"menu-priser-overnatning-teltplads-2\" onerror=\"this.style.display='none'\"  \/>\n\t\t\t\t<img loading=\"lazy\" decoding=\"async\" src=\"https:\/\/kano-udlejning.dk\/wp-content\/uploads\/2025\/03\/menu-priser-overnatning-teltplads-3-600x400.jpg\" alt=\"menu-priser-overnatning-teltplads-3\" itemprop=\"image\" height=\"400\" width=\"600\" title=\"menu-priser-overnatning-teltplads-3\" onerror=\"this.style.display='none'\"  \/>\n\t<h3><strong>Campsite:<\/strong><\/h3>\n<p>Well-equipped pitches with sanitary amenities &#8211; many with good toilet and shower facilities. There are kitchens, laundry facilities with washing machines and dryers, TV lounge, playground, often a swimming pool and many other facilities to make your stay more comfortable. Most campsites have shopping facilities with varying opening hours and selection.  <\/p>\n<p>Campsites are always supervised and there must be a night rest after 22:00. Other applicable rules at the campsites are stated in the camping regulations and are enforced by the campsite management. <\/p>\n<p>An overnight fee is charged at all campsites, and the list below shows the prices for each campsite.<\/p>\n\t\t\t\t<img loading=\"lazy\" decoding=\"async\" src=\"https:\/\/kano-udlejning.dk\/wp-content\/uploads\/2025\/03\/menu-priser-overnatning-campingplads-2-600x362.jpg\" alt=\"menu-priser-overnatning-campingplads-2\" itemprop=\"image\" height=\"362\" width=\"600\" title=\"menu-priser-overnatning-campingplads-2\" onerror=\"this.style.display='none'\"  \/>\n\t\t\t\t<img loading=\"lazy\" decoding=\"async\" src=\"https:\/\/kano-udlejning.dk\/wp-content\/uploads\/2019\/12\/menu-priser-overnatning-campingplads-1-600x398.jpg\" alt=\"menu-priser-overnatning-campingplads-1\" itemprop=\"image\" height=\"398\" width=\"600\" title=\"menu-priser-overnatning-campingplads-1\" onerror=\"this.style.display='none'\"  \/>\n\t<p>&nbsp;<\/p>\n<h3><strong>Below you will find a complete list of all accommodations along the entire Guden\u00e5en:<\/strong><\/h3>\n<table>\n<thead>\n<tr>\n<td><strong>ACCOMMODATIONS<br \/>\nIncl. price overview<br \/>\n<\/strong><\/td>\n<td><strong>PR. TELEPHONE <\/strong><\/td>\n<td><strong>PR. ADULT <\/strong><\/td>\n<td><strong>PR. CHILD <\/strong><\/td>\n<\/tr>\n<\/thead>\n<tbody>\n<tr>\n<td><strong>T\u00f8rring Camping<br \/>\n<\/strong>Bredgade 67<br \/>\n7160 7160 T\u00f8rring<br \/>\nTel. +45 41 67 58 58 00<\/td>\n<td>65 kr.<\/td>\n<td>100 kr.<\/td>\n<td>70 kr.<\/td>\n<\/tr>\n<tr>\n<td><strong>\u00c5le Teltplads<br \/>\n<\/strong>Guden\u00e5vej 28<br \/>\n7160 T\u00f8rring<\/td>\n\n<td>50 kr.<\/td>\n<td>50 kr.<\/td>\n<\/tr>\n<tr>\n<td><strong>\u00c5stedbro Teltplads<br \/>\n<\/strong>Nr. Snedevej 140<br \/>\n8763 Rask M\u00f8lle<br \/>\nTel. +45 75 67 65 18 18<\/td>\n\n<td>50 kr.<\/td>\n<td>50 kr.<\/td>\n<\/tr>\n<tr>\n<td><strong>Guden\u00e5 Camping<br \/>\n<\/strong>Bolundvej 4<br \/>\n8740 Br\u00e6dstrup<br \/>\nTel. +45 75 76 76 30 70<\/td>\n<td>55 kr.<\/td>\n<td>96 kr.<\/td>\n<td>56 kr.<\/td>\n<\/tr>\n<tr>\n<td><strong>Vestbirk Camping<br \/>\n<\/strong>M\u00f8lleh\u00f8jvej 4<br \/>\n8752 \u00d8stbirk<br \/>\nTel. +45 75 78 78 12 92<\/td>\n\n<td>98 kr.<\/td>\n<td>70 kr.<\/td>\n<\/tr>\n<tr>\n<td><strong>Voervadsbro Teltplads<br \/>\n<\/strong>\u00c5dalen 5<br \/>\n8660 Skanderborg<br \/>\nTel. +45 51 20 73 11<\/td>\n\n<td>50 kr.<\/td>\n<td>50 kr.<\/td>\n<\/tr>\n<tr>\n<td><strong>Klosterm\u00f8lle Tent site<br \/>\n<\/strong>Klosterm\u00f8llevej 48<br \/>\n8660 Skanderborg<br \/>\nTel. +45 20 20 20 87 04<\/td>\n\n<td>Free of charge<\/td>\n<td>Free of charge<\/td>\n<\/tr>\n<tr>\n<td><strong>Gammel Rye Teltplads<br \/>\n<\/strong>Gammel Ryevej 40<br \/>\n8680 Ry<br \/>\nTel. +45 86 89 80 26<\/td>\n\n<td>55 kr.<\/td>\n<td>55 kr.<\/td>\n<\/tr>\n<tr>\n<td><strong>Holmens Camping<br \/>\n<\/strong>Klostervej 148<br \/>\n8680 Ry<br \/>\nTel. +45 86 89 17 62<\/td>\n<td>55 kr.<\/td>\n<td>110 kr.<\/td>\n<td>68 kr.<\/td>\n<\/tr>\n<tr>\n<td><strong>Ry \/ Skimmingh\u00f8j Teltplads<br \/>\n<\/strong>Siimtoften 17<br \/>\n8680 Ry<\/td>\n\n<td>75 kr.<\/td>\n<td>75 kr.<\/td>\n<\/tr>\n<tr>\n<td><strong>Birkhede Camping<br \/>\n<\/strong>Lyngvej 14<br \/>\n8680 Ry<br \/>\nTel. +45 86 89 13 55<\/td>\n<td>60 kr.<\/td>\n<td>103 kr.<\/td>\n<td>71 kr.<\/td>\n<\/tr>\n<tr>\n<td><strong>Alling Vest Teltplads<br \/>\n<\/strong>Birkhedevej 29<br \/>\n8680 Ry<br \/>\nTel. +45 20 20 20 87 04<\/td>\n\n<td>Free of charge<\/td>\n<td>Free of charge<\/td>\n<\/tr>\n<tr>\n<td><strong>Skyttehusets Outdoor Camp<br \/>\n<\/strong>Svejb\u00e6kvej 3<br \/>\n8600 Silkeborg<br \/>\nTel. +45 86 84 51 11 11<\/td>\n<td>80 kr.<\/td>\n<td>118 kr.<\/td>\n<td>74 kr.<\/td>\n<\/tr>\n<tr>\n<td><strong>\u00d8stre G\u00e5sek\u00e6r Campsite<br \/>\n<\/strong>(Located on a headland in Borres\u00f8)<\/td>\n<td colspan=\"3\">Booked via the <a href=\"https:\/\/booking.naturstyrelsen.dk\/Home\/Kort\/?dialog=1&amp;udinaturenID=1425\">Danish Nature Agency&#8217;s website<\/a><\/td>\n<\/tr>\n<tr>\n<td><strong>Vestre G\u00e5sek\u00e6r Campsite<br \/>\n<\/strong>(Located on a headland in Borres\u00f8)<\/td>\n<td colspan=\"3\">Booked via the <a href=\"https:\/\/booking.naturstyrelsen.dk\/Home\/Kort\/?dialog=1&amp;udinaturenID=1681\">Danish Nature Agency&#8217;s website<\/a><\/td>\n<\/tr>\n<tr>\n<td><strong>De Sm\u00e5 Fisk Teltplads<br \/>\n<\/strong>Sejsvej 40<br \/>\n8600 Silkeborg<\/td>\n\n<td>Free of charge<\/td>\n<td>Free of charge<\/td>\n<\/tr>\n<tr>\n<td><strong>Ly Outdoor Camp \/ Indelukket<br \/>\n<\/strong>Vejls\u00f8vej 7<br \/>\n8600 Silkeborg<br \/>\nTel. +45 86 82 22 01<\/td>\n<td>100 kr.<\/td>\n<td>100 kr.<\/td>\n<td>70 kr.<\/td>\n<\/tr>\n<tr>\n<td><strong>Danhostel Silkeborg<br \/>\n<\/strong>\u00c5havevej 55<br \/>\n8600 Silkeborg<br \/>\nTlf. +45 86 82 36 42<\/td>\n\n<td colspan=\"2\"><a href=\"https:\/\/www.danhostel-silkeborg.dk\/\">See prices on their website<\/a><\/td>\n<\/tr>\n<tr>\n<td><strong>Radisson Blu Hotel<br \/>\n<\/strong>Papirfabrikken 12<br \/>\n8600 Silkeborg<br \/>\nTel. +45 88 82 22 22 22<\/td>\n\n<td colspan=\"2\"><a href=\"https:\/\/www.radissonhotels.com\/da-dk\/hoteller\/radisson-blu-silkeborg-papirfabrikken\" target=\"_blank\" rel=\"noopener\">See prices on their website<\/a><\/td>\n<\/tr>\n<tr>\n<td><strong>Hotel Dania<br \/>\n<\/strong>Torvet 5<br \/>\n8600 Silkeborg<br \/>\nTel. +45 86 82 01 11<\/td>\n\n<td colspan=\"2\"><a href=\"https:\/\/hoteldania.dk\/\" target=\"_blank\" rel=\"noopener\">See prices on their website<\/a><\/td>\n<\/tr>\n<tr>\n<td><strong>Silkeborg S\u00f8 Camping<br \/>\n<\/strong>\u00c5rhusvej 51<br \/>\n8600 Silkeborg<br \/>\nTel. +45 86 82 28 24<\/td>\n<td>115 kr.<\/td>\n<td>105 kr.<\/td>\n<td>72 kr.<\/td>\n<\/tr>\n<tr>\n<td><strong>Sminge S\u00f8 Teltplads<br \/>\n<\/strong>(No possibility of access)<\/td>\n\n<td>Free of charge<\/td>\n<td>Free of charge<\/td>\n<\/tr>\n<tr>\n<td><strong>Svostrup Kro<br \/>\n<\/strong>Svostrupvej 58<br \/>\n8600 Silkeborg<br \/>\nTel. +45 86 87 70 70 04<\/td>\n\n<td colspan=\"2\"><a href=\"https:\/\/www.svostrup-kro.dk\/\" target=\"_blank\" rel=\"noopener\">See prices on their website<\/a><\/td>\n<\/tr>\n<tr>\n<td><strong>S\u00f8h\u00f8jlandets Camping<br \/>\n<\/strong>S\u00f8rkelvej 12<br \/>\n8882 F\u00e5rvang<br \/>\nTel. +45 88 44 60 90 90<\/td>\n<td>110 kr.<\/td>\n<td>90 kr.<\/td>\n<td>50 kr.<\/td>\n<\/tr>\n<tr>\n<td><strong>Kongensbro Teltplads<br \/>\n<\/strong>Truust Gade 93<br \/>\n8882 F\u00e5rvang<br \/>\nTel. +45 86 80 30 30 03<\/td>\n\n<td>60 kr.<\/td>\n<td>30 kr.<\/td>\n<\/tr>\n<tr>\n<td><strong>Kongensbro Kro<br \/>\n<\/strong>Gammel Kongevej 70<br \/>\n8643 Ans<br \/>\nTel. +45 86 87 01 77<\/td>\n\n<td colspan=\"2\"><a href=\"https:\/\/www.kongensbro-kro.dk\/\">See prices on their website<\/a><\/td>\n<\/tr>\n<tr>\n<td><strong>Ans S\u00f8 Teltplads<br \/>\n<\/strong>S\u00f8gade 29<br \/>\n8643 Ans<\/td>\n\n<td>Free of charge<\/td>\n<td>Free of charge<\/td>\n<\/tr>\n<tr>\n<td><strong>Bjerringbro Teltplads<br \/>\n<\/strong>Guden\u00e5vej 5<br \/>\n8850 Bjerringbro, Denmark<\/td>\n<td>Discontinued<\/td>\n<td>Discontinued<\/td>\n<td>Discontinued<\/td>\n<\/tr>\n<tr>\n<td><strong>Kj\u00e6llingh\u00f8l Teltplads<br \/>\n<\/strong>(No possibility of access)<\/td>\n\n<td>Free of charge<\/td>\n<td>Free of charge<\/td>\n<\/tr>\n<tr>\n<td><strong>Bamsebo Camping<br \/>\n<\/strong>Hagenstrupvej 28<br \/>\n8860 Ulstrup<br \/>\nTel. +45 86 46 34 27<\/td>\n<td>65 kr.<\/td>\n<td>100 kr.<\/td>\n<td>65 kr.<\/td>\n<\/tr>\n<tr>\n<td><strong>Lang\u00e5 Camping<br \/>\n<\/strong>Skovall\u00e9 16<br \/>\n8870 Lang\u00e5<br \/>\nTel. +45 86 46 13 02<\/td>\n<td>55 kr.<\/td>\n<td>100 kr.<\/td>\n<td>50 kr.<\/td>\n<\/tr>\n<tr>\n<td><strong>Johannesberg Lejr- og Shelterplads<br \/>\n<\/strong>(no access)<\/td>\n\n<td>50 kr.<\/td>\n<td>Free of charge<\/td>\n<\/tr>\n<tr>\n<td><strong>Randers City Camp<br \/>\n<\/strong>Hedevej 9, Fladbro<br \/>\n8900 Randers<br \/>\nTel. +45 29 47 36 55<\/td>\n<td>60 kr.<\/td>\n<td>95 kr.<\/td>\n<td>65 kr.<\/td>\n<\/tr>\n<\/tbody>\n<\/table>\n<p>&nbsp;<\/p>\n\n","protected":false},"excerpt":{"rendered":"<p>When you pick up your canoe or kayak at the starting point, there will always be a map ready for you. On the map, you&#8217;ll find icons indicating the different types of accommodation. To read about the facilities at the different accommodations, you can click HERE. Tent site: Modest pitch with cold water and toilet.&hellip; <a class=\"continue\" href=\"https:\/\/kano-udlejning.dk\/en\/pricing\/accommodation\/\">L\u00e6s mere<span> Accommodation<\/span><\/a><\/p>\n","protected":false},"author":1,"featured_media":0,"parent":335184,"menu_order":0,"comment_status":"closed","ping_status":"closed","template":"","meta":{"_acf_changed":false,"site-sidebar-layout":"default","site-content-layout":"default","ast-site-content-layout":"full-width-container","site-content-style":"unboxed","site-sidebar-style":"default","ast-global-header-display":"","ast-banner-title-visibility":"","ast-main-header-display":"","ast-hfb-above-header-display":"","ast-hfb-below-header-display":"","ast-hfb-mobile-header-display":"","site-post-title":"disabled","ast-breadcrumbs-content":"","ast-featured-img":"","footer-sml-layout":"","ast-disable-related-posts":"","theme-transparent-header-meta":"default","adv-header-id-meta":"","stick-header-meta":"","header-above-stick-meta":"","header-main-stick-meta":"","header-below-stick-meta":"","astra-migrate-meta-layouts":"default","ast-page-background-enabled":"default","ast-page-background-meta":{"desktop":{"background-color":"","background-image":"","background-repeat":"repeat","background-position":"center center","background-size":"auto","background-attachment":"scroll","background-type":"","background-media":"","overlay-type":"","overlay-color":"","overlay-opacity":"","overlay-gradient":""},"tablet":{"background-color":"","background-image":"","background-repeat":"repeat","background-position":"center center","background-size":"auto","background-attachment":"scroll","background-type":"","background-media":"","overlay-type":"","overlay-color":"","overlay-opacity":"","overlay-gradient":""},"mobile":{"background-color":"","background-image":"","background-repeat":"repeat","background-position":"center center","background-size":"auto","background-attachment":"scroll","background-type":"","background-media":"","overlay-type":"","overlay-color":"","overlay-opacity":"","overlay-gradient":""}},"ast-content-background-meta":{"desktop":{"background-color":"var(--ast-global-color-5)","background-image":"","background-repeat":"repeat","background-position":"center center","background-size":"auto","background-attachment":"scroll","background-type":"","background-media":"","overlay-type":"","overlay-color":"","overlay-opacity":"","overlay-gradient":""},"tablet":{"background-color":"var(--ast-global-color-5)","background-image":"","background-repeat":"repeat","background-position":"center center","background-size":"auto","background-attachment":"scroll","background-type":"","background-media":"","overlay-type":"","overlay-color":"","overlay-opacity":"","overlay-gradient":""},"mobile":{"background-color":"var(--ast-global-color-5)","background-image":"","background-repeat":"repeat","background-position":"center center","background-size":"auto","background-attachment":"scroll","background-type":"","background-media":"","overlay-type":"","overlay-color":"","overlay-opacity":"","overlay-gradient":""}},"footnotes":""},"class_list":["post-335172","page","type-page","status-publish","hentry"],"acf":[],"yoast_head":"<!-- This site is optimized with the Yoast SEO plugin v27.2 - https:\/\/yoast.com\/product\/yoast-seo-wordpress\/ -->\n<title>Accommodation along Guden\u00e5en. See prices here<\/title>\n<meta name=\"description\" content=\"Find prices for accommodation along Guden\u00e5en. See where you can stay in tents and campsites\" \/>\n<meta name=\"robots\" content=\"index, follow, max-snippet:-1, max-image-preview:large, max-video-preview:-1\" \/>\n<link rel=\"canonical\" href=\"https:\/\/kano-udlejning.dk\/en\/pricing\/accommodation\/\" \/>\n<meta property=\"og:locale\" content=\"en_US\" \/>\n<meta property=\"og:type\" content=\"article\" \/>\n<meta property=\"og:title\" content=\"Accommodation along Guden\u00e5en. See prices here\" \/>\n<meta property=\"og:description\" content=\"Find prices for accommodation along Guden\u00e5en. See where you can stay in tents and campsites\" \/>\n<meta property=\"og:url\" content=\"https:\/\/kano-udlejning.dk\/en\/pricing\/accommodation\/\" \/>\n<meta property=\"og:site_name\" content=\"T\u00f8rring Kanoudlejning\" \/>\n<meta property=\"article:modified_time\" content=\"2025-03-27T11:38:32+00:00\" \/>\n<meta property=\"og:image\" content=\"https:\/\/kano-udlejning.dk\/wp-content\/uploads\/2019\/12\/menu-priser-overnatning-teltplads-2-1024x570.jpg\" \/>\n<meta name=\"twitter:card\" content=\"summary_large_image\" \/>\n<meta name=\"twitter:label1\" content=\"Est. reading time\" \/>\n\t<meta name=\"twitter:data1\" content=\"3 minutes\" \/>\n<script type=\"application\/ld+json\" class=\"yoast-schema-graph\">{\"@context\":\"https:\/\/schema.org\",\"@graph\":[{\"@type\":\"WebPage\",\"@id\":\"https:\/\/kano-udlejning.dk\/en\/pricing\/accommodation\/\",\"url\":\"https:\/\/kano-udlejning.dk\/en\/pricing\/accommodation\/\",\"name\":\"Accommodation along Guden\u00e5en. See prices here\",\"isPartOf\":{\"@id\":\"https:\/\/kano-udlejning.dk\/en\/#website\"},\"primaryImageOfPage\":{\"@id\":\"https:\/\/kano-udlejning.dk\/en\/pricing\/accommodation\/#primaryimage\"},\"image\":{\"@id\":\"https:\/\/kano-udlejning.dk\/en\/pricing\/accommodation\/#primaryimage\"},\"thumbnailUrl\":\"https:\/\/kano-udlejning.dk\/wp-content\/uploads\/2019\/12\/menu-priser-overnatning-teltplads-2-1024x570.jpg\",\"datePublished\":\"2019-06-18T10:40:21+00:00\",\"dateModified\":\"2025-03-27T11:38:32+00:00\",\"description\":\"Find prices for accommodation along Guden\u00e5en. See where you can stay in tents and campsites\",\"breadcrumb\":{\"@id\":\"https:\/\/kano-udlejning.dk\/en\/pricing\/accommodation\/#breadcrumb\"},\"inLanguage\":\"en-US\",\"potentialAction\":[{\"@type\":\"ReadAction\",\"target\":[\"https:\/\/kano-udlejning.dk\/en\/pricing\/accommodation\/\"]}]},{\"@type\":\"ImageObject\",\"inLanguage\":\"en-US\",\"@id\":\"https:\/\/kano-udlejning.dk\/en\/pricing\/accommodation\/#primaryimage\",\"url\":\"https:\/\/kano-udlejning.dk\/wp-content\/uploads\/2019\/12\/menu-priser-overnatning-teltplads-2-1024x570.jpg\",\"contentUrl\":\"https:\/\/kano-udlejning.dk\/wp-content\/uploads\/2019\/12\/menu-priser-overnatning-teltplads-2-1024x570.jpg\"},{\"@type\":\"BreadcrumbList\",\"@id\":\"https:\/\/kano-udlejning.dk\/en\/pricing\/accommodation\/#breadcrumb\",\"itemListElement\":[{\"@type\":\"ListItem\",\"position\":1,\"name\":\"Home\",\"item\":\"https:\/\/kano-udlejning.dk\/en\/\"},{\"@type\":\"ListItem\",\"position\":2,\"name\":\"Pricing\",\"item\":\"https:\/\/kano-udlejning.dk\/en\/pricing\/\"},{\"@type\":\"ListItem\",\"position\":3,\"name\":\"Accommodation\"}]},{\"@type\":\"WebSite\",\"@id\":\"https:\/\/kano-udlejning.dk\/en\/#website\",\"url\":\"https:\/\/kano-udlejning.dk\/en\/\",\"name\":\"T\u00f8rring Kanoudlejning\",\"description\":\"St\u00f8rste Kano- &amp; Kajakudlejer p\u00e5 Guden\u00e5en\",\"publisher\":{\"@id\":\"https:\/\/kano-udlejning.dk\/en\/#organization\"},\"potentialAction\":[{\"@type\":\"SearchAction\",\"target\":{\"@type\":\"EntryPoint\",\"urlTemplate\":\"https:\/\/kano-udlejning.dk\/en\/?s={search_term_string}\"},\"query-input\":{\"@type\":\"PropertyValueSpecification\",\"valueRequired\":true,\"valueName\":\"search_term_string\"}}],\"inLanguage\":\"en-US\"},{\"@type\":\"Organization\",\"@id\":\"https:\/\/kano-udlejning.dk\/en\/#organization\",\"name\":\"T\u00f8rring Kanoudlejning\",\"url\":\"https:\/\/kano-udlejning.dk\/en\/\",\"logo\":{\"@type\":\"ImageObject\",\"inLanguage\":\"en-US\",\"@id\":\"https:\/\/kano-udlejning.dk\/en\/#\/schema\/logo\/image\/\",\"url\":\"https:\/\/kano-udlejning.dk\/wp-content\/uploads\/2024\/09\/favicon.png\",\"contentUrl\":\"https:\/\/kano-udlejning.dk\/wp-content\/uploads\/2024\/09\/favicon.png\",\"width\":32,\"height\":32,\"caption\":\"T\u00f8rring Kanoudlejning\"},\"image\":{\"@id\":\"https:\/\/kano-udlejning.dk\/en\/#\/schema\/logo\/image\/\"}}]}<\/script>\n<!-- \/ Yoast SEO plugin. -->","yoast_head_json":{"title":"Accommodation along Guden\u00e5en. See prices here","description":"Find prices for accommodation along Guden\u00e5en. See where you can stay in tents and campsites","robots":{"index":"index","follow":"follow","max-snippet":"max-snippet:-1","max-image-preview":"max-image-preview:large","max-video-preview":"max-video-preview:-1"},"canonical":"https:\/\/kano-udlejning.dk\/en\/pricing\/accommodation\/","og_locale":"en_US","og_type":"article","og_title":"Accommodation along Guden\u00e5en. See prices here","og_description":"Find prices for accommodation along Guden\u00e5en. See where you can stay in tents and campsites","og_url":"https:\/\/kano-udlejning.dk\/en\/pricing\/accommodation\/","og_site_name":"T\u00f8rring Kanoudlejning","article_modified_time":"2025-03-27T11:38:32+00:00","og_image":[{"url":"https:\/\/kano-udlejning.dk\/wp-content\/uploads\/2019\/12\/menu-priser-overnatning-teltplads-2-1024x570.jpg","type":"","width":"","height":""}],"twitter_card":"summary_large_image","twitter_misc":{"Est. reading time":"3 minutes"},"schema":{"@context":"https:\/\/schema.org","@graph":[{"@type":"WebPage","@id":"https:\/\/kano-udlejning.dk\/en\/pricing\/accommodation\/","url":"https:\/\/kano-udlejning.dk\/en\/pricing\/accommodation\/","name":"Accommodation along Guden\u00e5en. See prices here","isPartOf":{"@id":"https:\/\/kano-udlejning.dk\/en\/#website"},"primaryImageOfPage":{"@id":"https:\/\/kano-udlejning.dk\/en\/pricing\/accommodation\/#primaryimage"},"image":{"@id":"https:\/\/kano-udlejning.dk\/en\/pricing\/accommodation\/#primaryimage"},"thumbnailUrl":"https:\/\/kano-udlejning.dk\/wp-content\/uploads\/2019\/12\/menu-priser-overnatning-teltplads-2-1024x570.jpg","datePublished":"2019-06-18T10:40:21+00:00","dateModified":"2025-03-27T11:38:32+00:00","description":"Find prices for accommodation along Guden\u00e5en. See where you can stay in tents and campsites","breadcrumb":{"@id":"https:\/\/kano-udlejning.dk\/en\/pricing\/accommodation\/#breadcrumb"},"inLanguage":"en-US","potentialAction":[{"@type":"ReadAction","target":["https:\/\/kano-udlejning.dk\/en\/pricing\/accommodation\/"]}]},{"@type":"ImageObject","inLanguage":"en-US","@id":"https:\/\/kano-udlejning.dk\/en\/pricing\/accommodation\/#primaryimage","url":"https:\/\/kano-udlejning.dk\/wp-content\/uploads\/2019\/12\/menu-priser-overnatning-teltplads-2-1024x570.jpg","contentUrl":"https:\/\/kano-udlejning.dk\/wp-content\/uploads\/2019\/12\/menu-priser-overnatning-teltplads-2-1024x570.jpg"},{"@type":"BreadcrumbList","@id":"https:\/\/kano-udlejning.dk\/en\/pricing\/accommodation\/#breadcrumb","itemListElement":[{"@type":"ListItem","position":1,"name":"Home","item":"https:\/\/kano-udlejning.dk\/en\/"},{"@type":"ListItem","position":2,"name":"Pricing","item":"https:\/\/kano-udlejning.dk\/en\/pricing\/"},{"@type":"ListItem","position":3,"name":"Accommodation"}]},{"@type":"WebSite","@id":"https:\/\/kano-udlejning.dk\/en\/#website","url":"https:\/\/kano-udlejning.dk\/en\/","name":"T\u00f8rring Kanoudlejning","description":"St\u00f8rste Kano- &amp; Kajakudlejer p\u00e5 Guden\u00e5en","publisher":{"@id":"https:\/\/kano-udlejning.dk\/en\/#organization"},"potentialAction":[{"@type":"SearchAction","target":{"@type":"EntryPoint","urlTemplate":"https:\/\/kano-udlejning.dk\/en\/?s={search_term_string}"},"query-input":{"@type":"PropertyValueSpecification","valueRequired":true,"valueName":"search_term_string"}}],"inLanguage":"en-US"},{"@type":"Organization","@id":"https:\/\/kano-udlejning.dk\/en\/#organization","name":"T\u00f8rring Kanoudlejning","url":"https:\/\/kano-udlejning.dk\/en\/","logo":{"@type":"ImageObject","inLanguage":"en-US","@id":"https:\/\/kano-udlejning.dk\/en\/#\/schema\/logo\/image\/","url":"https:\/\/kano-udlejning.dk\/wp-content\/uploads\/2024\/09\/favicon.png","contentUrl":"https:\/\/kano-udlejning.dk\/wp-content\/uploads\/2024\/09\/favicon.png","width":32,"height":32,"caption":"T\u00f8rring Kanoudlejning"},"image":{"@id":"https:\/\/kano-udlejning.dk\/en\/#\/schema\/logo\/image\/"}}]}},"_links":{"self":[{"href":"https:\/\/kano-udlejning.dk\/en\/wp-json\/wp\/v2\/pages\/335172","targetHints":{"allow":["GET"]}}],"collection":[{"href":"https:\/\/kano-udlejning.dk\/en\/wp-json\/wp\/v2\/pages"}],"about":[{"href":"https:\/\/kano-udlejning.dk\/en\/wp-json\/wp\/v2\/types\/page"}],"author":[{"embeddable":true,"href":"https:\/\/kano-udlejning.dk\/en\/wp-json\/wp\/v2\/users\/1"}],"replies":[{"embeddable":true,"href":"https:\/\/kano-udlejning.dk\/en\/wp-json\/wp\/v2\/comments?post=335172"}],"version-history":[{"count":3,"href":"https:\/\/kano-udlejning.dk\/en\/wp-json\/wp\/v2\/pages\/335172\/revisions"}],"predecessor-version":[{"id":349850,"href":"https:\/\/kano-udlejning.dk\/en\/wp-json\/wp\/v2\/pages\/335172\/revisions\/349850"}],"up":[{"embeddable":true,"href":"https:\/\/kano-udlejning.dk\/en\/wp-json\/wp\/v2\/pages\/335184"}],"wp:attachment":[{"href":"https:\/\/kano-udlejning.dk\/en\/wp-json\/wp\/v2\/media?parent=335172"}],"curies":[{"name":"wp","href":"https:\/\/api.w.org\/{rel}","templated":true}]}}