{"id":335070,"date":"2019-06-18T12:51:03","date_gmt":"2019-06-18T10:51:03","guid":{"rendered":"https:\/\/kano-udlejning.dk\/family-packages-2\/"},"modified":"2025-03-21T13:39:47","modified_gmt":"2025-03-21T12:39:47","slug":"family-packages-2","status":"publish","type":"page","link":"https:\/\/kano-udlejning.dk\/en\/package-deals\/family-packages-2\/","title":{"rendered":"Family packages"},"content":{"rendered":"\n\n\t<h2>\n\t\t\t\tCanoe trip with overnight stay in a pitched tent\n\t\t\t<\/h2>\n\t<p>With <strong>the Family Package<\/strong> you get an easy and convenient Canoe or Kayak trip where <strong>the tent is ready with camp beds<\/strong> upon arrival. The family package includes <strong>canoe or kayak rental and accommodation<\/strong> in a pitched tent at one or more selected accommodation sites along Guden\u00e5en. This means you don&#8217;t have to pitch your own tent after a long day on the water and can instead focus on enjoying the trip.  <\/p>\n\t\t\t<h3>Important information:<\/h3>\t\t\t\n\t\t\t\t<ul>\n<li>The tent is a <strong>Family tent<\/strong>, not a luxury glamping tent.<\/li>\n<li>Accommodation is included in the price<\/li>\n<li>Four cots per tent (Length: 190 cm, Width: 64 cm, Height: 42 cm, Max. load: 120 kg per bed).<\/li>\n<li>Up to five people are allowed in the tent &#8211; the fifth person must provide an alternative sleeping place.<\/li>\n<li>Dogs are not allowed in the tents.<\/li>\n<li>The tent you choose during booking has a unique name (e.g. &#8220;Vestbirk Tent 1&#8221;). When you arrive, you must use this particular tent. <\/li>\n<li>At Vestbirk Camping and Holmens Camping: Please check in at the reception upon arrival and present the confirmation you have received by email.<\/li>\n<li>At \u00c5stedbro Teltplads and Gammel Rye Teltplads: There is no reception &#8211; find the tent yourself, which is marked with our logo and tent number, and present your confirmation email if a supervisor is coming.<\/li>\n<li>Family packages can be booked in the period June 16 &#8211; August 10.<\/li>\n<li>Recommended sailing per day is 15-20 km.<\/li>\n<\/ul>\n\t<h2>Bring your own<\/h2>\n<p>You must bring all necessary equipment, including:<\/p>\n<ul>\n<li>The law (mandatory).<\/li>\n<li>Sleeping bag or other sleeping equipment.<\/li>\n<li>Food, drinks and personal necessities.<\/li>\n<li>Sleeping pads are recommended for extra comfort.<\/li>\n<\/ul>\n<hr \/>\n<h2>Overnight stays<\/h2>\n<p>When choosing accommodation for your Canoe trip, it is important that the accommodations match your <strong>chosen sailing route<\/strong>. Please note that on the stretch from <strong>T\u00f8rring to Klosterm\u00f8lle<\/strong> it is <strong>not allowed<\/strong> or possible to sail against the current. Therefore, make sure to plan your route carefully before booking your Family Package.  <\/p>\n<p>You are free to choose between <strong>five beautiful places to stay<\/strong> along Guden\u00e5en<\/p>\n<h3>Primitive campsite:<\/h3>\n<ul>\n<li>\u00c5stedbro Teltplads &#8211; Toilet, water, fire pit, table\/bench set, barbecue.<\/li>\n<li>Gammel Rye Teltplads &#8211; Toilet, shower, fire pit, table\/bench set, electricity, 2.5 km to shop.<\/li>\n<\/ul>\n<h3>Campsites with great facilities:<\/h3>\n<ul>\n<li>Guden\u00e5 Camping &#8211; Toilet, shower, kitchen, fire pit, table\/bench set, electricity, playground, mini golf, kiosk, caf\u00e9.<\/li>\n<li>Vestbirk Camping &#8211; Toilet, shower, kitchen, fire pit, table\/bench set, electricity, playground, pets, kiosk, pool, barbecue.<\/li>\n<li>Holmens Camping &#8211; Toilet, shower, kitchen, fire pit, table\/bench set, electricity, playground, indoor pool, mini golf, fishing lake, kiosk, grill bar.<\/li>\n<\/ul>\n<h2>How to book the Family Package<\/h2>\n\t\t\t\t<img decoding=\"async\" src=\"https:\/\/kano-udlejning.dk\/wp-content\/uploads\/2024\/10\/circle-1-solid.svg\" alt=\"circle-1-solid\" title=\"circle-1-solid\" itemprop=\"image\"\/>\n\t\t\t<h3>Book Canoes or Kayaks<\/h3>\t\t\t\n\t\t\t\t<ul>\n<li>Select number of canoes\/kayaks and number of days.<\/li>\n<li>Select the start and end point of your trip.<\/li>\n<li>Add to cart and click continue to accommodation.<\/li>\n<\/ul>\n\t\t\t\t<img decoding=\"async\" src=\"https:\/\/kano-udlejning.dk\/wp-content\/uploads\/2024\/10\/circle-2-solid.svg\" alt=\"circle-2-solid\" title=\"circle-2-solid\" itemprop=\"image\"\/>\n\t\t\t<h3>Book Family Tent<\/h3>\t\t\t\n\t\t\t\t<ul>\n<li>\n<p>Select an accommodation and check available tents and dates<\/p>\n<\/li>\n<li>\n<p>Book Family tent and number of people<\/p>\n<\/li>\n<li>\n<p>Add to cart and select &#8220;Book more tents&#8221; if you need to add more nights<\/p>\n<\/li>\n<\/ul>\n\t\t\t\t<img decoding=\"async\" src=\"https:\/\/kano-udlejning.dk\/wp-content\/uploads\/2024\/10\/circle-3-solid.svg\" alt=\"circle-3-solid\" title=\"circle-3-solid\" itemprop=\"image\"\/>\n\t\t\t<h3>Confirm and pay<\/h3>\t\t\t\n\t\t\t\t<ul>\n<li>Check that everything is correct in the basket.<\/li>\n<li>Confirm your booking and complete the payment.<\/li>\n<li>Everything is ready for your Canoe trip with overnight stay in a Family Tent!<\/li>\n<\/ul>\n\t\t\t<a href=\"https:\/\/kano-udlejning.dk\/en\/booking\/family-package-boats-and-extra-equipment\/\" target=\"_self\">\n\t\t\t\t\t\tBook Family Package here\n\t\t\t\t\t<\/a>\n<h2>\n\t\tExample of Family Package booking\n\t<\/h2>\n\t\t\t<h3>Example of 1-day canoe trip<\/h3>\t\t\t\n\t\t\t\t<p>You want a <strong>1-day canoe trip<\/strong> with accommodation after the trip.<\/p>\n<h4>How to book a Family Tent:<\/h4>\n<p><strong>15\/7<\/strong> &#8211; Start the canoe trip from <strong>T\u00f8rring<\/strong> \u2192 Sail to <strong>Guden\u00e5 Camping<br \/><\/strong><strong>15\/7<\/strong> &#8211; Overnight stay: <strong>Guden\u00e5 Camping<\/strong> In a Family Tent<\/p>\n<h4><strong>Important:<\/strong><\/h4>\n<ul>\n<li>The canoe must be <strong>booked for 1 day<\/strong> on <strong>15\/7<\/strong>.<\/li>\n<li>Accommodation must be <strong>booked separately<\/strong>.<\/li>\n<li>The tent you choose when booking is the one you will need upon arrival.<\/li>\n<li>A <strong>Family tent<\/strong> has <strong>four bunk beds<\/strong>.<\/li>\n<li>Up to <strong>five people<\/strong> are allowed to book, but the fifth person must provide an alternative place to sleep.<\/li>\n<\/ul>\n\t\t\t<a href=\"https:\/\/kano-udlejning.dk\/en\/booking\/family-package-boats-and-extra-equipment\/\" title=\"Click Here\" target=\"_self\"   role=\"button\" aria-label=\"Book Family Package here\">\n\t\t\t\t\t\t\t\t\t\t\tBook Family Package here\n\t\t<\/a>\n\t\t\t<h3>Example of a 2-day canoe trip<\/h3>\t\t\t\n\t\t\t\t<p>You want a <strong>2-day canoe trip<\/strong>, but start with an overnight stay <strong>before<\/strong> the trip begins.<\/p>\n<h4>How to book a Family Tent:<\/h4>\n<p><strong>1\/8<\/strong> &#8211; First overnight stay: <strong>\u00c5stedbro Teltplads<br \/><\/strong><strong>2\/8<\/strong> &#8211; Start the canoe trip from <strong>\u00c5stedbro Teltplads<\/strong> \u2192 Sail to <strong>Vestbirk Camping<br \/><\/strong><strong>2\/8<\/strong> &#8211; Second overnight stay: <strong>Vestbirk Camping<br \/><\/strong><strong>3\/8<\/strong> &#8211; Sail on to <strong>Klosterm\u00f8lle<\/strong>where you end the trip<\/p>\n<h4>Important:<\/h4>\n<ul>\n<li>The canoe must be <strong>booked for 2 days<\/strong> from <strong>2\/8 &#8211; 3\/8<\/strong>.<\/li>\n<li>Each night must be <strong>booked separately<\/strong>.<\/li>\n<li>The tent you choose when booking is the one you will need upon arrival.<\/li>\n<li>A <strong>Family tent<\/strong> has <strong>four bunk beds<\/strong>.<\/li>\n<li>Up to <strong>five people<\/strong> are allowed to book, but the fifth person must provide an alternative place to sleep.<\/li>\n<\/ul>\n\t\t\t<a href=\"https:\/\/kano-udlejning.dk\/en\/booking\/family-package-boats-and-extra-equipment\/\" title=\"Click Here\" target=\"_self\"   role=\"button\" aria-label=\"Book Family Package here\">\n\t\t\t\t\t\t\t\t\t\t\tBook Family Package here\n\t\t<\/a>\n\t\t\t<h3>Example of a 3-day canoe trip<\/h3>\t\t\t\n\t\t\t\t<p>You are going on a <strong>3-day Canoe trip<\/strong> from <strong>\u00c5le Teltplads on 16\/6 to Ry on 18\/6<\/strong> and need <strong>2 nights accommodation along the way<\/strong>.<\/p>\n<h4><strong>How to book a Family Tent:<\/strong><\/h4>\n<p><strong>16\/6<\/strong> &#8211; Start the canoe trip from <strong>\u00c5le Teltplads<\/strong> \u2192 Sail to <strong>Vestbirk Camping<\/strong> and spend the night there.<br \/><strong>17\/6<\/strong> &#8211; Sail on to <strong>Gammel Rye Teltplads<\/strong> and spend the night there.<br \/><strong>18\/6<\/strong> &#8211; Sail on to <strong>Ry<\/strong> and finish the trip.<\/p>\n<h4><strong>Important:<\/strong><\/h4>\n<ul>\n<li>Each night must be <strong>booked separately<\/strong>.<\/li>\n<li>The tent you choose when booking is the one you will need upon arrival.<\/li>\n<li>A <strong>Family tent<\/strong> has <strong>four bunk beds<\/strong>.<\/li>\n<li>Up to <strong>five people<\/strong> are allowed to book, but the fifth person must provide an alternative place to sleep.<\/li>\n<\/ul>\n\t\t\t<a href=\"https:\/\/kano-udlejning.dk\/en\/booking\/family-package-boats-and-extra-equipment\/\" title=\"Click Here\" target=\"_self\"   role=\"button\" aria-label=\"Book Family Package here\">\n\t\t\t\t\t\t\t\t\t\t\tBook Family Package here\n\t\t<\/a>\n\t\t\t<h3>Example of 5-day canoe trip<\/h3>\t\t\t\n\t\t\t\t<p>You are going on a <strong>5-day Canoe trip<\/strong> from <strong>T\u00f8rring d. 1\/7 <\/strong> to <strong>Ry on 5\/7 <\/strong> and need <strong>4 nights of accommodation<\/strong> along the way. You want a <strong>rest day<\/strong> and will therefore stay two nights in the same place.<\/p>\n<h4>How to book a Family Tent:<\/h4>\n<p><strong>1\/7<\/strong> &#8211; First overnight stay: <strong>\u00c5stedbro Teltplads<br \/><\/strong><strong>2\/7<\/strong> &#8211; Second night: <strong>Vestbirk Camping<br \/><\/strong><strong>3\/7<\/strong> &#8211; Third overnight stay: <strong>Vestbirk Camping<\/strong> (rest day)<br \/>4\/7 &#8211; Fourth night: <strong>Gammel Rye Teltplads<br \/><\/strong><strong>5\/7<\/strong> &#8211; You arrive in <strong>Ry<\/strong> and end the tour<\/p>\n<h4>Important:<\/h4>\n<ul>\n<li>Each night must be <strong>booked separately<\/strong>.<\/li>\n<li>The tent you choose when booking is the one you will need upon arrival.<\/li>\n<li><strong>Tip:<\/strong> If you&#8217;re staying two nights in the same place, we recommend <strong>booking the same tent for both nights<\/strong> (e.g. <em>Vestbirk Tent 2<\/em> on 2\/7 and 3\/7) so you don&#8217;t have to move tents.<\/li>\n<li>A <strong>Family tent<\/strong> has <strong>four bunk beds<\/strong>.<\/li>\n<li>Up to <strong>five people<\/strong> are allowed to book, but the fifth person must provide an alternative place to sleep.<\/li>\n<\/ul>\n\t\t\t<a href=\"https:\/\/kano-udlejning.dk\/en\/booking\/family-package-boats-and-extra-equipment\/\" title=\"Click Here\" target=\"_self\"   role=\"button\" aria-label=\"Book Family Package here\">\n\t\t\t\t\t\t\t\t\t\t\tBook Family Package here\n\t\t<\/a>\n\t<h2>Do you have any questions?<\/h2>\nMail: <a rel=\"noopener\">mail@kano-udlejning.dk<\/a><br \/>\nPhone: +45 75 80 13 01 \n\t\t\t<a href=\"https:\/\/kano-udlejning.dk\/en\/booking\/family-package-boats-and-extra-equipment\/\" target=\"_self\">\n\t\t\t\t\t\tBook Family Package here\n\t\t\t\t\t<\/a>\n<h2>\n\t\tFamily tent\n\t<\/h2>\n\t\t\t\t<a href=\"https:\/\/kano-udlejning.dk\/wp-content\/uploads\/2025\/02\/telt.jpg\"  target=\"_self\" itemprop=\"url\">\n\t\t\t\t<img loading=\"lazy\" decoding=\"async\" src=\"https:\/\/kano-udlejning.dk\/wp-content\/uploads\/2025\/02\/telt.jpg\" alt=\"telt\" itemprop=\"image\" height=\"374\" width=\"1000\" title=\"telt\" onerror=\"this.style.display='none'\"  \/>\n\t\t\t\t<\/a>\n<h2>\n\t\tRock bed\n\t<\/h2>\n\t\t\t\t<img loading=\"lazy\" decoding=\"async\" src=\"https:\/\/kano-udlejning.dk\/wp-content\/uploads\/2025\/02\/seng.jpg\" alt=\"seng\" itemprop=\"image\" height=\"731\" width=\"1253\" title=\"seng\" onerror=\"this.style.display='none'\"  \/>\n\t\t\t\t<table>\n\t\t\t\t\t<thead>\n\t\t\t\t\t\t\t\t\t\t\t\t\t\t<th rowspan=\"1\" colspan=\"2\">\n\t\t\t\t\t\t\t\t\t\t Teknisk specifikation \n\t\t\t\t\t\t\t\t\t\t\t\t\t\t\t\t\t<\/th>\n\t\t\t\t\t\t\t\t\t\t\t<\/thead>\n\t\t\t\t\t<tbody>\n\t\t\t\t\t\t\t\t\t\t\t\t\t\t\t<tr>\n\t\t\t\t\t\t\t\t\t\t\t\t\t\t\t\t\t\t\t\t<td colspan=\"\" rowspan=\"\">\n\t\t\t\t\t\t\t\t\t\t\t\t\t\t\t\t\t\t\t\t\t\t\t L\u00e6ngde \n\t\t\t\t\t\t\t\t\t\t\t\t\t\t\t\t\t\t\t\t\t\t\t<\/td>\n\t\t\t\t\t\t\t\t\t\t\t\t\t\t\t\t<td colspan=\"\" rowspan=\"\">\n\t\t\t\t\t\t\t\t\t\t\t\t\t\t\t\t\t\t\t\t\t\t\t 190 cm \n\t\t\t\t\t\t\t\t\t\t\t\t\t\t\t\t\t\t\t\t\t\t\t<\/td>\n\t\t\t\t\t\t\t\t\t\t\t\t\t\t\t<\/tr><tr>\n\t\t\t\t\t\t\t\t\t\t\t\t\t\t\t\t\t\t\t\t<td colspan=\"\" rowspan=\"\">\n\t\t\t\t\t\t\t\t\t\t\t\t\t\t\t\t\t\t\t\t\t\t\t Bredde \n\t\t\t\t\t\t\t\t\t\t\t\t\t\t\t\t\t\t\t\t\t\t\t<\/td>\n\t\t\t\t\t\t\t\t\t\t\t\t\t\t\t\t<td colspan=\"\" rowspan=\"\">\n\t\t\t\t\t\t\t\t\t\t\t\t\t\t\t\t\t\t\t\t\t\t\t 64 cm \n\t\t\t\t\t\t\t\t\t\t\t\t\t\t\t\t\t\t\t\t\t\t\t<\/td>\n\t\t\t\t\t\t\t\t\t\t\t\t\t\t\t<\/tr><tr>\n\t\t\t\t\t\t\t\t\t\t\t\t\t\t\t\t\t\t\t\t<td colspan=\"\" rowspan=\"\">\n\t\t\t\t\t\t\t\t\t\t\t\t\t\t\t\t\t\t\t\t\t\t\t H\u00f8jde \n\t\t\t\t\t\t\t\t\t\t\t\t\t\t\t\t\t\t\t\t\t\t\t<\/td>\n\t\t\t\t\t\t\t\t\t\t\t\t\t\t\t\t<td colspan=\"\" rowspan=\"\">\n\t\t\t\t\t\t\t\t\t\t\t\t\t\t\t\t\t\t\t\t\t\t\t 42 cm \n\t\t\t\t\t\t\t\t\t\t\t\t\t\t\t\t\t\t\t\t\t\t\t<\/td>\n\t\t\t\t\t\t\t\t\t\t\t\t\t\t\t<\/tr><tr>\n\t\t\t\t\t\t\t\t\t\t\t\t\t\t\t\t\t\t\t\t<td colspan=\"\" rowspan=\"\">\n\t\t\t\t\t\t\t\t\t\t\t\t\t\t\t\t\t\t\t\t\t\t\t Belastning \n\t\t\t\t\t\t\t\t\t\t\t\t\t\t\t\t\t\t\t\t\t\t\t<\/td>\n\t\t\t\t\t\t\t\t\t\t\t\t\t\t\t\t<td colspan=\"\" rowspan=\"\">\n\t\t\t\t\t\t\t\t\t\t\t\t\t\t\t\t\t\t\t\t\t\t\t 120 kg (maks.) \n\t\t\t\t\t\t\t\t\t\t\t\t\t\t\t\t\t\t\t\t\t\t\t<\/td>\n\t\t\t\t\t\t\t\t\t\t\t<\/tr><\/tbody>\n\t\t\t\t<\/table>\n\t\n","protected":false},"excerpt":{"rendered":"<p>Canoe trip with overnight stay in a pitched tent With the Family Package you get an easy and convenient Canoe or Kayak trip where the tent is ready with camp beds upon arrival. The family package includes canoe or kayak rental and accommodation in a pitched tent at one or more selected accommodation sites along&hellip; <a class=\"continue\" href=\"https:\/\/kano-udlejning.dk\/en\/package-deals\/family-packages-2\/\">L\u00e6s mere<span> Family packages<\/span><\/a><\/p>\n","protected":false},"author":1,"featured_media":0,"parent":335074,"menu_order":0,"comment_status":"closed","ping_status":"closed","template":"","meta":{"_acf_changed":false,"site-sidebar-layout":"default","site-content-layout":"default","ast-site-content-layout":"default","site-content-style":"default","site-sidebar-style":"default","ast-global-header-display":"","ast-banner-title-visibility":"","ast-main-header-display":"","ast-hfb-above-header-display":"","ast-hfb-below-header-display":"","ast-hfb-mobile-header-display":"","site-post-title":"disabled","ast-breadcrumbs-content":"","ast-featured-img":"","footer-sml-layout":"","ast-disable-related-posts":"","theme-transparent-header-meta":"default","adv-header-id-meta":"","stick-header-meta":"","header-above-stick-meta":"","header-main-stick-meta":"","header-below-stick-meta":"","astra-migrate-meta-layouts":"default","ast-page-background-enabled":"default","ast-page-background-meta":{"desktop":{"background-color":"","background-image":"","background-repeat":"repeat","background-position":"center center","background-size":"auto","background-attachment":"scroll","background-type":"","background-media":"","overlay-type":"","overlay-color":"","overlay-opacity":"","overlay-gradient":""},"tablet":{"background-color":"","background-image":"","background-repeat":"repeat","background-position":"center center","background-size":"auto","background-attachment":"scroll","background-type":"","background-media":"","overlay-type":"","overlay-color":"","overlay-opacity":"","overlay-gradient":""},"mobile":{"background-color":"","background-image":"","background-repeat":"repeat","background-position":"center center","background-size":"auto","background-attachment":"scroll","background-type":"","background-media":"","overlay-type":"","overlay-color":"","overlay-opacity":"","overlay-gradient":""}},"ast-content-background-meta":{"desktop":{"background-color":"var(--ast-global-color-5)","background-image":"","background-repeat":"repeat","background-position":"center center","background-size":"auto","background-attachment":"scroll","background-type":"","background-media":"","overlay-type":"","overlay-color":"","overlay-opacity":"","overlay-gradient":""},"tablet":{"background-color":"var(--ast-global-color-5)","background-image":"","background-repeat":"repeat","background-position":"center center","background-size":"auto","background-attachment":"scroll","background-type":"","background-media":"","overlay-type":"","overlay-color":"","overlay-opacity":"","overlay-gradient":""},"mobile":{"background-color":"var(--ast-global-color-5)","background-image":"","background-repeat":"repeat","background-position":"center center","background-size":"auto","background-attachment":"scroll","background-type":"","background-media":"","overlay-type":"","overlay-color":"","overlay-opacity":"","overlay-gradient":""}},"footnotes":""},"class_list":["post-335070","page","type-page","status-publish","hentry"],"acf":[],"yoast_head":"<!-- This site is optimized with the Yoast SEO plugin v27.2 - https:\/\/yoast.com\/product\/yoast-seo-wordpress\/ -->\n<title>Canoe with overnight stay on Guden\u00e5en<\/title>\n<meta name=\"description\" content=\"Launch your canoe and enjoy a pleasant day on Guden\u00e5en. When you arrive at your destination, we have pitched your tent for you. See our package tours here\" \/>\n<meta name=\"robots\" content=\"index, follow, max-snippet:-1, max-image-preview:large, max-video-preview:-1\" \/>\n<link rel=\"canonical\" href=\"https:\/\/kano-udlejning.dk\/en\/package-deals\/family-packages-2\/\" \/>\n<meta property=\"og:locale\" content=\"en_US\" \/>\n<meta property=\"og:type\" content=\"article\" \/>\n<meta property=\"og:title\" content=\"Canoe with overnight stay on Guden\u00e5en\" \/>\n<meta property=\"og:description\" content=\"Launch your canoe and enjoy a pleasant day on Guden\u00e5en. When you arrive at your destination, we have pitched your tent for you. See our package tours here\" \/>\n<meta property=\"og:url\" content=\"https:\/\/kano-udlejning.dk\/en\/package-deals\/family-packages-2\/\" \/>\n<meta property=\"og:site_name\" content=\"T\u00f8rring Kanoudlejning\" \/>\n<meta property=\"article:modified_time\" content=\"2025-03-21T12:39:47+00:00\" \/>\n<meta property=\"og:image\" content=\"https:\/\/kano-udlejning.dk\/wp-content\/uploads\/2024\/10\/circle-1-solid.svg\" \/>\n<meta name=\"twitter:card\" content=\"summary_large_image\" \/>\n<meta name=\"twitter:label1\" content=\"Est. reading time\" \/>\n\t<meta name=\"twitter:data1\" content=\"5 minutes\" \/>\n<script type=\"application\/ld+json\" class=\"yoast-schema-graph\">{\"@context\":\"https:\/\/schema.org\",\"@graph\":[{\"@type\":\"WebPage\",\"@id\":\"https:\/\/kano-udlejning.dk\/en\/package-deals\/family-packages-2\/\",\"url\":\"https:\/\/kano-udlejning.dk\/en\/package-deals\/family-packages-2\/\",\"name\":\"Canoe with overnight stay on Guden\u00e5en\",\"isPartOf\":{\"@id\":\"https:\/\/kano-udlejning.dk\/en\/#website\"},\"primaryImageOfPage\":{\"@id\":\"https:\/\/kano-udlejning.dk\/en\/package-deals\/family-packages-2\/#primaryimage\"},\"image\":{\"@id\":\"https:\/\/kano-udlejning.dk\/en\/package-deals\/family-packages-2\/#primaryimage\"},\"thumbnailUrl\":\"https:\/\/kano-udlejning.dk\/wp-content\/uploads\/2024\/10\/circle-1-solid.svg\",\"datePublished\":\"2019-06-18T10:51:03+00:00\",\"dateModified\":\"2025-03-21T12:39:47+00:00\",\"description\":\"Launch your canoe and enjoy a pleasant day on Guden\u00e5en. When you arrive at your destination, we have pitched your tent for you. See our package tours here\",\"breadcrumb\":{\"@id\":\"https:\/\/kano-udlejning.dk\/en\/package-deals\/family-packages-2\/#breadcrumb\"},\"inLanguage\":\"en-US\",\"potentialAction\":[{\"@type\":\"ReadAction\",\"target\":[\"https:\/\/kano-udlejning.dk\/en\/package-deals\/family-packages-2\/\"]}]},{\"@type\":\"ImageObject\",\"inLanguage\":\"en-US\",\"@id\":\"https:\/\/kano-udlejning.dk\/en\/package-deals\/family-packages-2\/#primaryimage\",\"url\":\"https:\/\/kano-udlejning.dk\/wp-content\/uploads\/2024\/10\/circle-1-solid.svg\",\"contentUrl\":\"https:\/\/kano-udlejning.dk\/wp-content\/uploads\/2024\/10\/circle-1-solid.svg\"},{\"@type\":\"BreadcrumbList\",\"@id\":\"https:\/\/kano-udlejning.dk\/en\/package-deals\/family-packages-2\/#breadcrumb\",\"itemListElement\":[{\"@type\":\"ListItem\",\"position\":1,\"name\":\"Home\",\"item\":\"https:\/\/kano-udlejning.dk\/en\/\"},{\"@type\":\"ListItem\",\"position\":2,\"name\":\"Package deals\",\"item\":\"https:\/\/kano-udlejning.dk\/en\/package-deals\/\"},{\"@type\":\"ListItem\",\"position\":3,\"name\":\"Family packages\"}]},{\"@type\":\"WebSite\",\"@id\":\"https:\/\/kano-udlejning.dk\/en\/#website\",\"url\":\"https:\/\/kano-udlejning.dk\/en\/\",\"name\":\"T\u00f8rring Kanoudlejning\",\"description\":\"St\u00f8rste Kano- &amp; Kajakudlejer p\u00e5 Guden\u00e5en\",\"publisher\":{\"@id\":\"https:\/\/kano-udlejning.dk\/en\/#organization\"},\"potentialAction\":[{\"@type\":\"SearchAction\",\"target\":{\"@type\":\"EntryPoint\",\"urlTemplate\":\"https:\/\/kano-udlejning.dk\/en\/?s={search_term_string}\"},\"query-input\":{\"@type\":\"PropertyValueSpecification\",\"valueRequired\":true,\"valueName\":\"search_term_string\"}}],\"inLanguage\":\"en-US\"},{\"@type\":\"Organization\",\"@id\":\"https:\/\/kano-udlejning.dk\/en\/#organization\",\"name\":\"T\u00f8rring Kanoudlejning\",\"url\":\"https:\/\/kano-udlejning.dk\/en\/\",\"logo\":{\"@type\":\"ImageObject\",\"inLanguage\":\"en-US\",\"@id\":\"https:\/\/kano-udlejning.dk\/en\/#\/schema\/logo\/image\/\",\"url\":\"https:\/\/kano-udlejning.dk\/wp-content\/uploads\/2024\/09\/favicon.png\",\"contentUrl\":\"https:\/\/kano-udlejning.dk\/wp-content\/uploads\/2024\/09\/favicon.png\",\"width\":32,\"height\":32,\"caption\":\"T\u00f8rring Kanoudlejning\"},\"image\":{\"@id\":\"https:\/\/kano-udlejning.dk\/en\/#\/schema\/logo\/image\/\"}}]}<\/script>\n<!-- \/ Yoast SEO plugin. -->","yoast_head_json":{"title":"Canoe with overnight stay on Guden\u00e5en","description":"Launch your canoe and enjoy a pleasant day on Guden\u00e5en. When you arrive at your destination, we have pitched your tent for you. See our package tours here","robots":{"index":"index","follow":"follow","max-snippet":"max-snippet:-1","max-image-preview":"max-image-preview:large","max-video-preview":"max-video-preview:-1"},"canonical":"https:\/\/kano-udlejning.dk\/en\/package-deals\/family-packages-2\/","og_locale":"en_US","og_type":"article","og_title":"Canoe with overnight stay on Guden\u00e5en","og_description":"Launch your canoe and enjoy a pleasant day on Guden\u00e5en. When you arrive at your destination, we have pitched your tent for you. See our package tours here","og_url":"https:\/\/kano-udlejning.dk\/en\/package-deals\/family-packages-2\/","og_site_name":"T\u00f8rring Kanoudlejning","article_modified_time":"2025-03-21T12:39:47+00:00","og_image":[{"url":"https:\/\/kano-udlejning.dk\/wp-content\/uploads\/2024\/10\/circle-1-solid.svg","type":"","width":"","height":""}],"twitter_card":"summary_large_image","twitter_misc":{"Est. reading time":"5 minutes"},"schema":{"@context":"https:\/\/schema.org","@graph":[{"@type":"WebPage","@id":"https:\/\/kano-udlejning.dk\/en\/package-deals\/family-packages-2\/","url":"https:\/\/kano-udlejning.dk\/en\/package-deals\/family-packages-2\/","name":"Canoe with overnight stay on Guden\u00e5en","isPartOf":{"@id":"https:\/\/kano-udlejning.dk\/en\/#website"},"primaryImageOfPage":{"@id":"https:\/\/kano-udlejning.dk\/en\/package-deals\/family-packages-2\/#primaryimage"},"image":{"@id":"https:\/\/kano-udlejning.dk\/en\/package-deals\/family-packages-2\/#primaryimage"},"thumbnailUrl":"https:\/\/kano-udlejning.dk\/wp-content\/uploads\/2024\/10\/circle-1-solid.svg","datePublished":"2019-06-18T10:51:03+00:00","dateModified":"2025-03-21T12:39:47+00:00","description":"Launch your canoe and enjoy a pleasant day on Guden\u00e5en. When you arrive at your destination, we have pitched your tent for you. See our package tours here","breadcrumb":{"@id":"https:\/\/kano-udlejning.dk\/en\/package-deals\/family-packages-2\/#breadcrumb"},"inLanguage":"en-US","potentialAction":[{"@type":"ReadAction","target":["https:\/\/kano-udlejning.dk\/en\/package-deals\/family-packages-2\/"]}]},{"@type":"ImageObject","inLanguage":"en-US","@id":"https:\/\/kano-udlejning.dk\/en\/package-deals\/family-packages-2\/#primaryimage","url":"https:\/\/kano-udlejning.dk\/wp-content\/uploads\/2024\/10\/circle-1-solid.svg","contentUrl":"https:\/\/kano-udlejning.dk\/wp-content\/uploads\/2024\/10\/circle-1-solid.svg"},{"@type":"BreadcrumbList","@id":"https:\/\/kano-udlejning.dk\/en\/package-deals\/family-packages-2\/#breadcrumb","itemListElement":[{"@type":"ListItem","position":1,"name":"Home","item":"https:\/\/kano-udlejning.dk\/en\/"},{"@type":"ListItem","position":2,"name":"Package deals","item":"https:\/\/kano-udlejning.dk\/en\/package-deals\/"},{"@type":"ListItem","position":3,"name":"Family packages"}]},{"@type":"WebSite","@id":"https:\/\/kano-udlejning.dk\/en\/#website","url":"https:\/\/kano-udlejning.dk\/en\/","name":"T\u00f8rring Kanoudlejning","description":"St\u00f8rste Kano- &amp; Kajakudlejer p\u00e5 Guden\u00e5en","publisher":{"@id":"https:\/\/kano-udlejning.dk\/en\/#organization"},"potentialAction":[{"@type":"SearchAction","target":{"@type":"EntryPoint","urlTemplate":"https:\/\/kano-udlejning.dk\/en\/?s={search_term_string}"},"query-input":{"@type":"PropertyValueSpecification","valueRequired":true,"valueName":"search_term_string"}}],"inLanguage":"en-US"},{"@type":"Organization","@id":"https:\/\/kano-udlejning.dk\/en\/#organization","name":"T\u00f8rring Kanoudlejning","url":"https:\/\/kano-udlejning.dk\/en\/","logo":{"@type":"ImageObject","inLanguage":"en-US","@id":"https:\/\/kano-udlejning.dk\/en\/#\/schema\/logo\/image\/","url":"https:\/\/kano-udlejning.dk\/wp-content\/uploads\/2024\/09\/favicon.png","contentUrl":"https:\/\/kano-udlejning.dk\/wp-content\/uploads\/2024\/09\/favicon.png","width":32,"height":32,"caption":"T\u00f8rring Kanoudlejning"},"image":{"@id":"https:\/\/kano-udlejning.dk\/en\/#\/schema\/logo\/image\/"}}]}},"_links":{"self":[{"href":"https:\/\/kano-udlejning.dk\/en\/wp-json\/wp\/v2\/pages\/335070","targetHints":{"allow":["GET"]}}],"collection":[{"href":"https:\/\/kano-udlejning.dk\/en\/wp-json\/wp\/v2\/pages"}],"about":[{"href":"https:\/\/kano-udlejning.dk\/en\/wp-json\/wp\/v2\/types\/page"}],"author":[{"embeddable":true,"href":"https:\/\/kano-udlejning.dk\/en\/wp-json\/wp\/v2\/users\/1"}],"replies":[{"embeddable":true,"href":"https:\/\/kano-udlejning.dk\/en\/wp-json\/wp\/v2\/comments?post=335070"}],"version-history":[{"count":2,"href":"https:\/\/kano-udlejning.dk\/en\/wp-json\/wp\/v2\/pages\/335070\/revisions"}],"predecessor-version":[{"id":348945,"href":"https:\/\/kano-udlejning.dk\/en\/wp-json\/wp\/v2\/pages\/335070\/revisions\/348945"}],"up":[{"embeddable":true,"href":"https:\/\/kano-udlejning.dk\/en\/wp-json\/wp\/v2\/pages\/335074"}],"wp:attachment":[{"href":"https:\/\/kano-udlejning.dk\/en\/wp-json\/wp\/v2\/media?parent=335070"}],"curies":[{"name":"wp","href":"https:\/\/api.w.org\/{rel}","templated":true}]}}