{"id":335068,"date":"2019-06-18T12:51:58","date_gmt":"2019-06-18T10:51:58","guid":{"rendered":"https:\/\/kano-udlejning.dk\/plan-the-trip-yourself\/"},"modified":"2025-03-21T13:46:06","modified_gmt":"2025-03-21T12:46:06","slug":"plan-the-trip-yourself","status":"publish","type":"page","link":"https:\/\/kano-udlejning.dk\/en\/package-deals\/plan-the-trip-yourself\/","title":{"rendered":"Plan the trip yourself"},"content":{"rendered":"\n\n\t\t\t\t<img loading=\"lazy\" decoding=\"async\" src=\"https:\/\/kano-udlejning.dk\/wp-content\/uploads\/2020\/01\/kano-foto-2013-090.jpg\" alt=\"kano foto 2013 090\" itemprop=\"image\" height=\"1920\" width=\"2560\" title=\"kano foto 2013 090\" onerror=\"this.style.display='none'\"  \/>\n\t<p>At T\u00f8rring Kanoudlejning you can choose our <a href=\"https:\/\/kano-udlejning.dk\/en\/package-deals\/family-packages-2\/\">package tours<\/a> or simply rent a canoe or kayak and plan your own route with accommodations.<\/p>\n<p>Here you&#8217;ll find all the information you need to plan your own canoe trip.<\/p>\n<p>When you&#8217;re ready to book your canoe or kayak, <a href=\"https:\/\/kano-udlejning.dk\/en\/booking-category\/starting-locations\/\">you can do so here<\/a>.<\/p>\n<p>If you are in doubt and need help, you are welcome to contact us at <a href=\"tel:75801301\">tel. +45 75 80 13 01 <\/a> or email: <a href=\"mailto:mail@kano-udlejning.dk\">mail@kano-udlejning.dk<\/a><\/p>\n<h3>Where do you want to start?<\/h3>\n<p>When you rent a canoe from us, you can start your trip on the entire route between T\u00f8rring and Ry, and of course sail even further north than Silkeborg &#8211; if you want to start your trip from Silkeborg you need to book through Silkeborg Kanocenter &#8211; Click here.<\/p>\n<p>Before June 16, it is only possible to sail on the route from Klosterm\u00f8lle and north &#8211; we recommend booking through Silkeborg Kanocenter, which has many starting points between Klosterm\u00f8lle and Randers &#8211; click here.<\/p>\n<p>After June 16, the sailing on the southern part of Guden\u00e5en is open for happy canoeists and we look forward to sending you off from T\u00f8rring. You choose your starting point when you make your booking.<\/p>\n<h3>How far will you sail?<\/h3>\n<p>Most people sail about 15-20 km per day at a speed of about 4 km\/h. It&#8217;s a pace where everyone can join in.<\/p>\n<p>You can see <a href=\"https:\/\/kano-udlejning.dk\/en\/plan-your-canoe-trip\/map-of-gudenaen\/\">a map of Guden\u00e5en here<\/a> or <a href=\"https:\/\/kano-udlejning.dk\/en\/favorite-day-trips\/\">see our tour suggestions here<\/a><\/p>\n<p>When you rent a canoe from us, we offer <strong>Flexstop<\/strong>. This gives you the freedom to change the end point of the day right up until 12:00 on the day itself. Flexibility to suit your trip!<\/p>\n<h3>Accommodation and prices<\/h3>\n<p>Along the Guden\u00e5en route you&#8217;ll find both primitive tent sites and well-equipped campsites.<\/p>\n<p><a href=\"https:\/\/kano-udlejning.dk\/en\/plan-your-canoe-trip\/places-to-stay\/\">You can find information and prices for all accommodations here<\/a><\/p>\n<p>Canoe rental prices start from DKK 650 per day. <a href=\"https:\/\/kano-udlejning.dk\/en\/pricing\/canoe\/\">You can see all prices here<\/a><\/p>\n<h3>Transportation, parking and car moving<\/h3>\n<p>Easy parking in our locked parking lot, which costs DKK 25 per day. The parking lot is located in connection with our Canoe &amp; Kayak House, so it couldn&#8217;t be easier to start your trip from T\u00f8rring.<\/p>\n<p>If you would like to have your car transported to your final destination, we offer car transportation from T\u00f8rring. <a href=\"https:\/\/kano-udlejning.dk\/en\/pricing\/car-transportation\/\">Read more about car transportation here.<\/a><\/p>\n<p>Every day from June 28 to August 10 and the remaining weekends in August, there is a free counterflow bus that stops at campsites, campgrounds and camping sites. T\u00f8rring Kanoudlejningon the route from Klosterm\u00f8lle and down to T\u00f8rring. <a href=\"https:\/\/kano-udlejning.dk\/en\/the-counterflow-bus\/\">Read more about the counterflow bus here<\/a><\/p>\n<p>It is also possible to order a Flextur.<\/p>\n\t\t\t<a href=\"https:\/\/kano-udlejning.dk\/wp-content\/uploads\/2025\/03\/sejladsinfo_toerring_2025_english.pdf\" target=\"_blank\" rel=\"noopener\">\n\t\t\t\t\t\t\tTour description of the entire Guden\u00e5en\n\t\t\t\t\t<\/a>\n\n","protected":false},"excerpt":{"rendered":"<p>At T\u00f8rring Kanoudlejning you can choose our package tours or simply rent a canoe or kayak and plan your own route with accommodations. Here you&#8217;ll find all the information you need to plan your own canoe trip. When you&#8217;re ready to book your canoe or kayak, you can do so here. If you are in&hellip; <a class=\"continue\" href=\"https:\/\/kano-udlejning.dk\/en\/package-deals\/plan-the-trip-yourself\/\">L\u00e6s mere<span> Plan the trip yourself<\/span><\/a><\/p>\n","protected":false},"author":1,"featured_media":0,"parent":335074,"menu_order":0,"comment_status":"closed","ping_status":"closed","template":"","meta":{"_acf_changed":false,"site-sidebar-layout":"default","site-content-layout":"default","ast-site-content-layout":"default","site-content-style":"default","site-sidebar-style":"default","ast-global-header-display":"","ast-banner-title-visibility":"","ast-main-header-display":"","ast-hfb-above-header-display":"","ast-hfb-below-header-display":"","ast-hfb-mobile-header-display":"","site-post-title":"disabled","ast-breadcrumbs-content":"","ast-featured-img":"","footer-sml-layout":"","ast-disable-related-posts":"","theme-transparent-header-meta":"default","adv-header-id-meta":"","stick-header-meta":"","header-above-stick-meta":"","header-main-stick-meta":"","header-below-stick-meta":"","astra-migrate-meta-layouts":"default","ast-page-background-enabled":"default","ast-page-background-meta":{"desktop":{"background-color":"","background-image":"","background-repeat":"repeat","background-position":"center center","background-size":"auto","background-attachment":"scroll","background-type":"","background-media":"","overlay-type":"","overlay-color":"","overlay-opacity":"","overlay-gradient":""},"tablet":{"background-color":"","background-image":"","background-repeat":"repeat","background-position":"center center","background-size":"auto","background-attachment":"scroll","background-type":"","background-media":"","overlay-type":"","overlay-color":"","overlay-opacity":"","overlay-gradient":""},"mobile":{"background-color":"","background-image":"","background-repeat":"repeat","background-position":"center center","background-size":"auto","background-attachment":"scroll","background-type":"","background-media":"","overlay-type":"","overlay-color":"","overlay-opacity":"","overlay-gradient":""}},"ast-content-background-meta":{"desktop":{"background-color":"var(--ast-global-color-5)","background-image":"","background-repeat":"repeat","background-position":"center center","background-size":"auto","background-attachment":"scroll","background-type":"","background-media":"","overlay-type":"","overlay-color":"","overlay-opacity":"","overlay-gradient":""},"tablet":{"background-color":"var(--ast-global-color-5)","background-image":"","background-repeat":"repeat","background-position":"center center","background-size":"auto","background-attachment":"scroll","background-type":"","background-media":"","overlay-type":"","overlay-color":"","overlay-opacity":"","overlay-gradient":""},"mobile":{"background-color":"var(--ast-global-color-5)","background-image":"","background-repeat":"repeat","background-position":"center center","background-size":"auto","background-attachment":"scroll","background-type":"","background-media":"","overlay-type":"","overlay-color":"","overlay-opacity":"","overlay-gradient":""}},"footnotes":""},"class_list":["post-335068","page","type-page","status-publish","hentry"],"acf":[],"yoast_head":"<!-- This site is optimized with the Yoast SEO plugin v27.2 - https:\/\/yoast.com\/product\/yoast-seo-wordpress\/ -->\n<title>Canoeing on Guden\u00e5en - Plan your trip today!<\/title>\n<meta name=\"description\" content=\"We help you plan your canoe trip - Here you can find suggestions for good routes, packing lists, an overview of the rules and much more.\" \/>\n<meta name=\"robots\" content=\"index, follow, max-snippet:-1, max-image-preview:large, max-video-preview:-1\" \/>\n<link rel=\"canonical\" href=\"https:\/\/kano-udlejning.dk\/en\/package-deals\/plan-the-trip-yourself\/\" \/>\n<meta property=\"og:locale\" content=\"en_US\" \/>\n<meta property=\"og:type\" content=\"article\" \/>\n<meta property=\"og:title\" content=\"Canoeing on Guden\u00e5en - Plan your trip today!\" \/>\n<meta property=\"og:description\" content=\"We help you plan your canoe trip - Here you can find suggestions for good routes, packing lists, an overview of the rules and much more.\" \/>\n<meta property=\"og:url\" content=\"https:\/\/kano-udlejning.dk\/en\/package-deals\/plan-the-trip-yourself\/\" \/>\n<meta property=\"og:site_name\" content=\"T\u00f8rring Kanoudlejning\" \/>\n<meta property=\"article:modified_time\" content=\"2025-03-21T12:46:06+00:00\" \/>\n<meta property=\"og:image\" content=\"https:\/\/kano-udlejning.dk\/wp-content\/uploads\/2020\/01\/kano-foto-2013-090.jpg\" \/>\n<meta name=\"twitter:card\" content=\"summary_large_image\" \/>\n<meta name=\"twitter:label1\" content=\"Est. reading time\" \/>\n\t<meta name=\"twitter:data1\" content=\"2 minutes\" \/>\n<script type=\"application\/ld+json\" class=\"yoast-schema-graph\">{\"@context\":\"https:\/\/schema.org\",\"@graph\":[{\"@type\":\"WebPage\",\"@id\":\"https:\/\/kano-udlejning.dk\/en\/package-deals\/plan-the-trip-yourself\/\",\"url\":\"https:\/\/kano-udlejning.dk\/en\/package-deals\/plan-the-trip-yourself\/\",\"name\":\"Canoeing on Guden\u00e5en - Plan your trip today!\",\"isPartOf\":{\"@id\":\"https:\/\/kano-udlejning.dk\/en\/#website\"},\"primaryImageOfPage\":{\"@id\":\"https:\/\/kano-udlejning.dk\/en\/package-deals\/plan-the-trip-yourself\/#primaryimage\"},\"image\":{\"@id\":\"https:\/\/kano-udlejning.dk\/en\/package-deals\/plan-the-trip-yourself\/#primaryimage\"},\"thumbnailUrl\":\"https:\/\/kano-udlejning.dk\/wp-content\/uploads\/2020\/01\/kano-foto-2013-090.jpg\",\"datePublished\":\"2019-06-18T10:51:58+00:00\",\"dateModified\":\"2025-03-21T12:46:06+00:00\",\"description\":\"We help you plan your canoe trip - Here you can find suggestions for good routes, packing lists, an overview of the rules and much more.\",\"breadcrumb\":{\"@id\":\"https:\/\/kano-udlejning.dk\/en\/package-deals\/plan-the-trip-yourself\/#breadcrumb\"},\"inLanguage\":\"en-US\",\"potentialAction\":[{\"@type\":\"ReadAction\",\"target\":[\"https:\/\/kano-udlejning.dk\/en\/package-deals\/plan-the-trip-yourself\/\"]}]},{\"@type\":\"ImageObject\",\"inLanguage\":\"en-US\",\"@id\":\"https:\/\/kano-udlejning.dk\/en\/package-deals\/plan-the-trip-yourself\/#primaryimage\",\"url\":\"https:\/\/kano-udlejning.dk\/wp-content\/uploads\/2020\/01\/kano-foto-2013-090.jpg\",\"contentUrl\":\"https:\/\/kano-udlejning.dk\/wp-content\/uploads\/2020\/01\/kano-foto-2013-090.jpg\"},{\"@type\":\"BreadcrumbList\",\"@id\":\"https:\/\/kano-udlejning.dk\/en\/package-deals\/plan-the-trip-yourself\/#breadcrumb\",\"itemListElement\":[{\"@type\":\"ListItem\",\"position\":1,\"name\":\"Home\",\"item\":\"https:\/\/kano-udlejning.dk\/en\/\"},{\"@type\":\"ListItem\",\"position\":2,\"name\":\"Package deals\",\"item\":\"https:\/\/kano-udlejning.dk\/en\/package-deals\/\"},{\"@type\":\"ListItem\",\"position\":3,\"name\":\"Plan the trip yourself\"}]},{\"@type\":\"WebSite\",\"@id\":\"https:\/\/kano-udlejning.dk\/en\/#website\",\"url\":\"https:\/\/kano-udlejning.dk\/en\/\",\"name\":\"T\u00f8rring Kanoudlejning\",\"description\":\"St\u00f8rste Kano- &amp; Kajakudlejer p\u00e5 Guden\u00e5en\",\"publisher\":{\"@id\":\"https:\/\/kano-udlejning.dk\/en\/#organization\"},\"potentialAction\":[{\"@type\":\"SearchAction\",\"target\":{\"@type\":\"EntryPoint\",\"urlTemplate\":\"https:\/\/kano-udlejning.dk\/en\/?s={search_term_string}\"},\"query-input\":{\"@type\":\"PropertyValueSpecification\",\"valueRequired\":true,\"valueName\":\"search_term_string\"}}],\"inLanguage\":\"en-US\"},{\"@type\":\"Organization\",\"@id\":\"https:\/\/kano-udlejning.dk\/en\/#organization\",\"name\":\"T\u00f8rring Kanoudlejning\",\"url\":\"https:\/\/kano-udlejning.dk\/en\/\",\"logo\":{\"@type\":\"ImageObject\",\"inLanguage\":\"en-US\",\"@id\":\"https:\/\/kano-udlejning.dk\/en\/#\/schema\/logo\/image\/\",\"url\":\"https:\/\/kano-udlejning.dk\/wp-content\/uploads\/2024\/09\/favicon.png\",\"contentUrl\":\"https:\/\/kano-udlejning.dk\/wp-content\/uploads\/2024\/09\/favicon.png\",\"width\":32,\"height\":32,\"caption\":\"T\u00f8rring Kanoudlejning\"},\"image\":{\"@id\":\"https:\/\/kano-udlejning.dk\/en\/#\/schema\/logo\/image\/\"}}]}<\/script>\n<!-- \/ Yoast SEO plugin. -->","yoast_head_json":{"title":"Canoeing on Guden\u00e5en - Plan your trip today!","description":"We help you plan your canoe trip - Here you can find suggestions for good routes, packing lists, an overview of the rules and much more.","robots":{"index":"index","follow":"follow","max-snippet":"max-snippet:-1","max-image-preview":"max-image-preview:large","max-video-preview":"max-video-preview:-1"},"canonical":"https:\/\/kano-udlejning.dk\/en\/package-deals\/plan-the-trip-yourself\/","og_locale":"en_US","og_type":"article","og_title":"Canoeing on Guden\u00e5en - Plan your trip today!","og_description":"We help you plan your canoe trip - Here you can find suggestions for good routes, packing lists, an overview of the rules and much more.","og_url":"https:\/\/kano-udlejning.dk\/en\/package-deals\/plan-the-trip-yourself\/","og_site_name":"T\u00f8rring Kanoudlejning","article_modified_time":"2025-03-21T12:46:06+00:00","og_image":[{"url":"https:\/\/kano-udlejning.dk\/wp-content\/uploads\/2020\/01\/kano-foto-2013-090.jpg","type":"","width":"","height":""}],"twitter_card":"summary_large_image","twitter_misc":{"Est. reading time":"2 minutes"},"schema":{"@context":"https:\/\/schema.org","@graph":[{"@type":"WebPage","@id":"https:\/\/kano-udlejning.dk\/en\/package-deals\/plan-the-trip-yourself\/","url":"https:\/\/kano-udlejning.dk\/en\/package-deals\/plan-the-trip-yourself\/","name":"Canoeing on Guden\u00e5en - Plan your trip today!","isPartOf":{"@id":"https:\/\/kano-udlejning.dk\/en\/#website"},"primaryImageOfPage":{"@id":"https:\/\/kano-udlejning.dk\/en\/package-deals\/plan-the-trip-yourself\/#primaryimage"},"image":{"@id":"https:\/\/kano-udlejning.dk\/en\/package-deals\/plan-the-trip-yourself\/#primaryimage"},"thumbnailUrl":"https:\/\/kano-udlejning.dk\/wp-content\/uploads\/2020\/01\/kano-foto-2013-090.jpg","datePublished":"2019-06-18T10:51:58+00:00","dateModified":"2025-03-21T12:46:06+00:00","description":"We help you plan your canoe trip - Here you can find suggestions for good routes, packing lists, an overview of the rules and much more.","breadcrumb":{"@id":"https:\/\/kano-udlejning.dk\/en\/package-deals\/plan-the-trip-yourself\/#breadcrumb"},"inLanguage":"en-US","potentialAction":[{"@type":"ReadAction","target":["https:\/\/kano-udlejning.dk\/en\/package-deals\/plan-the-trip-yourself\/"]}]},{"@type":"ImageObject","inLanguage":"en-US","@id":"https:\/\/kano-udlejning.dk\/en\/package-deals\/plan-the-trip-yourself\/#primaryimage","url":"https:\/\/kano-udlejning.dk\/wp-content\/uploads\/2020\/01\/kano-foto-2013-090.jpg","contentUrl":"https:\/\/kano-udlejning.dk\/wp-content\/uploads\/2020\/01\/kano-foto-2013-090.jpg"},{"@type":"BreadcrumbList","@id":"https:\/\/kano-udlejning.dk\/en\/package-deals\/plan-the-trip-yourself\/#breadcrumb","itemListElement":[{"@type":"ListItem","position":1,"name":"Home","item":"https:\/\/kano-udlejning.dk\/en\/"},{"@type":"ListItem","position":2,"name":"Package deals","item":"https:\/\/kano-udlejning.dk\/en\/package-deals\/"},{"@type":"ListItem","position":3,"name":"Plan the trip yourself"}]},{"@type":"WebSite","@id":"https:\/\/kano-udlejning.dk\/en\/#website","url":"https:\/\/kano-udlejning.dk\/en\/","name":"T\u00f8rring Kanoudlejning","description":"St\u00f8rste Kano- &amp; Kajakudlejer p\u00e5 Guden\u00e5en","publisher":{"@id":"https:\/\/kano-udlejning.dk\/en\/#organization"},"potentialAction":[{"@type":"SearchAction","target":{"@type":"EntryPoint","urlTemplate":"https:\/\/kano-udlejning.dk\/en\/?s={search_term_string}"},"query-input":{"@type":"PropertyValueSpecification","valueRequired":true,"valueName":"search_term_string"}}],"inLanguage":"en-US"},{"@type":"Organization","@id":"https:\/\/kano-udlejning.dk\/en\/#organization","name":"T\u00f8rring Kanoudlejning","url":"https:\/\/kano-udlejning.dk\/en\/","logo":{"@type":"ImageObject","inLanguage":"en-US","@id":"https:\/\/kano-udlejning.dk\/en\/#\/schema\/logo\/image\/","url":"https:\/\/kano-udlejning.dk\/wp-content\/uploads\/2024\/09\/favicon.png","contentUrl":"https:\/\/kano-udlejning.dk\/wp-content\/uploads\/2024\/09\/favicon.png","width":32,"height":32,"caption":"T\u00f8rring Kanoudlejning"},"image":{"@id":"https:\/\/kano-udlejning.dk\/en\/#\/schema\/logo\/image\/"}}]}},"_links":{"self":[{"href":"https:\/\/kano-udlejning.dk\/en\/wp-json\/wp\/v2\/pages\/335068","targetHints":{"allow":["GET"]}}],"collection":[{"href":"https:\/\/kano-udlejning.dk\/en\/wp-json\/wp\/v2\/pages"}],"about":[{"href":"https:\/\/kano-udlejning.dk\/en\/wp-json\/wp\/v2\/types\/page"}],"author":[{"embeddable":true,"href":"https:\/\/kano-udlejning.dk\/en\/wp-json\/wp\/v2\/users\/1"}],"replies":[{"embeddable":true,"href":"https:\/\/kano-udlejning.dk\/en\/wp-json\/wp\/v2\/comments?post=335068"}],"version-history":[{"count":2,"href":"https:\/\/kano-udlejning.dk\/en\/wp-json\/wp\/v2\/pages\/335068\/revisions"}],"predecessor-version":[{"id":348950,"href":"https:\/\/kano-udlejning.dk\/en\/wp-json\/wp\/v2\/pages\/335068\/revisions\/348950"}],"up":[{"embeddable":true,"href":"https:\/\/kano-udlejning.dk\/en\/wp-json\/wp\/v2\/pages\/335074"}],"wp:attachment":[{"href":"https:\/\/kano-udlejning.dk\/en\/wp-json\/wp\/v2\/media?parent=335068"}],"curies":[{"name":"wp","href":"https:\/\/api.w.org\/{rel}","templated":true}]}}