{"id":335057,"date":"2019-09-10T10:18:53","date_gmt":"2019-09-10T08:18:53","guid":{"rendered":"https:\/\/kano-udlejning.dk\/opening-hours\/"},"modified":"2025-03-06T11:33:05","modified_gmt":"2025-03-06T10:33:05","slug":"opening-hours","status":"publish","type":"page","link":"https:\/\/kano-udlejning.dk\/en\/opening-hours\/","title":{"rendered":"Opening hours"},"content":{"rendered":"\n\n\t\t\t\t<img loading=\"lazy\" decoding=\"async\" src=\"https:\/\/kano-udlejning.dk\/wp-content\/uploads\/2019\/05\/bg-1-1024x683.jpg\" alt=\"bg-1\" itemprop=\"image\" height=\"683\" width=\"1024\" title=\"bg-1\" onerror=\"this.style.display='none'\"  \/>\n<h3>\u00c5bningstider<\/h3>\n<p>Kano- og Kajaksejlads med start p\u00e5 den nordlige del af Guden\u00e5en: 1. april &#8211; 30. september.<\/p>\n<p>Startsteder p\u00e5 nordstr\u00e6kningen:<\/p>\n<ul>\n<li>Klosterm\u00f8lle<\/li>\n<li>Gammel Rye Teltplads<\/li>\n<li>Emborg Bro<\/li>\n<li>Holmens Camping<\/li>\n<li>Ry \/ Skimmingh\u00f8j Teltplads<\/li>\n<\/ul>\n<p>Kano- og Kajaksejlads med start p\u00e5 den sydlige del af Guden\u00e5en: 16. juni &#8211; 30. september.<\/p>\n<p>Startsteder p\u00e5 sydstr\u00e6kningen:<\/p>\n<ul>\n<li>T\u00f8rring<\/li>\n<li>\u00c5le Teltplads<\/li>\n<li>\u00c5stedbro Teltplads<\/li>\n<li>Guden\u00e5 Camping<\/li>\n<li>Vestbirk Camping<\/li>\n<li>Gammel Rye Teltplads<\/li>\n<li>Holmens Camping<\/li>\n<\/ul>\n<p>&#8220;Kontakt os hele \u00e5ret &#8211; vi sidder klar ved telefonen alle dage fra kl. 9.00 til 17.00 for at hj\u00e6lpe jer med sp\u00f8rgsm\u00e5l og booking.&#8221;<\/p>\n\n","protected":false},"excerpt":{"rendered":"<p>\u00c5bningstider Kano- og Kajaksejlads med start p\u00e5 den nordlige del af Guden\u00e5en: 1. april &#8211; 30. september. Startsteder p\u00e5 nordstr\u00e6kningen: Klosterm\u00f8lle Gammel Rye Teltplads Emborg Bro Holmens Camping Ry \/ Skimmingh\u00f8j Teltplads Kano- og Kajaksejlads med start p\u00e5 den sydlige del af Guden\u00e5en: 16. juni &#8211; 30. september. Startsteder p\u00e5 sydstr\u00e6kningen: T\u00f8rring \u00c5le Teltplads \u00c5stedbro&hellip; <a class=\"continue\" href=\"https:\/\/kano-udlejning.dk\/en\/opening-hours\/\">L\u00e6s mere<span> Opening hours<\/span><\/a><\/p>\n","protected":false},"author":1,"featured_media":0,"parent":0,"menu_order":0,"comment_status":"closed","ping_status":"closed","template":"","meta":{"_acf_changed":false,"site-sidebar-layout":"default","site-content-layout":"default","ast-site-content-layout":"default","site-content-style":"default","site-sidebar-style":"default","ast-global-header-display":"","ast-banner-title-visibility":"","ast-main-header-display":"","ast-hfb-above-header-display":"","ast-hfb-below-header-display":"","ast-hfb-mobile-header-display":"","site-post-title":"disabled","ast-breadcrumbs-content":"","ast-featured-img":"","footer-sml-layout":"","ast-disable-related-posts":"","theme-transparent-header-meta":"default","adv-header-id-meta":"","stick-header-meta":"","header-above-stick-meta":"","header-main-stick-meta":"","header-below-stick-meta":"","astra-migrate-meta-layouts":"default","ast-page-background-enabled":"default","ast-page-background-meta":{"desktop":{"background-color":"","background-image":"","background-repeat":"repeat","background-position":"center center","background-size":"auto","background-attachment":"scroll","background-type":"","background-media":"","overlay-type":"","overlay-color":"","overlay-opacity":"","overlay-gradient":""},"tablet":{"background-color":"","background-image":"","background-repeat":"repeat","background-position":"center center","background-size":"auto","background-attachment":"scroll","background-type":"","background-media":"","overlay-type":"","overlay-color":"","overlay-opacity":"","overlay-gradient":""},"mobile":{"background-color":"","background-image":"","background-repeat":"repeat","background-position":"center center","background-size":"auto","background-attachment":"scroll","background-type":"","background-media":"","overlay-type":"","overlay-color":"","overlay-opacity":"","overlay-gradient":""}},"ast-content-background-meta":{"desktop":{"background-color":"var(--ast-global-color-5)","background-image":"","background-repeat":"repeat","background-position":"center center","background-size":"auto","background-attachment":"scroll","background-type":"","background-media":"","overlay-type":"","overlay-color":"","overlay-opacity":"","overlay-gradient":""},"tablet":{"background-color":"var(--ast-global-color-5)","background-image":"","background-repeat":"repeat","background-position":"center center","background-size":"auto","background-attachment":"scroll","background-type":"","background-media":"","overlay-type":"","overlay-color":"","overlay-opacity":"","overlay-gradient":""},"mobile":{"background-color":"var(--ast-global-color-5)","background-image":"","background-repeat":"repeat","background-position":"center center","background-size":"auto","background-attachment":"scroll","background-type":"","background-media":"","overlay-type":"","overlay-color":"","overlay-opacity":"","overlay-gradient":""}},"footnotes":""},"class_list":["post-335057","page","type-page","status-publish","hentry"],"acf":[],"yoast_head":"<!-- This site is optimized with the Yoast SEO plugin v27.2 - https:\/\/yoast.com\/product\/yoast-seo-wordpress\/ -->\n<title>See opening hours at T\u00f8rring Kanoudlejning<\/title>\n<meta name=\"description\" content=\"See opening hours and find contact information at T\u00f8rring Kanoudlejning\" \/>\n<meta name=\"robots\" content=\"index, follow, max-snippet:-1, max-image-preview:large, max-video-preview:-1\" \/>\n<link rel=\"canonical\" href=\"https:\/\/kano-udlejning.dk\/en\/opening-hours\/\" \/>\n<meta property=\"og:locale\" content=\"en_US\" \/>\n<meta property=\"og:type\" content=\"article\" \/>\n<meta property=\"og:title\" content=\"See opening hours at T\u00f8rring Kanoudlejning\" \/>\n<meta property=\"og:description\" content=\"See opening hours and find contact information at T\u00f8rring Kanoudlejning\" \/>\n<meta property=\"og:url\" content=\"https:\/\/kano-udlejning.dk\/en\/opening-hours\/\" \/>\n<meta property=\"og:site_name\" content=\"T\u00f8rring Kanoudlejning\" \/>\n<meta property=\"article:modified_time\" content=\"2025-03-06T10:33:05+00:00\" \/>\n<meta property=\"og:image\" content=\"https:\/\/kano-udlejning.dk\/wp-content\/uploads\/2019\/05\/bg-1-1024x683.jpg\" \/>\n<meta name=\"twitter:card\" content=\"summary_large_image\" \/>\n<script type=\"application\/ld+json\" class=\"yoast-schema-graph\">{\"@context\":\"https:\/\/schema.org\",\"@graph\":[{\"@type\":\"WebPage\",\"@id\":\"https:\/\/kano-udlejning.dk\/en\/opening-hours\/\",\"url\":\"https:\/\/kano-udlejning.dk\/en\/opening-hours\/\",\"name\":\"See opening hours at T\u00f8rring Kanoudlejning\",\"isPartOf\":{\"@id\":\"https:\/\/kano-udlejning.dk\/en\/#website\"},\"primaryImageOfPage\":{\"@id\":\"https:\/\/kano-udlejning.dk\/en\/opening-hours\/#primaryimage\"},\"image\":{\"@id\":\"https:\/\/kano-udlejning.dk\/en\/opening-hours\/#primaryimage\"},\"thumbnailUrl\":\"https:\/\/kano-udlejning.dk\/wp-content\/uploads\/2019\/05\/bg-1-1024x683.jpg\",\"datePublished\":\"2019-09-10T08:18:53+00:00\",\"dateModified\":\"2025-03-06T10:33:05+00:00\",\"description\":\"See opening hours and find contact information at T\u00f8rring Kanoudlejning\",\"breadcrumb\":{\"@id\":\"https:\/\/kano-udlejning.dk\/en\/opening-hours\/#breadcrumb\"},\"inLanguage\":\"en-US\",\"potentialAction\":[{\"@type\":\"ReadAction\",\"target\":[\"https:\/\/kano-udlejning.dk\/en\/opening-hours\/\"]}]},{\"@type\":\"ImageObject\",\"inLanguage\":\"en-US\",\"@id\":\"https:\/\/kano-udlejning.dk\/en\/opening-hours\/#primaryimage\",\"url\":\"https:\/\/kano-udlejning.dk\/wp-content\/uploads\/2019\/05\/bg-1-1024x683.jpg\",\"contentUrl\":\"https:\/\/kano-udlejning.dk\/wp-content\/uploads\/2019\/05\/bg-1-1024x683.jpg\"},{\"@type\":\"BreadcrumbList\",\"@id\":\"https:\/\/kano-udlejning.dk\/en\/opening-hours\/#breadcrumb\",\"itemListElement\":[{\"@type\":\"ListItem\",\"position\":1,\"name\":\"Home\",\"item\":\"https:\/\/kano-udlejning.dk\/en\/\"},{\"@type\":\"ListItem\",\"position\":2,\"name\":\"Opening hours\"}]},{\"@type\":\"WebSite\",\"@id\":\"https:\/\/kano-udlejning.dk\/en\/#website\",\"url\":\"https:\/\/kano-udlejning.dk\/en\/\",\"name\":\"T\u00f8rring Kanoudlejning\",\"description\":\"St\u00f8rste Kano- &amp; Kajakudlejer p\u00e5 Guden\u00e5en\",\"publisher\":{\"@id\":\"https:\/\/kano-udlejning.dk\/en\/#organization\"},\"potentialAction\":[{\"@type\":\"SearchAction\",\"target\":{\"@type\":\"EntryPoint\",\"urlTemplate\":\"https:\/\/kano-udlejning.dk\/en\/?s={search_term_string}\"},\"query-input\":{\"@type\":\"PropertyValueSpecification\",\"valueRequired\":true,\"valueName\":\"search_term_string\"}}],\"inLanguage\":\"en-US\"},{\"@type\":\"Organization\",\"@id\":\"https:\/\/kano-udlejning.dk\/en\/#organization\",\"name\":\"T\u00f8rring Kanoudlejning\",\"url\":\"https:\/\/kano-udlejning.dk\/en\/\",\"logo\":{\"@type\":\"ImageObject\",\"inLanguage\":\"en-US\",\"@id\":\"https:\/\/kano-udlejning.dk\/en\/#\/schema\/logo\/image\/\",\"url\":\"https:\/\/kano-udlejning.dk\/wp-content\/uploads\/2024\/09\/favicon.png\",\"contentUrl\":\"https:\/\/kano-udlejning.dk\/wp-content\/uploads\/2024\/09\/favicon.png\",\"width\":32,\"height\":32,\"caption\":\"T\u00f8rring Kanoudlejning\"},\"image\":{\"@id\":\"https:\/\/kano-udlejning.dk\/en\/#\/schema\/logo\/image\/\"}}]}<\/script>\n<!-- \/ Yoast SEO plugin. -->","yoast_head_json":{"title":"See opening hours at T\u00f8rring Kanoudlejning","description":"See opening hours and find contact information at T\u00f8rring Kanoudlejning","robots":{"index":"index","follow":"follow","max-snippet":"max-snippet:-1","max-image-preview":"max-image-preview:large","max-video-preview":"max-video-preview:-1"},"canonical":"https:\/\/kano-udlejning.dk\/en\/opening-hours\/","og_locale":"en_US","og_type":"article","og_title":"See opening hours at T\u00f8rring Kanoudlejning","og_description":"See opening hours and find contact information at T\u00f8rring Kanoudlejning","og_url":"https:\/\/kano-udlejning.dk\/en\/opening-hours\/","og_site_name":"T\u00f8rring Kanoudlejning","article_modified_time":"2025-03-06T10:33:05+00:00","og_image":[{"url":"https:\/\/kano-udlejning.dk\/wp-content\/uploads\/2019\/05\/bg-1-1024x683.jpg","type":"","width":"","height":""}],"twitter_card":"summary_large_image","schema":{"@context":"https:\/\/schema.org","@graph":[{"@type":"WebPage","@id":"https:\/\/kano-udlejning.dk\/en\/opening-hours\/","url":"https:\/\/kano-udlejning.dk\/en\/opening-hours\/","name":"See opening hours at T\u00f8rring Kanoudlejning","isPartOf":{"@id":"https:\/\/kano-udlejning.dk\/en\/#website"},"primaryImageOfPage":{"@id":"https:\/\/kano-udlejning.dk\/en\/opening-hours\/#primaryimage"},"image":{"@id":"https:\/\/kano-udlejning.dk\/en\/opening-hours\/#primaryimage"},"thumbnailUrl":"https:\/\/kano-udlejning.dk\/wp-content\/uploads\/2019\/05\/bg-1-1024x683.jpg","datePublished":"2019-09-10T08:18:53+00:00","dateModified":"2025-03-06T10:33:05+00:00","description":"See opening hours and find contact information at T\u00f8rring Kanoudlejning","breadcrumb":{"@id":"https:\/\/kano-udlejning.dk\/en\/opening-hours\/#breadcrumb"},"inLanguage":"en-US","potentialAction":[{"@type":"ReadAction","target":["https:\/\/kano-udlejning.dk\/en\/opening-hours\/"]}]},{"@type":"ImageObject","inLanguage":"en-US","@id":"https:\/\/kano-udlejning.dk\/en\/opening-hours\/#primaryimage","url":"https:\/\/kano-udlejning.dk\/wp-content\/uploads\/2019\/05\/bg-1-1024x683.jpg","contentUrl":"https:\/\/kano-udlejning.dk\/wp-content\/uploads\/2019\/05\/bg-1-1024x683.jpg"},{"@type":"BreadcrumbList","@id":"https:\/\/kano-udlejning.dk\/en\/opening-hours\/#breadcrumb","itemListElement":[{"@type":"ListItem","position":1,"name":"Home","item":"https:\/\/kano-udlejning.dk\/en\/"},{"@type":"ListItem","position":2,"name":"Opening hours"}]},{"@type":"WebSite","@id":"https:\/\/kano-udlejning.dk\/en\/#website","url":"https:\/\/kano-udlejning.dk\/en\/","name":"T\u00f8rring Kanoudlejning","description":"St\u00f8rste Kano- &amp; Kajakudlejer p\u00e5 Guden\u00e5en","publisher":{"@id":"https:\/\/kano-udlejning.dk\/en\/#organization"},"potentialAction":[{"@type":"SearchAction","target":{"@type":"EntryPoint","urlTemplate":"https:\/\/kano-udlejning.dk\/en\/?s={search_term_string}"},"query-input":{"@type":"PropertyValueSpecification","valueRequired":true,"valueName":"search_term_string"}}],"inLanguage":"en-US"},{"@type":"Organization","@id":"https:\/\/kano-udlejning.dk\/en\/#organization","name":"T\u00f8rring Kanoudlejning","url":"https:\/\/kano-udlejning.dk\/en\/","logo":{"@type":"ImageObject","inLanguage":"en-US","@id":"https:\/\/kano-udlejning.dk\/en\/#\/schema\/logo\/image\/","url":"https:\/\/kano-udlejning.dk\/wp-content\/uploads\/2024\/09\/favicon.png","contentUrl":"https:\/\/kano-udlejning.dk\/wp-content\/uploads\/2024\/09\/favicon.png","width":32,"height":32,"caption":"T\u00f8rring Kanoudlejning"},"image":{"@id":"https:\/\/kano-udlejning.dk\/en\/#\/schema\/logo\/image\/"}}]}},"_links":{"self":[{"href":"https:\/\/kano-udlejning.dk\/en\/wp-json\/wp\/v2\/pages\/335057","targetHints":{"allow":["GET"]}}],"collection":[{"href":"https:\/\/kano-udlejning.dk\/en\/wp-json\/wp\/v2\/pages"}],"about":[{"href":"https:\/\/kano-udlejning.dk\/en\/wp-json\/wp\/v2\/types\/page"}],"author":[{"embeddable":true,"href":"https:\/\/kano-udlejning.dk\/en\/wp-json\/wp\/v2\/users\/1"}],"replies":[{"embeddable":true,"href":"https:\/\/kano-udlejning.dk\/en\/wp-json\/wp\/v2\/comments?post=335057"}],"version-history":[{"count":1,"href":"https:\/\/kano-udlejning.dk\/en\/wp-json\/wp\/v2\/pages\/335057\/revisions"}],"predecessor-version":[{"id":335058,"href":"https:\/\/kano-udlejning.dk\/en\/wp-json\/wp\/v2\/pages\/335057\/revisions\/335058"}],"wp:attachment":[{"href":"https:\/\/kano-udlejning.dk\/en\/wp-json\/wp\/v2\/media?parent=335057"}],"curies":[{"name":"wp","href":"https:\/\/api.w.org\/{rel}","templated":true}]}}