{"id":335028,"date":"2024-12-06T13:52:15","date_gmt":"2024-12-06T12:52:15","guid":{"rendered":"https:\/\/kano-udlejning.dk\/gudena-camping-braedstrup\/"},"modified":"2025-03-06T11:33:43","modified_gmt":"2025-03-06T10:33:43","slug":"gudena-camping-braedstrup","status":"publish","type":"page","link":"https:\/\/kano-udlejning.dk\/en\/plan-your-canoe-trip\/places-to-stay\/gudena-camping-braedstrup\/","title":{"rendered":"Guden\u00e5 Camping Br\u00e6dstrup"},"content":{"rendered":"<p>Guden\u00e5camping Br\u00e6dstrup, Bolundvej 4 Nim, 8740 Br\u00e6dstrup<br \/>\nTel. +45 75 76 30 70<br \/>\nwww.gudenaacamping.dk<br \/>\nPrice: Adult DKK 96 &#8211; Child DKK 56 &#8211; Tent DKK 55 + DKK 6 in environmental tax.    <\/p>\n<p><strong><em>At the campsite there are: <\/em><\/strong><em>toilet &#8211; shower &#8211; drinking water &#8211; kitchen &#8211; fire pit with barbecue &#8211; table\/bench set &#8211; covered dining hall &#8211; electricity &#8211; shop &#8211; cafeteria &#8211; playground &#8211; pool<\/em><\/p>\n<p><em>Guden\u00e5camping Br\u00e6dstrup is located 21 km from T\u00f8rring. If you want to end here at the campsite and not stay overnight, this costs DKK 50.00 extra per canoe. <\/em><\/p>\n<p><em>Want help planning your trip?  <a title=\"https:\/\/kano-udlejning.dk\/p\/planlaeg-turen\" href=\"https:\/\/kano-udlejning.dk\/en\/package-deals\/plan-the-trip-yourself\/\">See more here<\/a><\/em><\/p>\n<p><strong>Find your way to Guden\u00e5 Camping Br\u00e6dstrup<\/strong><\/p>\n<p><iframe loading=\"lazy\" style=\"border: 0;\" src=\"https:\/\/www.google.com\/maps\/embed?pb=!1m18!1m12!1m3!1d3340.564428511885!2d9.6492255133064!3d55.935458473040235!2m3!1f0!2f0!3f0!3m2!1i1024!2i768!4f13.1!3m3!1m2!1s0x464c793e69dd3ecd%3A0xaf6f1a57bbb1bed9!2sGuden%C3%A5%20Camping%20og%20Kanoudlejning%20Br%C3%A6dstrup!5e1!3m2!1sda!2sdk!4v1733489521723!5m2!1sda!2sdk\" width=\"600\" height=\"450\" allowfullscreen=\"allowfullscreen\"><\/iframe><\/p>\n","protected":false},"excerpt":{"rendered":"<p>Guden\u00e5camping Br\u00e6dstrup, Bolundvej 4 Nim, 8740 Br\u00e6dstrup Tel. +45 75 76 30 70 www.gudenaacamping.dk Price: Adult DKK 96 &#8211; Child DKK 56 &#8211; Tent DKK 55 + DKK 6 in environmental tax. At the campsite there are: toilet &#8211; shower &#8211; drinking water &#8211; kitchen &#8211; fire pit with barbecue &#8211; table\/bench set &#8211; covered&hellip; <a class=\"continue\" href=\"https:\/\/kano-udlejning.dk\/en\/plan-your-canoe-trip\/places-to-stay\/gudena-camping-braedstrup\/\">L\u00e6s mere<span> Guden\u00e5 Camping Br\u00e6dstrup<\/span><\/a><\/p>\n","protected":false},"author":1,"featured_media":0,"parent":335090,"menu_order":0,"comment_status":"closed","ping_status":"closed","template":"","meta":{"_acf_changed":false,"site-sidebar-layout":"default","site-content-layout":"","ast-site-content-layout":"default","site-content-style":"default","site-sidebar-style":"default","ast-global-header-display":"","ast-banner-title-visibility":"","ast-main-header-display":"","ast-hfb-above-header-display":"","ast-hfb-below-header-display":"","ast-hfb-mobile-header-display":"","site-post-title":"","ast-breadcrumbs-content":"","ast-featured-img":"","footer-sml-layout":"","ast-disable-related-posts":"","theme-transparent-header-meta":"default","adv-header-id-meta":"","stick-header-meta":"","header-above-stick-meta":"","header-main-stick-meta":"","header-below-stick-meta":"","astra-migrate-meta-layouts":"default","ast-page-background-enabled":"default","ast-page-background-meta":{"desktop":{"background-color":"","background-image":"","background-repeat":"repeat","background-position":"center center","background-size":"auto","background-attachment":"scroll","background-type":"","background-media":"","overlay-type":"","overlay-color":"","overlay-opacity":"","overlay-gradient":""},"tablet":{"background-color":"","background-image":"","background-repeat":"repeat","background-position":"center center","background-size":"auto","background-attachment":"scroll","background-type":"","background-media":"","overlay-type":"","overlay-color":"","overlay-opacity":"","overlay-gradient":""},"mobile":{"background-color":"","background-image":"","background-repeat":"repeat","background-position":"center center","background-size":"auto","background-attachment":"scroll","background-type":"","background-media":"","overlay-type":"","overlay-color":"","overlay-opacity":"","overlay-gradient":""}},"ast-content-background-meta":{"desktop":{"background-color":"var(--ast-global-color-5)","background-image":"","background-repeat":"repeat","background-position":"center center","background-size":"auto","background-attachment":"scroll","background-type":"","background-media":"","overlay-type":"","overlay-color":"","overlay-opacity":"","overlay-gradient":""},"tablet":{"background-color":"var(--ast-global-color-5)","background-image":"","background-repeat":"repeat","background-position":"center center","background-size":"auto","background-attachment":"scroll","background-type":"","background-media":"","overlay-type":"","overlay-color":"","overlay-opacity":"","overlay-gradient":""},"mobile":{"background-color":"var(--ast-global-color-5)","background-image":"","background-repeat":"repeat","background-position":"center center","background-size":"auto","background-attachment":"scroll","background-type":"","background-media":"","overlay-type":"","overlay-color":"","overlay-opacity":"","overlay-gradient":""}},"footnotes":""},"class_list":["post-335028","page","type-page","status-publish","hentry"],"acf":[],"yoast_head":"<!-- This site is optimized with the Yoast SEO plugin v27.2 - https:\/\/yoast.com\/product\/yoast-seo-wordpress\/ -->\n<title>Guden\u00e5 Camping, Br\u00e6dstrup<\/title>\n<meta name=\"robots\" content=\"index, follow, max-snippet:-1, max-image-preview:large, max-video-preview:-1\" \/>\n<link rel=\"canonical\" href=\"https:\/\/kano-udlejning.dk\/en\/plan-your-canoe-trip\/places-to-stay\/gudena-camping-braedstrup\/\" \/>\n<meta property=\"og:locale\" content=\"en_US\" \/>\n<meta property=\"og:type\" content=\"article\" \/>\n<meta property=\"og:title\" content=\"Guden\u00e5 Camping, Br\u00e6dstrup\" \/>\n<meta property=\"og:description\" content=\"Guden\u00e5camping Br\u00e6dstrup, Bolundvej 4 Nim, 8740 Br\u00e6dstrup Tel. +45 75 76 30 70 www.gudenaacamping.dk Price: Adult DKK 96 &#8211; Child DKK 56 &#8211; Tent DKK 55 + DKK 6 in environmental tax. At the campsite there are: toilet &#8211; shower &#8211; drinking water &#8211; kitchen &#8211; fire pit with barbecue &#8211; table\/bench set &#8211; covered&hellip; L\u00e6s mere Guden\u00e5 Camping Br\u00e6dstrup\" \/>\n<meta property=\"og:url\" content=\"https:\/\/kano-udlejning.dk\/en\/plan-your-canoe-trip\/places-to-stay\/gudena-camping-braedstrup\/\" \/>\n<meta property=\"og:site_name\" content=\"T\u00f8rring Kanoudlejning\" \/>\n<meta property=\"article:modified_time\" content=\"2025-03-06T10:33:43+00:00\" \/>\n<meta property=\"og:image\" content=\"https:\/\/kano-udlejning.dk\/wp-content\/uploads\/2025\/01\/logo-mails.png\" \/>\n\t<meta property=\"og:image:width\" content=\"280\" \/>\n\t<meta property=\"og:image:height\" content=\"104\" \/>\n\t<meta property=\"og:image:type\" content=\"image\/png\" \/>\n<meta name=\"twitter:card\" content=\"summary_large_image\" \/>\n<meta name=\"twitter:label1\" content=\"Est. reading time\" \/>\n\t<meta name=\"twitter:data1\" content=\"1 minute\" \/>\n<script type=\"application\/ld+json\" class=\"yoast-schema-graph\">{\"@context\":\"https:\/\/schema.org\",\"@graph\":[{\"@type\":\"WebPage\",\"@id\":\"https:\/\/kano-udlejning.dk\/en\/plan-your-canoe-trip\/places-to-stay\/gudena-camping-braedstrup\/\",\"url\":\"https:\/\/kano-udlejning.dk\/en\/plan-your-canoe-trip\/places-to-stay\/gudena-camping-braedstrup\/\",\"name\":\"Guden\u00e5 Camping, Br\u00e6dstrup\",\"isPartOf\":{\"@id\":\"https:\/\/kano-udlejning.dk\/en\/#website\"},\"datePublished\":\"2024-12-06T12:52:15+00:00\",\"dateModified\":\"2025-03-06T10:33:43+00:00\",\"breadcrumb\":{\"@id\":\"https:\/\/kano-udlejning.dk\/en\/plan-your-canoe-trip\/places-to-stay\/gudena-camping-braedstrup\/#breadcrumb\"},\"inLanguage\":\"en-US\",\"potentialAction\":[{\"@type\":\"ReadAction\",\"target\":[\"https:\/\/kano-udlejning.dk\/en\/plan-your-canoe-trip\/places-to-stay\/gudena-camping-braedstrup\/\"]}]},{\"@type\":\"BreadcrumbList\",\"@id\":\"https:\/\/kano-udlejning.dk\/en\/plan-your-canoe-trip\/places-to-stay\/gudena-camping-braedstrup\/#breadcrumb\",\"itemListElement\":[{\"@type\":\"ListItem\",\"position\":1,\"name\":\"Home\",\"item\":\"https:\/\/kano-udlejning.dk\/en\/\"},{\"@type\":\"ListItem\",\"position\":2,\"name\":\"Plan your canoe trip\",\"item\":\"https:\/\/kano-udlejning.dk\/en\/plan-your-canoe-trip\/\"},{\"@type\":\"ListItem\",\"position\":3,\"name\":\"Places to stay\",\"item\":\"https:\/\/kano-udlejning.dk\/en\/plan-your-canoe-trip\/places-to-stay\/\"},{\"@type\":\"ListItem\",\"position\":4,\"name\":\"Guden\u00e5 Camping Br\u00e6dstrup\"}]},{\"@type\":\"WebSite\",\"@id\":\"https:\/\/kano-udlejning.dk\/en\/#website\",\"url\":\"https:\/\/kano-udlejning.dk\/en\/\",\"name\":\"T\u00f8rring Kanoudlejning\",\"description\":\"St\u00f8rste Kano- &amp; Kajakudlejer p\u00e5 Guden\u00e5en\",\"publisher\":{\"@id\":\"https:\/\/kano-udlejning.dk\/en\/#organization\"},\"potentialAction\":[{\"@type\":\"SearchAction\",\"target\":{\"@type\":\"EntryPoint\",\"urlTemplate\":\"https:\/\/kano-udlejning.dk\/en\/?s={search_term_string}\"},\"query-input\":{\"@type\":\"PropertyValueSpecification\",\"valueRequired\":true,\"valueName\":\"search_term_string\"}}],\"inLanguage\":\"en-US\"},{\"@type\":\"Organization\",\"@id\":\"https:\/\/kano-udlejning.dk\/en\/#organization\",\"name\":\"T\u00f8rring Kanoudlejning\",\"url\":\"https:\/\/kano-udlejning.dk\/en\/\",\"logo\":{\"@type\":\"ImageObject\",\"inLanguage\":\"en-US\",\"@id\":\"https:\/\/kano-udlejning.dk\/en\/#\/schema\/logo\/image\/\",\"url\":\"https:\/\/kano-udlejning.dk\/wp-content\/uploads\/2024\/09\/favicon.png\",\"contentUrl\":\"https:\/\/kano-udlejning.dk\/wp-content\/uploads\/2024\/09\/favicon.png\",\"width\":32,\"height\":32,\"caption\":\"T\u00f8rring Kanoudlejning\"},\"image\":{\"@id\":\"https:\/\/kano-udlejning.dk\/en\/#\/schema\/logo\/image\/\"}}]}<\/script>\n<!-- \/ Yoast SEO plugin. -->","yoast_head_json":{"title":"Guden\u00e5 Camping, Br\u00e6dstrup","robots":{"index":"index","follow":"follow","max-snippet":"max-snippet:-1","max-image-preview":"max-image-preview:large","max-video-preview":"max-video-preview:-1"},"canonical":"https:\/\/kano-udlejning.dk\/en\/plan-your-canoe-trip\/places-to-stay\/gudena-camping-braedstrup\/","og_locale":"en_US","og_type":"article","og_title":"Guden\u00e5 Camping, Br\u00e6dstrup","og_description":"Guden\u00e5camping Br\u00e6dstrup, Bolundvej 4 Nim, 8740 Br\u00e6dstrup Tel. +45 75 76 30 70 www.gudenaacamping.dk Price: Adult DKK 96 &#8211; Child DKK 56 &#8211; Tent DKK 55 + DKK 6 in environmental tax. At the campsite there are: toilet &#8211; shower &#8211; drinking water &#8211; kitchen &#8211; fire pit with barbecue &#8211; table\/bench set &#8211; covered&hellip; L\u00e6s mere Guden\u00e5 Camping Br\u00e6dstrup","og_url":"https:\/\/kano-udlejning.dk\/en\/plan-your-canoe-trip\/places-to-stay\/gudena-camping-braedstrup\/","og_site_name":"T\u00f8rring Kanoudlejning","article_modified_time":"2025-03-06T10:33:43+00:00","og_image":[{"width":280,"height":104,"url":"https:\/\/kano-udlejning.dk\/wp-content\/uploads\/2025\/01\/logo-mails.png","type":"image\/png"}],"twitter_card":"summary_large_image","twitter_misc":{"Est. reading time":"1 minute"},"schema":{"@context":"https:\/\/schema.org","@graph":[{"@type":"WebPage","@id":"https:\/\/kano-udlejning.dk\/en\/plan-your-canoe-trip\/places-to-stay\/gudena-camping-braedstrup\/","url":"https:\/\/kano-udlejning.dk\/en\/plan-your-canoe-trip\/places-to-stay\/gudena-camping-braedstrup\/","name":"Guden\u00e5 Camping, Br\u00e6dstrup","isPartOf":{"@id":"https:\/\/kano-udlejning.dk\/en\/#website"},"datePublished":"2024-12-06T12:52:15+00:00","dateModified":"2025-03-06T10:33:43+00:00","breadcrumb":{"@id":"https:\/\/kano-udlejning.dk\/en\/plan-your-canoe-trip\/places-to-stay\/gudena-camping-braedstrup\/#breadcrumb"},"inLanguage":"en-US","potentialAction":[{"@type":"ReadAction","target":["https:\/\/kano-udlejning.dk\/en\/plan-your-canoe-trip\/places-to-stay\/gudena-camping-braedstrup\/"]}]},{"@type":"BreadcrumbList","@id":"https:\/\/kano-udlejning.dk\/en\/plan-your-canoe-trip\/places-to-stay\/gudena-camping-braedstrup\/#breadcrumb","itemListElement":[{"@type":"ListItem","position":1,"name":"Home","item":"https:\/\/kano-udlejning.dk\/en\/"},{"@type":"ListItem","position":2,"name":"Plan your canoe trip","item":"https:\/\/kano-udlejning.dk\/en\/plan-your-canoe-trip\/"},{"@type":"ListItem","position":3,"name":"Places to stay","item":"https:\/\/kano-udlejning.dk\/en\/plan-your-canoe-trip\/places-to-stay\/"},{"@type":"ListItem","position":4,"name":"Guden\u00e5 Camping Br\u00e6dstrup"}]},{"@type":"WebSite","@id":"https:\/\/kano-udlejning.dk\/en\/#website","url":"https:\/\/kano-udlejning.dk\/en\/","name":"T\u00f8rring Kanoudlejning","description":"St\u00f8rste Kano- &amp; Kajakudlejer p\u00e5 Guden\u00e5en","publisher":{"@id":"https:\/\/kano-udlejning.dk\/en\/#organization"},"potentialAction":[{"@type":"SearchAction","target":{"@type":"EntryPoint","urlTemplate":"https:\/\/kano-udlejning.dk\/en\/?s={search_term_string}"},"query-input":{"@type":"PropertyValueSpecification","valueRequired":true,"valueName":"search_term_string"}}],"inLanguage":"en-US"},{"@type":"Organization","@id":"https:\/\/kano-udlejning.dk\/en\/#organization","name":"T\u00f8rring Kanoudlejning","url":"https:\/\/kano-udlejning.dk\/en\/","logo":{"@type":"ImageObject","inLanguage":"en-US","@id":"https:\/\/kano-udlejning.dk\/en\/#\/schema\/logo\/image\/","url":"https:\/\/kano-udlejning.dk\/wp-content\/uploads\/2024\/09\/favicon.png","contentUrl":"https:\/\/kano-udlejning.dk\/wp-content\/uploads\/2024\/09\/favicon.png","width":32,"height":32,"caption":"T\u00f8rring Kanoudlejning"},"image":{"@id":"https:\/\/kano-udlejning.dk\/en\/#\/schema\/logo\/image\/"}}]}},"_links":{"self":[{"href":"https:\/\/kano-udlejning.dk\/en\/wp-json\/wp\/v2\/pages\/335028","targetHints":{"allow":["GET"]}}],"collection":[{"href":"https:\/\/kano-udlejning.dk\/en\/wp-json\/wp\/v2\/pages"}],"about":[{"href":"https:\/\/kano-udlejning.dk\/en\/wp-json\/wp\/v2\/types\/page"}],"author":[{"embeddable":true,"href":"https:\/\/kano-udlejning.dk\/en\/wp-json\/wp\/v2\/users\/1"}],"replies":[{"embeddable":true,"href":"https:\/\/kano-udlejning.dk\/en\/wp-json\/wp\/v2\/comments?post=335028"}],"version-history":[{"count":1,"href":"https:\/\/kano-udlejning.dk\/en\/wp-json\/wp\/v2\/pages\/335028\/revisions"}],"predecessor-version":[{"id":335094,"href":"https:\/\/kano-udlejning.dk\/en\/wp-json\/wp\/v2\/pages\/335028\/revisions\/335094"}],"up":[{"embeddable":true,"href":"https:\/\/kano-udlejning.dk\/en\/wp-json\/wp\/v2\/pages\/335090"}],"wp:attachment":[{"href":"https:\/\/kano-udlejning.dk\/en\/wp-json\/wp\/v2\/media?parent=335028"}],"curies":[{"name":"wp","href":"https:\/\/api.w.org\/{rel}","templated":true}]}}