{"id":335013,"date":"2024-12-06T13:58:21","date_gmt":"2024-12-06T12:58:21","guid":{"rendered":"https:\/\/kano-udlejning.dk\/skimminghoj-campsite\/"},"modified":"2025-03-06T11:33:45","modified_gmt":"2025-03-06T10:33:45","slug":"skimminghoj-campsite","status":"publish","type":"page","link":"https:\/\/kano-udlejning.dk\/en\/plan-your-canoe-trip\/places-to-stay\/skimminghoj-campsite\/","title":{"rendered":"Skimmingh\u00f8j Campsite"},"content":{"rendered":"<p>Skimmingh\u00f8j Teltplads, Siimtoften 17, 8680 Ry<br \/>\nPrice: Adult DKK 35 &#8211; Child DKK 35. <\/p>\n<p><strong><em>At Skimmingh\u00f8j Campsite you will find: <\/em><\/strong><em>toilet &#8211; shower (cold water) &#8211; drinking water &#8211; fire pit &#8211; firewood &#8211; table\/bench set &#8211; close to town Tent site 500 m to Kvickly supermarket, caf\u00e9s and restaurants.<\/em><\/p>\n<p><em>Skimmingh\u00f8j campsite is located about 51 km from T\u00f8rring<\/em><\/p>\n<p><em>Want help planning your trip?  <a title=\"https:\/\/kano-udlejning.dk\/p\/planlaeg-turen\" href=\"https:\/\/kano-udlejning.dk\/en\/package-deals\/plan-the-trip-yourself\/\">See more here<\/a> <\/em><\/p>\n<p><strong>Find your way to Skimmingh\u00f8j Teltplads<\/strong><\/p>\n<p><iframe loading=\"lazy\" style=\"border: 0;\" src=\"https:\/\/www.google.com\/maps\/embed?pb=!1m18!1m12!1m3!1d3326.7903225414325!2d9.74545001331312!3d56.095046473101064!2m3!1f0!2f0!3f0!3m2!1i1024!2i768!4f13.1!3m3!1m2!1s0x464c73f925686ebf%3A0x454a7ad09264e858!2sSkimmingh%C3%B8j%20Teltplads!5e1!3m2!1sda!2sdk!4v1733489889010!5m2!1sda!2sdk\" width=\"600\" height=\"450\" allowfullscreen=\"allowfullscreen\"><\/iframe><\/p>\n","protected":false},"excerpt":{"rendered":"<p>Skimmingh\u00f8j Teltplads, Siimtoften 17, 8680 Ry Price: Adult DKK 35 &#8211; Child DKK 35. At Skimmingh\u00f8j Campsite you will find: toilet &#8211; shower (cold water) &#8211; drinking water &#8211; fire pit &#8211; firewood &#8211; table\/bench set &#8211; close to town Tent site 500 m to Kvickly supermarket, caf\u00e9s and restaurants. Skimmingh\u00f8j campsite is located about&hellip; <a class=\"continue\" href=\"https:\/\/kano-udlejning.dk\/en\/plan-your-canoe-trip\/places-to-stay\/skimminghoj-campsite\/\">L\u00e6s mere<span> Skimmingh\u00f8j Campsite<\/span><\/a><\/p>\n","protected":false},"author":1,"featured_media":0,"parent":335090,"menu_order":0,"comment_status":"closed","ping_status":"closed","template":"","meta":{"_acf_changed":false,"site-sidebar-layout":"default","site-content-layout":"","ast-site-content-layout":"default","site-content-style":"default","site-sidebar-style":"default","ast-global-header-display":"","ast-banner-title-visibility":"","ast-main-header-display":"","ast-hfb-above-header-display":"","ast-hfb-below-header-display":"","ast-hfb-mobile-header-display":"","site-post-title":"","ast-breadcrumbs-content":"","ast-featured-img":"","footer-sml-layout":"","ast-disable-related-posts":"","theme-transparent-header-meta":"default","adv-header-id-meta":"","stick-header-meta":"","header-above-stick-meta":"","header-main-stick-meta":"","header-below-stick-meta":"","astra-migrate-meta-layouts":"default","ast-page-background-enabled":"default","ast-page-background-meta":{"desktop":{"background-color":"","background-image":"","background-repeat":"repeat","background-position":"center center","background-size":"auto","background-attachment":"scroll","background-type":"","background-media":"","overlay-type":"","overlay-color":"","overlay-opacity":"","overlay-gradient":""},"tablet":{"background-color":"","background-image":"","background-repeat":"repeat","background-position":"center center","background-size":"auto","background-attachment":"scroll","background-type":"","background-media":"","overlay-type":"","overlay-color":"","overlay-opacity":"","overlay-gradient":""},"mobile":{"background-color":"","background-image":"","background-repeat":"repeat","background-position":"center center","background-size":"auto","background-attachment":"scroll","background-type":"","background-media":"","overlay-type":"","overlay-color":"","overlay-opacity":"","overlay-gradient":""}},"ast-content-background-meta":{"desktop":{"background-color":"var(--ast-global-color-5)","background-image":"","background-repeat":"repeat","background-position":"center center","background-size":"auto","background-attachment":"scroll","background-type":"","background-media":"","overlay-type":"","overlay-color":"","overlay-opacity":"","overlay-gradient":""},"tablet":{"background-color":"var(--ast-global-color-5)","background-image":"","background-repeat":"repeat","background-position":"center center","background-size":"auto","background-attachment":"scroll","background-type":"","background-media":"","overlay-type":"","overlay-color":"","overlay-opacity":"","overlay-gradient":""},"mobile":{"background-color":"var(--ast-global-color-5)","background-image":"","background-repeat":"repeat","background-position":"center center","background-size":"auto","background-attachment":"scroll","background-type":"","background-media":"","overlay-type":"","overlay-color":"","overlay-opacity":"","overlay-gradient":""}},"footnotes":""},"class_list":["post-335013","page","type-page","status-publish","hentry"],"acf":[],"yoast_head":"<!-- This site is optimized with the Yoast SEO plugin v27.2 - https:\/\/yoast.com\/product\/yoast-seo-wordpress\/ -->\n<title>Skimmingh\u00f8j Teltplads, Ry<\/title>\n<meta name=\"robots\" content=\"index, follow, max-snippet:-1, max-image-preview:large, max-video-preview:-1\" \/>\n<link rel=\"canonical\" href=\"https:\/\/kano-udlejning.dk\/en\/plan-your-canoe-trip\/places-to-stay\/skimminghoj-campsite\/\" \/>\n<meta property=\"og:locale\" content=\"en_US\" \/>\n<meta property=\"og:type\" content=\"article\" \/>\n<meta property=\"og:title\" content=\"Skimmingh\u00f8j Teltplads, Ry\" \/>\n<meta property=\"og:description\" content=\"Skimmingh\u00f8j Teltplads, Siimtoften 17, 8680 Ry Price: Adult DKK 35 &#8211; Child DKK 35. At Skimmingh\u00f8j Campsite you will find: toilet &#8211; shower (cold water) &#8211; drinking water &#8211; fire pit &#8211; firewood &#8211; table\/bench set &#8211; close to town Tent site 500 m to Kvickly supermarket, caf\u00e9s and restaurants. Skimmingh\u00f8j campsite is located about&hellip; L\u00e6s mere Skimmingh\u00f8j Campsite\" \/>\n<meta property=\"og:url\" content=\"https:\/\/kano-udlejning.dk\/en\/plan-your-canoe-trip\/places-to-stay\/skimminghoj-campsite\/\" \/>\n<meta property=\"og:site_name\" content=\"T\u00f8rring Kanoudlejning\" \/>\n<meta property=\"article:modified_time\" content=\"2025-03-06T10:33:45+00:00\" \/>\n<meta property=\"og:image\" content=\"https:\/\/kano-udlejning.dk\/wp-content\/uploads\/2025\/01\/logo-mails.png\" \/>\n\t<meta property=\"og:image:width\" content=\"280\" \/>\n\t<meta property=\"og:image:height\" content=\"104\" \/>\n\t<meta property=\"og:image:type\" content=\"image\/png\" \/>\n<meta name=\"twitter:card\" content=\"summary_large_image\" \/>\n<script type=\"application\/ld+json\" class=\"yoast-schema-graph\">{\"@context\":\"https:\/\/schema.org\",\"@graph\":[{\"@type\":\"WebPage\",\"@id\":\"https:\/\/kano-udlejning.dk\/en\/plan-your-canoe-trip\/places-to-stay\/skimminghoj-campsite\/\",\"url\":\"https:\/\/kano-udlejning.dk\/en\/plan-your-canoe-trip\/places-to-stay\/skimminghoj-campsite\/\",\"name\":\"Skimmingh\u00f8j Teltplads, Ry\",\"isPartOf\":{\"@id\":\"https:\/\/kano-udlejning.dk\/en\/#website\"},\"datePublished\":\"2024-12-06T12:58:21+00:00\",\"dateModified\":\"2025-03-06T10:33:45+00:00\",\"breadcrumb\":{\"@id\":\"https:\/\/kano-udlejning.dk\/en\/plan-your-canoe-trip\/places-to-stay\/skimminghoj-campsite\/#breadcrumb\"},\"inLanguage\":\"en-US\",\"potentialAction\":[{\"@type\":\"ReadAction\",\"target\":[\"https:\/\/kano-udlejning.dk\/en\/plan-your-canoe-trip\/places-to-stay\/skimminghoj-campsite\/\"]}]},{\"@type\":\"BreadcrumbList\",\"@id\":\"https:\/\/kano-udlejning.dk\/en\/plan-your-canoe-trip\/places-to-stay\/skimminghoj-campsite\/#breadcrumb\",\"itemListElement\":[{\"@type\":\"ListItem\",\"position\":1,\"name\":\"Home\",\"item\":\"https:\/\/kano-udlejning.dk\/en\/\"},{\"@type\":\"ListItem\",\"position\":2,\"name\":\"Plan your canoe trip\",\"item\":\"https:\/\/kano-udlejning.dk\/en\/plan-your-canoe-trip\/\"},{\"@type\":\"ListItem\",\"position\":3,\"name\":\"Places to stay\",\"item\":\"https:\/\/kano-udlejning.dk\/en\/plan-your-canoe-trip\/places-to-stay\/\"},{\"@type\":\"ListItem\",\"position\":4,\"name\":\"Skimmingh\u00f8j Campsite\"}]},{\"@type\":\"WebSite\",\"@id\":\"https:\/\/kano-udlejning.dk\/en\/#website\",\"url\":\"https:\/\/kano-udlejning.dk\/en\/\",\"name\":\"T\u00f8rring Kanoudlejning\",\"description\":\"St\u00f8rste Kano- &amp; Kajakudlejer p\u00e5 Guden\u00e5en\",\"publisher\":{\"@id\":\"https:\/\/kano-udlejning.dk\/en\/#organization\"},\"potentialAction\":[{\"@type\":\"SearchAction\",\"target\":{\"@type\":\"EntryPoint\",\"urlTemplate\":\"https:\/\/kano-udlejning.dk\/en\/?s={search_term_string}\"},\"query-input\":{\"@type\":\"PropertyValueSpecification\",\"valueRequired\":true,\"valueName\":\"search_term_string\"}}],\"inLanguage\":\"en-US\"},{\"@type\":\"Organization\",\"@id\":\"https:\/\/kano-udlejning.dk\/en\/#organization\",\"name\":\"T\u00f8rring Kanoudlejning\",\"url\":\"https:\/\/kano-udlejning.dk\/en\/\",\"logo\":{\"@type\":\"ImageObject\",\"inLanguage\":\"en-US\",\"@id\":\"https:\/\/kano-udlejning.dk\/en\/#\/schema\/logo\/image\/\",\"url\":\"https:\/\/kano-udlejning.dk\/wp-content\/uploads\/2024\/09\/favicon.png\",\"contentUrl\":\"https:\/\/kano-udlejning.dk\/wp-content\/uploads\/2024\/09\/favicon.png\",\"width\":32,\"height\":32,\"caption\":\"T\u00f8rring Kanoudlejning\"},\"image\":{\"@id\":\"https:\/\/kano-udlejning.dk\/en\/#\/schema\/logo\/image\/\"}}]}<\/script>\n<!-- \/ Yoast SEO plugin. -->","yoast_head_json":{"title":"Skimmingh\u00f8j Teltplads, Ry","robots":{"index":"index","follow":"follow","max-snippet":"max-snippet:-1","max-image-preview":"max-image-preview:large","max-video-preview":"max-video-preview:-1"},"canonical":"https:\/\/kano-udlejning.dk\/en\/plan-your-canoe-trip\/places-to-stay\/skimminghoj-campsite\/","og_locale":"en_US","og_type":"article","og_title":"Skimmingh\u00f8j Teltplads, Ry","og_description":"Skimmingh\u00f8j Teltplads, Siimtoften 17, 8680 Ry Price: Adult DKK 35 &#8211; Child DKK 35. At Skimmingh\u00f8j Campsite you will find: toilet &#8211; shower (cold water) &#8211; drinking water &#8211; fire pit &#8211; firewood &#8211; table\/bench set &#8211; close to town Tent site 500 m to Kvickly supermarket, caf\u00e9s and restaurants. Skimmingh\u00f8j campsite is located about&hellip; L\u00e6s mere Skimmingh\u00f8j Campsite","og_url":"https:\/\/kano-udlejning.dk\/en\/plan-your-canoe-trip\/places-to-stay\/skimminghoj-campsite\/","og_site_name":"T\u00f8rring Kanoudlejning","article_modified_time":"2025-03-06T10:33:45+00:00","og_image":[{"width":280,"height":104,"url":"https:\/\/kano-udlejning.dk\/wp-content\/uploads\/2025\/01\/logo-mails.png","type":"image\/png"}],"twitter_card":"summary_large_image","schema":{"@context":"https:\/\/schema.org","@graph":[{"@type":"WebPage","@id":"https:\/\/kano-udlejning.dk\/en\/plan-your-canoe-trip\/places-to-stay\/skimminghoj-campsite\/","url":"https:\/\/kano-udlejning.dk\/en\/plan-your-canoe-trip\/places-to-stay\/skimminghoj-campsite\/","name":"Skimmingh\u00f8j Teltplads, Ry","isPartOf":{"@id":"https:\/\/kano-udlejning.dk\/en\/#website"},"datePublished":"2024-12-06T12:58:21+00:00","dateModified":"2025-03-06T10:33:45+00:00","breadcrumb":{"@id":"https:\/\/kano-udlejning.dk\/en\/plan-your-canoe-trip\/places-to-stay\/skimminghoj-campsite\/#breadcrumb"},"inLanguage":"en-US","potentialAction":[{"@type":"ReadAction","target":["https:\/\/kano-udlejning.dk\/en\/plan-your-canoe-trip\/places-to-stay\/skimminghoj-campsite\/"]}]},{"@type":"BreadcrumbList","@id":"https:\/\/kano-udlejning.dk\/en\/plan-your-canoe-trip\/places-to-stay\/skimminghoj-campsite\/#breadcrumb","itemListElement":[{"@type":"ListItem","position":1,"name":"Home","item":"https:\/\/kano-udlejning.dk\/en\/"},{"@type":"ListItem","position":2,"name":"Plan your canoe trip","item":"https:\/\/kano-udlejning.dk\/en\/plan-your-canoe-trip\/"},{"@type":"ListItem","position":3,"name":"Places to stay","item":"https:\/\/kano-udlejning.dk\/en\/plan-your-canoe-trip\/places-to-stay\/"},{"@type":"ListItem","position":4,"name":"Skimmingh\u00f8j Campsite"}]},{"@type":"WebSite","@id":"https:\/\/kano-udlejning.dk\/en\/#website","url":"https:\/\/kano-udlejning.dk\/en\/","name":"T\u00f8rring Kanoudlejning","description":"St\u00f8rste Kano- &amp; Kajakudlejer p\u00e5 Guden\u00e5en","publisher":{"@id":"https:\/\/kano-udlejning.dk\/en\/#organization"},"potentialAction":[{"@type":"SearchAction","target":{"@type":"EntryPoint","urlTemplate":"https:\/\/kano-udlejning.dk\/en\/?s={search_term_string}"},"query-input":{"@type":"PropertyValueSpecification","valueRequired":true,"valueName":"search_term_string"}}],"inLanguage":"en-US"},{"@type":"Organization","@id":"https:\/\/kano-udlejning.dk\/en\/#organization","name":"T\u00f8rring Kanoudlejning","url":"https:\/\/kano-udlejning.dk\/en\/","logo":{"@type":"ImageObject","inLanguage":"en-US","@id":"https:\/\/kano-udlejning.dk\/en\/#\/schema\/logo\/image\/","url":"https:\/\/kano-udlejning.dk\/wp-content\/uploads\/2024\/09\/favicon.png","contentUrl":"https:\/\/kano-udlejning.dk\/wp-content\/uploads\/2024\/09\/favicon.png","width":32,"height":32,"caption":"T\u00f8rring Kanoudlejning"},"image":{"@id":"https:\/\/kano-udlejning.dk\/en\/#\/schema\/logo\/image\/"}}]}},"_links":{"self":[{"href":"https:\/\/kano-udlejning.dk\/en\/wp-json\/wp\/v2\/pages\/335013","targetHints":{"allow":["GET"]}}],"collection":[{"href":"https:\/\/kano-udlejning.dk\/en\/wp-json\/wp\/v2\/pages"}],"about":[{"href":"https:\/\/kano-udlejning.dk\/en\/wp-json\/wp\/v2\/types\/page"}],"author":[{"embeddable":true,"href":"https:\/\/kano-udlejning.dk\/en\/wp-json\/wp\/v2\/users\/1"}],"replies":[{"embeddable":true,"href":"https:\/\/kano-udlejning.dk\/en\/wp-json\/wp\/v2\/comments?post=335013"}],"version-history":[{"count":1,"href":"https:\/\/kano-udlejning.dk\/en\/wp-json\/wp\/v2\/pages\/335013\/revisions"}],"predecessor-version":[{"id":335100,"href":"https:\/\/kano-udlejning.dk\/en\/wp-json\/wp\/v2\/pages\/335013\/revisions\/335100"}],"up":[{"embeddable":true,"href":"https:\/\/kano-udlejning.dk\/en\/wp-json\/wp\/v2\/pages\/335090"}],"wp:attachment":[{"href":"https:\/\/kano-udlejning.dk\/en\/wp-json\/wp\/v2\/media?parent=335013"}],"curies":[{"name":"wp","href":"https:\/\/api.w.org\/{rel}","templated":true}]}}