{"id":335001,"date":"2024-12-06T14:08:01","date_gmt":"2024-12-06T13:08:01","guid":{"rendered":"https:\/\/kano-udlejning.dk\/bamsebo-camping\/"},"modified":"2025-03-06T11:33:49","modified_gmt":"2025-03-06T10:33:49","slug":"bamsebo-camping","status":"publish","type":"page","link":"https:\/\/kano-udlejning.dk\/en\/plan-your-canoe-trip\/places-to-stay\/bamsebo-camping\/","title":{"rendered":"Bamsebo Camping"},"content":{"rendered":"<p>Bamsebo Camping, Hagenstrupvej 28, 8860 Ulstrup<\/p>\n<p>Tel. +45 86 46 34 27<br \/>\nwww.bamsebo.dk<br \/>\nPrice: Adult DKK 100. Child: DKK 65 &#8211; Tent DKK 65.   <\/p>\n<p><strong><em>At the accommodation there are: <\/em><\/strong><em>toilet &#8211; shower &#8211; drinking water &#8211; kitchen &#8211; fire pit &#8211; tables\/bench sets &#8211; barbecue electricity &#8211; kiosk &#8211; playground &#8211; pool &#8211; mini golf &#8211; fishing.<\/em><\/p>\n<p><em>Bamsebo Camping is about 112 km from T\u00f8rring.<\/em><\/p>\n<p><em>Want help planning your trip?  <a title=\"https:\/\/kano-udlejning.dk\/p\/planlaeg-turen\" href=\"https:\/\/kano-udlejning.dk\/en\/package-deals\/plan-the-trip-yourself\/\">See more here<\/a><\/em><\/p>\n<p><strong>Find your way to Bamsebo Camping<\/strong><\/p>\n<p><iframe src=\"https:\/\/www.google.com\/maps\/embed?pb=!1m18!1m12!1m3!1d3301.471142441819!2d9.76041051332544!3d56.38762097321463!2m3!1f0!2f0!3f0!3m2!1i1024!2i768!4f13.1!3m3!1m2!1s0x464c07bda89db7d3%3A0xa08e4f9595ee3914!2sBamsebo%20Camping!5e1!3m2!1sda!2sdk!4v1733490472218!5m2!1sda!2sdk\" width=\"600\" height=\"450\" style=\"border:0;\" allowfullscreen=\"\" loading=\"lazy\" referrerpolicy=\"no-referrer-when-downgrade\"><\/iframe><\/p>\n","protected":false},"excerpt":{"rendered":"<p>Bamsebo Camping, Hagenstrupvej 28, 8860 Ulstrup Tel. +45 86 46 34 27 www.bamsebo.dk Price: Adult DKK 100. Child: DKK 65 &#8211; Tent DKK 65. At the accommodation there are: toilet &#8211; shower &#8211; drinking water &#8211; kitchen &#8211; fire pit &#8211; tables\/bench sets &#8211; barbecue electricity &#8211; kiosk &#8211; playground &#8211; pool &#8211; mini golf&hellip; <a class=\"continue\" href=\"https:\/\/kano-udlejning.dk\/en\/plan-your-canoe-trip\/places-to-stay\/bamsebo-camping\/\">L\u00e6s mere<span> Bamsebo Camping<\/span><\/a><\/p>\n","protected":false},"author":1,"featured_media":0,"parent":335090,"menu_order":0,"comment_status":"closed","ping_status":"closed","template":"","meta":{"_acf_changed":false,"site-sidebar-layout":"default","site-content-layout":"","ast-site-content-layout":"default","site-content-style":"default","site-sidebar-style":"default","ast-global-header-display":"","ast-banner-title-visibility":"","ast-main-header-display":"","ast-hfb-above-header-display":"","ast-hfb-below-header-display":"","ast-hfb-mobile-header-display":"","site-post-title":"","ast-breadcrumbs-content":"","ast-featured-img":"","footer-sml-layout":"","ast-disable-related-posts":"","theme-transparent-header-meta":"default","adv-header-id-meta":"","stick-header-meta":"","header-above-stick-meta":"","header-main-stick-meta":"","header-below-stick-meta":"","astra-migrate-meta-layouts":"default","ast-page-background-enabled":"default","ast-page-background-meta":{"desktop":{"background-color":"","background-image":"","background-repeat":"repeat","background-position":"center center","background-size":"auto","background-attachment":"scroll","background-type":"","background-media":"","overlay-type":"","overlay-color":"","overlay-opacity":"","overlay-gradient":""},"tablet":{"background-color":"","background-image":"","background-repeat":"repeat","background-position":"center center","background-size":"auto","background-attachment":"scroll","background-type":"","background-media":"","overlay-type":"","overlay-color":"","overlay-opacity":"","overlay-gradient":""},"mobile":{"background-color":"","background-image":"","background-repeat":"repeat","background-position":"center center","background-size":"auto","background-attachment":"scroll","background-type":"","background-media":"","overlay-type":"","overlay-color":"","overlay-opacity":"","overlay-gradient":""}},"ast-content-background-meta":{"desktop":{"background-color":"var(--ast-global-color-5)","background-image":"","background-repeat":"repeat","background-position":"center center","background-size":"auto","background-attachment":"scroll","background-type":"","background-media":"","overlay-type":"","overlay-color":"","overlay-opacity":"","overlay-gradient":""},"tablet":{"background-color":"var(--ast-global-color-5)","background-image":"","background-repeat":"repeat","background-position":"center center","background-size":"auto","background-attachment":"scroll","background-type":"","background-media":"","overlay-type":"","overlay-color":"","overlay-opacity":"","overlay-gradient":""},"mobile":{"background-color":"var(--ast-global-color-5)","background-image":"","background-repeat":"repeat","background-position":"center center","background-size":"auto","background-attachment":"scroll","background-type":"","background-media":"","overlay-type":"","overlay-color":"","overlay-opacity":"","overlay-gradient":""}},"footnotes":""},"class_list":["post-335001","page","type-page","status-publish","hentry"],"acf":[],"yoast_head":"<!-- This site is optimized with the Yoast SEO plugin v27.2 - https:\/\/yoast.com\/product\/yoast-seo-wordpress\/ -->\n<title>Bamsebo Camping, Ulstrup<\/title>\n<meta name=\"robots\" content=\"index, follow, max-snippet:-1, max-image-preview:large, max-video-preview:-1\" \/>\n<link rel=\"canonical\" href=\"https:\/\/kano-udlejning.dk\/en\/plan-your-canoe-trip\/places-to-stay\/bamsebo-camping\/\" \/>\n<meta property=\"og:locale\" content=\"en_US\" \/>\n<meta property=\"og:type\" content=\"article\" \/>\n<meta property=\"og:title\" content=\"Bamsebo Camping, Ulstrup\" \/>\n<meta property=\"og:description\" content=\"Bamsebo Camping, Hagenstrupvej 28, 8860 Ulstrup Tel. +45 86 46 34 27 www.bamsebo.dk Price: Adult DKK 100. Child: DKK 65 &#8211; Tent DKK 65. At the accommodation there are: toilet &#8211; shower &#8211; drinking water &#8211; kitchen &#8211; fire pit &#8211; tables\/bench sets &#8211; barbecue electricity &#8211; kiosk &#8211; playground &#8211; pool &#8211; mini golf&hellip; L\u00e6s mere Bamsebo Camping\" \/>\n<meta property=\"og:url\" content=\"https:\/\/kano-udlejning.dk\/en\/plan-your-canoe-trip\/places-to-stay\/bamsebo-camping\/\" \/>\n<meta property=\"og:site_name\" content=\"T\u00f8rring Kanoudlejning\" \/>\n<meta property=\"article:modified_time\" content=\"2025-03-06T10:33:49+00:00\" \/>\n<meta property=\"og:image\" content=\"https:\/\/kano-udlejning.dk\/wp-content\/uploads\/2025\/01\/logo-mails.png\" \/>\n\t<meta property=\"og:image:width\" content=\"280\" \/>\n\t<meta property=\"og:image:height\" content=\"104\" \/>\n\t<meta property=\"og:image:type\" content=\"image\/png\" \/>\n<meta name=\"twitter:card\" content=\"summary_large_image\" \/>\n<script type=\"application\/ld+json\" class=\"yoast-schema-graph\">{\"@context\":\"https:\/\/schema.org\",\"@graph\":[{\"@type\":\"WebPage\",\"@id\":\"https:\/\/kano-udlejning.dk\/en\/plan-your-canoe-trip\/places-to-stay\/bamsebo-camping\/\",\"url\":\"https:\/\/kano-udlejning.dk\/en\/plan-your-canoe-trip\/places-to-stay\/bamsebo-camping\/\",\"name\":\"Bamsebo Camping, Ulstrup\",\"isPartOf\":{\"@id\":\"https:\/\/kano-udlejning.dk\/en\/#website\"},\"datePublished\":\"2024-12-06T13:08:01+00:00\",\"dateModified\":\"2025-03-06T10:33:49+00:00\",\"breadcrumb\":{\"@id\":\"https:\/\/kano-udlejning.dk\/en\/plan-your-canoe-trip\/places-to-stay\/bamsebo-camping\/#breadcrumb\"},\"inLanguage\":\"en-US\",\"potentialAction\":[{\"@type\":\"ReadAction\",\"target\":[\"https:\/\/kano-udlejning.dk\/en\/plan-your-canoe-trip\/places-to-stay\/bamsebo-camping\/\"]}]},{\"@type\":\"BreadcrumbList\",\"@id\":\"https:\/\/kano-udlejning.dk\/en\/plan-your-canoe-trip\/places-to-stay\/bamsebo-camping\/#breadcrumb\",\"itemListElement\":[{\"@type\":\"ListItem\",\"position\":1,\"name\":\"Home\",\"item\":\"https:\/\/kano-udlejning.dk\/en\/\"},{\"@type\":\"ListItem\",\"position\":2,\"name\":\"Plan your canoe trip\",\"item\":\"https:\/\/kano-udlejning.dk\/en\/plan-your-canoe-trip\/\"},{\"@type\":\"ListItem\",\"position\":3,\"name\":\"Places to stay\",\"item\":\"https:\/\/kano-udlejning.dk\/en\/plan-your-canoe-trip\/places-to-stay\/\"},{\"@type\":\"ListItem\",\"position\":4,\"name\":\"Bamsebo Camping\"}]},{\"@type\":\"WebSite\",\"@id\":\"https:\/\/kano-udlejning.dk\/en\/#website\",\"url\":\"https:\/\/kano-udlejning.dk\/en\/\",\"name\":\"T\u00f8rring Kanoudlejning\",\"description\":\"St\u00f8rste Kano- &amp; Kajakudlejer p\u00e5 Guden\u00e5en\",\"publisher\":{\"@id\":\"https:\/\/kano-udlejning.dk\/en\/#organization\"},\"potentialAction\":[{\"@type\":\"SearchAction\",\"target\":{\"@type\":\"EntryPoint\",\"urlTemplate\":\"https:\/\/kano-udlejning.dk\/en\/?s={search_term_string}\"},\"query-input\":{\"@type\":\"PropertyValueSpecification\",\"valueRequired\":true,\"valueName\":\"search_term_string\"}}],\"inLanguage\":\"en-US\"},{\"@type\":\"Organization\",\"@id\":\"https:\/\/kano-udlejning.dk\/en\/#organization\",\"name\":\"T\u00f8rring Kanoudlejning\",\"url\":\"https:\/\/kano-udlejning.dk\/en\/\",\"logo\":{\"@type\":\"ImageObject\",\"inLanguage\":\"en-US\",\"@id\":\"https:\/\/kano-udlejning.dk\/en\/#\/schema\/logo\/image\/\",\"url\":\"https:\/\/kano-udlejning.dk\/wp-content\/uploads\/2024\/09\/favicon.png\",\"contentUrl\":\"https:\/\/kano-udlejning.dk\/wp-content\/uploads\/2024\/09\/favicon.png\",\"width\":32,\"height\":32,\"caption\":\"T\u00f8rring Kanoudlejning\"},\"image\":{\"@id\":\"https:\/\/kano-udlejning.dk\/en\/#\/schema\/logo\/image\/\"}}]}<\/script>\n<!-- \/ Yoast SEO plugin. -->","yoast_head_json":{"title":"Bamsebo Camping, Ulstrup","robots":{"index":"index","follow":"follow","max-snippet":"max-snippet:-1","max-image-preview":"max-image-preview:large","max-video-preview":"max-video-preview:-1"},"canonical":"https:\/\/kano-udlejning.dk\/en\/plan-your-canoe-trip\/places-to-stay\/bamsebo-camping\/","og_locale":"en_US","og_type":"article","og_title":"Bamsebo Camping, Ulstrup","og_description":"Bamsebo Camping, Hagenstrupvej 28, 8860 Ulstrup Tel. +45 86 46 34 27 www.bamsebo.dk Price: Adult DKK 100. Child: DKK 65 &#8211; Tent DKK 65. At the accommodation there are: toilet &#8211; shower &#8211; drinking water &#8211; kitchen &#8211; fire pit &#8211; tables\/bench sets &#8211; barbecue electricity &#8211; kiosk &#8211; playground &#8211; pool &#8211; mini golf&hellip; L\u00e6s mere Bamsebo Camping","og_url":"https:\/\/kano-udlejning.dk\/en\/plan-your-canoe-trip\/places-to-stay\/bamsebo-camping\/","og_site_name":"T\u00f8rring Kanoudlejning","article_modified_time":"2025-03-06T10:33:49+00:00","og_image":[{"width":280,"height":104,"url":"https:\/\/kano-udlejning.dk\/wp-content\/uploads\/2025\/01\/logo-mails.png","type":"image\/png"}],"twitter_card":"summary_large_image","schema":{"@context":"https:\/\/schema.org","@graph":[{"@type":"WebPage","@id":"https:\/\/kano-udlejning.dk\/en\/plan-your-canoe-trip\/places-to-stay\/bamsebo-camping\/","url":"https:\/\/kano-udlejning.dk\/en\/plan-your-canoe-trip\/places-to-stay\/bamsebo-camping\/","name":"Bamsebo Camping, Ulstrup","isPartOf":{"@id":"https:\/\/kano-udlejning.dk\/en\/#website"},"datePublished":"2024-12-06T13:08:01+00:00","dateModified":"2025-03-06T10:33:49+00:00","breadcrumb":{"@id":"https:\/\/kano-udlejning.dk\/en\/plan-your-canoe-trip\/places-to-stay\/bamsebo-camping\/#breadcrumb"},"inLanguage":"en-US","potentialAction":[{"@type":"ReadAction","target":["https:\/\/kano-udlejning.dk\/en\/plan-your-canoe-trip\/places-to-stay\/bamsebo-camping\/"]}]},{"@type":"BreadcrumbList","@id":"https:\/\/kano-udlejning.dk\/en\/plan-your-canoe-trip\/places-to-stay\/bamsebo-camping\/#breadcrumb","itemListElement":[{"@type":"ListItem","position":1,"name":"Home","item":"https:\/\/kano-udlejning.dk\/en\/"},{"@type":"ListItem","position":2,"name":"Plan your canoe trip","item":"https:\/\/kano-udlejning.dk\/en\/plan-your-canoe-trip\/"},{"@type":"ListItem","position":3,"name":"Places to stay","item":"https:\/\/kano-udlejning.dk\/en\/plan-your-canoe-trip\/places-to-stay\/"},{"@type":"ListItem","position":4,"name":"Bamsebo Camping"}]},{"@type":"WebSite","@id":"https:\/\/kano-udlejning.dk\/en\/#website","url":"https:\/\/kano-udlejning.dk\/en\/","name":"T\u00f8rring Kanoudlejning","description":"St\u00f8rste Kano- &amp; Kajakudlejer p\u00e5 Guden\u00e5en","publisher":{"@id":"https:\/\/kano-udlejning.dk\/en\/#organization"},"potentialAction":[{"@type":"SearchAction","target":{"@type":"EntryPoint","urlTemplate":"https:\/\/kano-udlejning.dk\/en\/?s={search_term_string}"},"query-input":{"@type":"PropertyValueSpecification","valueRequired":true,"valueName":"search_term_string"}}],"inLanguage":"en-US"},{"@type":"Organization","@id":"https:\/\/kano-udlejning.dk\/en\/#organization","name":"T\u00f8rring Kanoudlejning","url":"https:\/\/kano-udlejning.dk\/en\/","logo":{"@type":"ImageObject","inLanguage":"en-US","@id":"https:\/\/kano-udlejning.dk\/en\/#\/schema\/logo\/image\/","url":"https:\/\/kano-udlejning.dk\/wp-content\/uploads\/2024\/09\/favicon.png","contentUrl":"https:\/\/kano-udlejning.dk\/wp-content\/uploads\/2024\/09\/favicon.png","width":32,"height":32,"caption":"T\u00f8rring Kanoudlejning"},"image":{"@id":"https:\/\/kano-udlejning.dk\/en\/#\/schema\/logo\/image\/"}}]}},"_links":{"self":[{"href":"https:\/\/kano-udlejning.dk\/en\/wp-json\/wp\/v2\/pages\/335001","targetHints":{"allow":["GET"]}}],"collection":[{"href":"https:\/\/kano-udlejning.dk\/en\/wp-json\/wp\/v2\/pages"}],"about":[{"href":"https:\/\/kano-udlejning.dk\/en\/wp-json\/wp\/v2\/types\/page"}],"author":[{"embeddable":true,"href":"https:\/\/kano-udlejning.dk\/en\/wp-json\/wp\/v2\/users\/1"}],"replies":[{"embeddable":true,"href":"https:\/\/kano-udlejning.dk\/en\/wp-json\/wp\/v2\/comments?post=335001"}],"version-history":[{"count":1,"href":"https:\/\/kano-udlejning.dk\/en\/wp-json\/wp\/v2\/pages\/335001\/revisions"}],"predecessor-version":[{"id":335111,"href":"https:\/\/kano-udlejning.dk\/en\/wp-json\/wp\/v2\/pages\/335001\/revisions\/335111"}],"up":[{"embeddable":true,"href":"https:\/\/kano-udlejning.dk\/en\/wp-json\/wp\/v2\/pages\/335090"}],"wp:attachment":[{"href":"https:\/\/kano-udlejning.dk\/en\/wp-json\/wp\/v2\/media?parent=335001"}],"curies":[{"name":"wp","href":"https:\/\/api.w.org\/{rel}","templated":true}]}}