{"id":372991,"date":"2025-10-18T11:13:48","date_gmt":"2025-10-18T09:13:48","guid":{"rendered":"https:\/\/kano-udlejning.dk\/?post_type=product&#038;p=372991"},"modified":"2025-11-05T14:46:34","modified_gmt":"2025-11-05T13:46:34","slug":"regenponcho-kopier","status":"publish","type":"product","link":"https:\/\/kano-udlejning.dk\/de\/booking\/regenponcho-kopier\/","title":{"rendered":"Kanustuhl - Hazel Seater"},"content":{"rendered":"","protected":false},"excerpt":{"rendered":"<p style=\"font-weight: 400;\">Ein kompakter und vielseitiger Stuhl, der zus\u00e4tzlichen Komfort auf der Tour bietet. <strong>Geeignet als Kanustuhl<\/strong> f\u00fcr diejenigen, die Unterst\u00fctzung und Komfort mit R\u00fcckenlehne w\u00e4hrend der Fahrt w\u00fcnschen. Der Hazel Seater verf\u00fcgt \u00fcber eine weiche Schaumstoffpolsterung und verstellbare Gurte, die f\u00fcr guten Sitzkomfort und R\u00fcckenst\u00fctze sorgen. <\/p>\n<p style=\"font-weight: 400;\"><strong>Spezifikationen:<\/strong><\/p>\n<ul style=\"font-weight: 400;\">\n<li>Material: 100 % recyceltes Polyester (300 x 600D)<\/li>\n<li>Gestell: Fiberglas<\/li>\n<li>Ma\u00dfe: 43 \u00d7 44 \u00d7 42 cm<\/li>\n<li>Verpackungsgr\u00f6\u00dfe: 10 \u00d7 12 \u00d7 44 cm<\/li>\n<li>Gewicht: 0,66 kg<\/li>\n<li>Max. Belastung: 80 kg<\/li>\n<\/ul>\n<p> <a class=\"continue\" href=\"https:\/\/kano-udlejning.dk\/de\/booking\/regenponcho-kopier\/\">L\u00e6s mere<span> Kanustuhl - Hazel Seater<\/span><\/a><\/p>\n<p> <a class=\"continue\" href=\"https:\/\/kano-udlejning.dk\/de\/booking\/regenponcho-kopier\/\">L\u00e6s mere<span> Kanustuhl - Hazel Seater<\/span><\/a><\/p>\n","protected":false},"featured_media":372972,"template":"","meta":{"_acf_changed":false,"site-sidebar-layout":"default","site-content-layout":"default","ast-site-content-layout":"default","site-content-style":"default","site-sidebar-style":"default","ast-global-header-display":"","ast-banner-title-visibility":"","ast-main-header-display":"","ast-hfb-above-header-display":"","ast-hfb-below-header-display":"","ast-hfb-mobile-header-display":"","site-post-title":"","ast-breadcrumbs-content":"","ast-featured-img":"","footer-sml-layout":"","ast-disable-related-posts":"","theme-transparent-header-meta":"default","adv-header-id-meta":"","stick-header-meta":"","header-above-stick-meta":"","header-main-stick-meta":"","header-below-stick-meta":"","astra-migrate-meta-layouts":"set","ast-page-background-enabled":"default","ast-page-background-meta":{"desktop":{"background-color":"","background-image":"","background-repeat":"repeat","background-position":"center center","background-size":"auto","background-attachment":"scroll","background-type":"","background-media":"","overlay-type":"","overlay-color":"","overlay-opacity":"","overlay-gradient":""},"tablet":{"background-color":"","background-image":"","background-repeat":"repeat","background-position":"center center","background-size":"auto","background-attachment":"scroll","background-type":"","background-media":"","overlay-type":"","overlay-color":"","overlay-opacity":"","overlay-gradient":""},"mobile":{"background-color":"","background-image":"","background-repeat":"repeat","background-position":"center center","background-size":"auto","background-attachment":"scroll","background-type":"","background-media":"","overlay-type":"","overlay-color":"","overlay-opacity":"","overlay-gradient":""}},"ast-content-background-meta":{"desktop":{"background-color":"var(--ast-global-color-5)","background-image":"","background-repeat":"repeat","background-position":"center center","background-size":"auto","background-attachment":"scroll","background-type":"","background-media":"","overlay-type":"","overlay-color":"","overlay-opacity":"","overlay-gradient":""},"tablet":{"background-color":"var(--ast-global-color-5)","background-image":"","background-repeat":"repeat","background-position":"center center","background-size":"auto","background-attachment":"scroll","background-type":"","background-media":"","overlay-type":"","overlay-color":"","overlay-opacity":"","overlay-gradient":""},"mobile":{"background-color":"var(--ast-global-color-5)","background-image":"","background-repeat":"repeat","background-position":"center center","background-size":"auto","background-attachment":"scroll","background-type":"","background-media":"","overlay-type":"","overlay-color":"","overlay-opacity":"","overlay-gradient":""}}},"product_brand":[],"product_cat":[688],"product_tag":[],"class_list":{"0":"post-372991","1":"product","2":"type-product","3":"status-publish","4":"has-post-thumbnail","6":"product_cat-optionale-extras","7":"desktop-align-left","8":"tablet-align-left","9":"mobile-align-left","10":"ast-product-gallery-layout-horizontal-slider","12":"first","13":"instock","14":"virtual","15":"taxable","16":"purchasable","17":"product-type-simple"},"exclude_global_add_ons":[],"addons":[],"acf":[],"yoast_head":"<!-- This site is optimized with the Yoast SEO plugin v27.2 - https:\/\/yoast.com\/product\/yoast-seo-wordpress\/ -->\n<title>Kanustuhl - Hazel Seater - T\u00f8rring Kanoudlejning<\/title>\n<meta name=\"robots\" content=\"noindex, follow\" \/>\n<meta property=\"og:locale\" content=\"de_DE\" \/>\n<meta property=\"og:type\" content=\"article\" \/>\n<meta property=\"og:title\" content=\"Kanustuhl - Hazel Seater - T\u00f8rring Kanoudlejning\" \/>\n<meta property=\"og:description\" content=\"Ein kompakter und vielseitiger Stuhl, der zus\u00e4tzlichen Komfort auf der Tour bietet. Geeignet als Kanustuhl f\u00fcr diejenigen, die Unterst\u00fctzung und Komfort mit R\u00fcckenlehne w\u00e4hrend der Fahrt w\u00fcnschen. Der Hazel Seater verf\u00fcgt \u00fcber eine weiche Schaumstoffpolsterung und verstellbare Gurte, die f\u00fcr guten Sitzkomfort und R\u00fcckenst\u00fctze sorgen. Spezifikationen:   Material: 100 % recyceltes Polyester (300 x 600D)  Gestell: Fiberglas  Ma\u00dfe: 43 \u00d7 44 \u00d7 42 cm  Verpackungsgr\u00f6\u00dfe: 10 \u00d7 12 \u00d7 44 cm  Gewicht: 0,66 kg  Max. Belastung: 80 kg L\u00e6s mere Kanustuhl - Hazel Seater\" \/>\n<meta property=\"og:url\" content=\"https:\/\/kano-udlejning.dk\/de\/booking\/regenponcho-kopier\/\" \/>\n<meta property=\"og:site_name\" content=\"T\u00f8rring Kanoudlejning\" \/>\n<meta property=\"article:modified_time\" content=\"2025-11-05T13:46:34+00:00\" \/>\n<meta property=\"og:image\" content=\"https:\/\/kano-udlejning.dk\/wp-content\/uploads\/2025\/10\/Kanostol-1-e1760775984802.webp\" \/>\n\t<meta property=\"og:image:width\" content=\"1920\" \/>\n\t<meta property=\"og:image:height\" content=\"1080\" \/>\n\t<meta property=\"og:image:type\" content=\"image\/webp\" \/>\n<meta name=\"twitter:card\" content=\"summary_large_image\" \/>\n<script type=\"application\/ld+json\" class=\"yoast-schema-graph\">{\"@context\":\"https:\/\/schema.org\",\"@graph\":[{\"@type\":\"WebPage\",\"@id\":\"https:\/\/kano-udlejning.dk\/de\/booking\/regenponcho-kopier\/\",\"url\":\"https:\/\/kano-udlejning.dk\/de\/booking\/regenponcho-kopier\/\",\"name\":\"Kanustuhl - Hazel Seater - T\u00f8rring Kanoudlejning\",\"isPartOf\":{\"@id\":\"https:\/\/kano-udlejning.dk\/de\/#website\"},\"primaryImageOfPage\":{\"@id\":\"https:\/\/kano-udlejning.dk\/de\/booking\/regenponcho-kopier\/#primaryimage\"},\"image\":{\"@id\":\"https:\/\/kano-udlejning.dk\/de\/booking\/regenponcho-kopier\/#primaryimage\"},\"thumbnailUrl\":\"https:\/\/kano-udlejning.dk\/wp-content\/uploads\/2025\/10\/Kanostol-1-e1760775984802.webp\",\"datePublished\":\"2025-10-18T09:13:48+00:00\",\"dateModified\":\"2025-11-05T13:46:34+00:00\",\"breadcrumb\":{\"@id\":\"https:\/\/kano-udlejning.dk\/de\/booking\/regenponcho-kopier\/#breadcrumb\"},\"inLanguage\":\"de\",\"potentialAction\":[{\"@type\":\"ReadAction\",\"target\":[\"https:\/\/kano-udlejning.dk\/de\/booking\/regenponcho-kopier\/\"]}]},{\"@type\":\"ImageObject\",\"inLanguage\":\"de\",\"@id\":\"https:\/\/kano-udlejning.dk\/de\/booking\/regenponcho-kopier\/#primaryimage\",\"url\":\"https:\/\/kano-udlejning.dk\/wp-content\/uploads\/2025\/10\/Kanostol-1-e1760775984802.webp\",\"contentUrl\":\"https:\/\/kano-udlejning.dk\/wp-content\/uploads\/2025\/10\/Kanostol-1-e1760775984802.webp\",\"width\":1920,\"height\":1080},{\"@type\":\"BreadcrumbList\",\"@id\":\"https:\/\/kano-udlejning.dk\/de\/booking\/regenponcho-kopier\/#breadcrumb\",\"itemListElement\":[{\"@type\":\"ListItem\",\"position\":1,\"name\":\"Home\",\"item\":\"https:\/\/kano-udlejning.dk\/de\/\"},{\"@type\":\"ListItem\",\"position\":2,\"name\":\"Produkte\",\"item\":\"https:\/\/kano-udlejning.dk\/de\/shop\/\"},{\"@type\":\"ListItem\",\"position\":3,\"name\":\"Kanustuhl - Hazel Seater\"}]},{\"@type\":\"WebSite\",\"@id\":\"https:\/\/kano-udlejning.dk\/de\/#website\",\"url\":\"https:\/\/kano-udlejning.dk\/de\/\",\"name\":\"T\u00f8rring Kanoudlejning\",\"description\":\"St\u00f8rste Kano- &amp; Kajakudlejer p\u00e5 Guden\u00e5en\",\"publisher\":{\"@id\":\"https:\/\/kano-udlejning.dk\/de\/#organization\"},\"potentialAction\":[{\"@type\":\"SearchAction\",\"target\":{\"@type\":\"EntryPoint\",\"urlTemplate\":\"https:\/\/kano-udlejning.dk\/de\/?s={search_term_string}\"},\"query-input\":{\"@type\":\"PropertyValueSpecification\",\"valueRequired\":true,\"valueName\":\"search_term_string\"}}],\"inLanguage\":\"de\"},{\"@type\":\"Organization\",\"@id\":\"https:\/\/kano-udlejning.dk\/de\/#organization\",\"name\":\"T\u00f8rring Kanuverleih\",\"url\":\"https:\/\/kano-udlejning.dk\/de\/\",\"logo\":{\"@type\":\"ImageObject\",\"inLanguage\":\"de\",\"@id\":\"https:\/\/kano-udlejning.dk\/de\/#\/schema\/logo\/image\/\",\"url\":\"https:\/\/kano-udlejning.dk\/wp-content\/uploads\/2024\/09\/favicon.png\",\"contentUrl\":\"https:\/\/kano-udlejning.dk\/wp-content\/uploads\/2024\/09\/favicon.png\",\"width\":32,\"height\":32,\"caption\":\"T\u00f8rring Kanuverleih\"},\"image\":{\"@id\":\"https:\/\/kano-udlejning.dk\/de\/#\/schema\/logo\/image\/\"}}]}<\/script>\n<!-- \/ Yoast SEO plugin. -->","yoast_head_json":{"title":"Kanustuhl - Hazel Seater - T\u00f8rring Kanoudlejning","robots":{"index":"noindex","follow":"follow"},"og_locale":"de_DE","og_type":"article","og_title":"Kanustuhl - Hazel Seater - T\u00f8rring Kanoudlejning","og_description":"Ein kompakter und vielseitiger Stuhl, der zus\u00e4tzlichen Komfort auf der Tour bietet. Geeignet als Kanustuhl f\u00fcr diejenigen, die Unterst\u00fctzung und Komfort mit R\u00fcckenlehne w\u00e4hrend der Fahrt w\u00fcnschen. Der Hazel Seater verf\u00fcgt \u00fcber eine weiche Schaumstoffpolsterung und verstellbare Gurte, die f\u00fcr guten Sitzkomfort und R\u00fcckenst\u00fctze sorgen. Spezifikationen:   Material: 100 % recyceltes Polyester (300 x 600D)  Gestell: Fiberglas  Ma\u00dfe: 43 \u00d7 44 \u00d7 42 cm  Verpackungsgr\u00f6\u00dfe: 10 \u00d7 12 \u00d7 44 cm  Gewicht: 0,66 kg  Max. Belastung: 80 kg L\u00e6s mere Kanustuhl - Hazel Seater","og_url":"https:\/\/kano-udlejning.dk\/de\/booking\/regenponcho-kopier\/","og_site_name":"T\u00f8rring Kanoudlejning","article_modified_time":"2025-11-05T13:46:34+00:00","og_image":[{"width":1920,"height":1080,"url":"https:\/\/kano-udlejning.dk\/wp-content\/uploads\/2025\/10\/Kanostol-1-e1760775984802.webp","type":"image\/webp"}],"twitter_card":"summary_large_image","schema":{"@context":"https:\/\/schema.org","@graph":[{"@type":"WebPage","@id":"https:\/\/kano-udlejning.dk\/de\/booking\/regenponcho-kopier\/","url":"https:\/\/kano-udlejning.dk\/de\/booking\/regenponcho-kopier\/","name":"Kanustuhl - Hazel Seater - T\u00f8rring Kanoudlejning","isPartOf":{"@id":"https:\/\/kano-udlejning.dk\/de\/#website"},"primaryImageOfPage":{"@id":"https:\/\/kano-udlejning.dk\/de\/booking\/regenponcho-kopier\/#primaryimage"},"image":{"@id":"https:\/\/kano-udlejning.dk\/de\/booking\/regenponcho-kopier\/#primaryimage"},"thumbnailUrl":"https:\/\/kano-udlejning.dk\/wp-content\/uploads\/2025\/10\/Kanostol-1-e1760775984802.webp","datePublished":"2025-10-18T09:13:48+00:00","dateModified":"2025-11-05T13:46:34+00:00","breadcrumb":{"@id":"https:\/\/kano-udlejning.dk\/de\/booking\/regenponcho-kopier\/#breadcrumb"},"inLanguage":"de","potentialAction":[{"@type":"ReadAction","target":["https:\/\/kano-udlejning.dk\/de\/booking\/regenponcho-kopier\/"]}]},{"@type":"ImageObject","inLanguage":"de","@id":"https:\/\/kano-udlejning.dk\/de\/booking\/regenponcho-kopier\/#primaryimage","url":"https:\/\/kano-udlejning.dk\/wp-content\/uploads\/2025\/10\/Kanostol-1-e1760775984802.webp","contentUrl":"https:\/\/kano-udlejning.dk\/wp-content\/uploads\/2025\/10\/Kanostol-1-e1760775984802.webp","width":1920,"height":1080},{"@type":"BreadcrumbList","@id":"https:\/\/kano-udlejning.dk\/de\/booking\/regenponcho-kopier\/#breadcrumb","itemListElement":[{"@type":"ListItem","position":1,"name":"Home","item":"https:\/\/kano-udlejning.dk\/de\/"},{"@type":"ListItem","position":2,"name":"Produkte","item":"https:\/\/kano-udlejning.dk\/de\/shop\/"},{"@type":"ListItem","position":3,"name":"Kanustuhl - Hazel Seater"}]},{"@type":"WebSite","@id":"https:\/\/kano-udlejning.dk\/de\/#website","url":"https:\/\/kano-udlejning.dk\/de\/","name":"T\u00f8rring Kanoudlejning","description":"St\u00f8rste Kano- &amp; Kajakudlejer p\u00e5 Guden\u00e5en","publisher":{"@id":"https:\/\/kano-udlejning.dk\/de\/#organization"},"potentialAction":[{"@type":"SearchAction","target":{"@type":"EntryPoint","urlTemplate":"https:\/\/kano-udlejning.dk\/de\/?s={search_term_string}"},"query-input":{"@type":"PropertyValueSpecification","valueRequired":true,"valueName":"search_term_string"}}],"inLanguage":"de"},{"@type":"Organization","@id":"https:\/\/kano-udlejning.dk\/de\/#organization","name":"T\u00f8rring Kanuverleih","url":"https:\/\/kano-udlejning.dk\/de\/","logo":{"@type":"ImageObject","inLanguage":"de","@id":"https:\/\/kano-udlejning.dk\/de\/#\/schema\/logo\/image\/","url":"https:\/\/kano-udlejning.dk\/wp-content\/uploads\/2024\/09\/favicon.png","contentUrl":"https:\/\/kano-udlejning.dk\/wp-content\/uploads\/2024\/09\/favicon.png","width":32,"height":32,"caption":"T\u00f8rring Kanuverleih"},"image":{"@id":"https:\/\/kano-udlejning.dk\/de\/#\/schema\/logo\/image\/"}}]}},"_links":{"self":[{"href":"https:\/\/kano-udlejning.dk\/de\/wp-json\/wp\/v2\/product\/372991","targetHints":{"allow":["GET"]}}],"collection":[{"href":"https:\/\/kano-udlejning.dk\/de\/wp-json\/wp\/v2\/product"}],"about":[{"href":"https:\/\/kano-udlejning.dk\/de\/wp-json\/wp\/v2\/types\/product"}],"wp:featuredmedia":[{"embeddable":true,"href":"https:\/\/kano-udlejning.dk\/de\/wp-json\/wp\/v2\/media\/372972"}],"wp:attachment":[{"href":"https:\/\/kano-udlejning.dk\/de\/wp-json\/wp\/v2\/media?parent=372991"}],"wp:term":[{"taxonomy":"product_brand","embeddable":true,"href":"https:\/\/kano-udlejning.dk\/de\/wp-json\/wp\/v2\/product_brand?post=372991"},{"taxonomy":"product_cat","embeddable":true,"href":"https:\/\/kano-udlejning.dk\/de\/wp-json\/wp\/v2\/product_cat?post=372991"},{"taxonomy":"product_tag","embeddable":true,"href":"https:\/\/kano-udlejning.dk\/de\/wp-json\/wp\/v2\/product_tag?post=372991"}],"curies":[{"name":"wp","href":"https:\/\/api.w.org\/{rel}","templated":true}]}}