{"id":344884,"date":"2019-12-28T14:48:41","date_gmt":"2019-12-28T13:48:41","guid":{"rendered":"https:\/\/kano-udlejning.dk\/booking\/pionierpaket-5-tage-torring-nach-silkeborg\/"},"modified":"2025-11-05T14:45:32","modified_gmt":"2025-11-05T13:45:32","slug":"pionierpaket-5-tage-torring-nach-silkeborg","status":"publish","type":"product","link":"https:\/\/kano-udlejning.dk\/de\/booking\/pionierpaket-5-tage-torring-nach-silkeborg\/","title":{"rendered":"Pionierpaket 5 Tage - T\u00f8rring nach Silkeborg"},"content":{"rendered":"<p><strong>Startpunkt<\/strong>: T\u00f8rring Kanoudlejning, Aagade 31, 7160<\/p>\n<p><strong>Ort des Endes<\/strong>: Silkeborg Havn \/ Silkeborg Kanocenter, \u00d8stergade 36, 8600 Silkeborg<\/p>\n<p>Das Kanu\/Kajak steht um 9.30 Uhr am Startpunkt bereit und muss sp\u00e4testens um 17 Uhr am Zielort ankommen (in der Hochsaison 16\/6-15\/8 jedoch um 20 Uhr). Sie k\u00f6nnen den Zielort jederzeit telefonisch bis 12.00 Uhr am letzten Tag Ihrer Reise \u00e4ndern.   <\/p>\n<p>Ein 4-Personen-Igluzelt wird zusammen mit dem Kanu\/Kajak ausgeh\u00e4ndigt. Das Zelt ist dann Ihr Eigentum und kann nach der Tour mit nach Hause genommen werden, um es weiter zu nutzen. <\/p>\n<p>Wir empfehlen, die 1. Nacht auf dem Aastedbro Teltplads zu verbringen, die 2. Nacht auf Voervadsbro Teltplads, die 3. Nacht auf dem Alling Vest Teltplads und die 4. Nacht auf De Sm\u00e5 Fisk Teltplads (die \u00dcbernachtungsgeb\u00fchr ist NICHT inbegriffen).    <\/p>\n<p>Vor der Tour k\u00f6nnen Sie auf dem T\u00f8rring Camping \u00fcbernachten.<\/p>\n","protected":false},"excerpt":{"rendered":"<p>Startpunkt: T\u00f8rring Kanoudlejning, Aagade 31, 7160 Ort des Endes: Silkeborg Havn \/ Silkeborg Kanocenter, \u00d8stergade 36, 8600 Silkeborg Das Kanu\/Kajak steht um 9.30 Uhr am Startpunkt bereit und muss sp\u00e4testens um 17 Uhr am Zielort ankommen (in der Hochsaison 16\/6-15\/8 jedoch um 20 Uhr). Sie k\u00f6nnen den Zielort jederzeit telefonisch bis 12.00 Uhr am letzten&hellip; <a class=\"continue\" href=\"https:\/\/kano-udlejning.dk\/de\/booking\/pionierpaket-5-tage-torring-nach-silkeborg\/\">L\u00e6s mere<span> Pionierpaket 5 Tage - T\u00f8rring nach Silkeborg<\/span><\/a><\/p>\n","protected":false},"featured_media":332060,"template":"","meta":{"_acf_changed":false,"site-sidebar-layout":"default","site-content-layout":"default","ast-site-content-layout":"default","site-content-style":"default","site-sidebar-style":"default","ast-global-header-display":"","ast-banner-title-visibility":"","ast-main-header-display":"","ast-hfb-above-header-display":"","ast-hfb-below-header-display":"","ast-hfb-mobile-header-display":"","site-post-title":"","ast-breadcrumbs-content":"","ast-featured-img":"","footer-sml-layout":"","ast-disable-related-posts":"","theme-transparent-header-meta":"default","adv-header-id-meta":"","stick-header-meta":"","header-above-stick-meta":"","header-main-stick-meta":"","header-below-stick-meta":"","astra-migrate-meta-layouts":"default","ast-page-background-enabled":"default","ast-page-background-meta":{"desktop":{"background-color":"","background-image":"","background-repeat":"repeat","background-position":"center center","background-size":"auto","background-attachment":"scroll","background-type":"","background-media":"","overlay-type":"","overlay-color":"","overlay-opacity":"","overlay-gradient":""},"tablet":{"background-color":"","background-image":"","background-repeat":"repeat","background-position":"center center","background-size":"auto","background-attachment":"scroll","background-type":"","background-media":"","overlay-type":"","overlay-color":"","overlay-opacity":"","overlay-gradient":""},"mobile":{"background-color":"","background-image":"","background-repeat":"repeat","background-position":"center center","background-size":"auto","background-attachment":"scroll","background-type":"","background-media":"","overlay-type":"","overlay-color":"","overlay-opacity":"","overlay-gradient":""}},"ast-content-background-meta":{"desktop":{"background-color":"var(--ast-global-color-5)","background-image":"","background-repeat":"repeat","background-position":"center center","background-size":"auto","background-attachment":"scroll","background-type":"","background-media":"","overlay-type":"","overlay-color":"","overlay-opacity":"","overlay-gradient":""},"tablet":{"background-color":"var(--ast-global-color-5)","background-image":"","background-repeat":"repeat","background-position":"center center","background-size":"auto","background-attachment":"scroll","background-type":"","background-media":"","overlay-type":"","overlay-color":"","overlay-opacity":"","overlay-gradient":""},"mobile":{"background-color":"var(--ast-global-color-5)","background-image":"","background-repeat":"repeat","background-position":"center center","background-size":"auto","background-attachment":"scroll","background-type":"","background-media":"","overlay-type":"","overlay-color":"","overlay-opacity":"","overlay-gradient":""}}},"product_brand":[],"product_cat":[558,578,693],"product_tag":[600,559],"class_list":{"0":"post-344884","1":"product","2":"type-product","3":"status-publish","4":"has-post-thumbnail","6":"product_cat-toerring-kanoudlejning-de","7":"product_cat-5-tage-reise","8":"product_cat-pionier-pakete","9":"product_tag-silkeborg-havn-silkeborg-kanocenter-de","10":"product_tag-toerring-kanoudlejning-de","11":"desktop-align-left","12":"tablet-align-left","13":"mobile-align-left","14":"ast-product-gallery-layout-horizontal-slider","15":"ast-product-gallery-with-no-image","17":"first","18":"instock","19":"sold-individually","20":"taxable","21":"shipping-taxable","22":"purchasable","23":"product-type-booking"},"exclude_global_add_ons":false,"addons":[],"acf":[],"yoast_head":"<!-- This site is optimized with the Yoast SEO plugin v27.2 - https:\/\/yoast.com\/product\/yoast-seo-wordpress\/ -->\n<title>Pionierpaket 5 Tage - T\u00f8rring nach Silkeborg - T\u00f8rring Kanoudlejning<\/title>\n<meta name=\"robots\" content=\"noindex, follow\" \/>\n<meta property=\"og:locale\" content=\"de_DE\" \/>\n<meta property=\"og:type\" content=\"article\" \/>\n<meta property=\"og:title\" content=\"Pionierpaket 5 Tage - T\u00f8rring nach Silkeborg - T\u00f8rring Kanoudlejning\" \/>\n<meta property=\"og:description\" content=\"Startpunkt: T\u00f8rring Kanoudlejning, Aagade 31, 7160 Ort des Endes: Silkeborg Havn \/ Silkeborg Kanocenter, \u00d8stergade 36, 8600 Silkeborg Das Kanu\/Kajak steht um 9.30 Uhr am Startpunkt bereit und muss sp\u00e4testens um 17 Uhr am Zielort ankommen (in der Hochsaison 16\/6-15\/8 jedoch um 20 Uhr). Sie k\u00f6nnen den Zielort jederzeit telefonisch bis 12.00 Uhr am letzten&hellip; L\u00e6s mere Pionierpaket 5 Tage - T\u00f8rring nach Silkeborg\" \/>\n<meta property=\"og:url\" content=\"https:\/\/kano-udlejning.dk\/de\/booking\/pionierpaket-5-tage-torring-nach-silkeborg\/\" \/>\n<meta property=\"og:site_name\" content=\"T\u00f8rring Kanoudlejning\" \/>\n<meta property=\"article:modified_time\" content=\"2025-11-05T13:45:32+00:00\" \/>\n<meta property=\"og:image\" content=\"https:\/\/kano-udlejning.dk\/wp-content\/uploads\/2025\/02\/kanoudlejning.jpg\" \/>\n\t<meta property=\"og:image:width\" content=\"653\" \/>\n\t<meta property=\"og:image:height\" content=\"653\" \/>\n\t<meta property=\"og:image:type\" content=\"image\/jpeg\" \/>\n<meta name=\"twitter:card\" content=\"summary_large_image\" \/>\n<meta name=\"twitter:label1\" content=\"Gesch\u00e4tzte Lesezeit\" \/>\n\t<meta name=\"twitter:data1\" content=\"1\u00a0Minute\" \/>\n<script type=\"application\/ld+json\" class=\"yoast-schema-graph\">{\"@context\":\"https:\/\/schema.org\",\"@graph\":[{\"@type\":\"WebPage\",\"@id\":\"https:\/\/kano-udlejning.dk\/de\/booking\/pionierpaket-5-tage-torring-nach-silkeborg\/\",\"url\":\"https:\/\/kano-udlejning.dk\/de\/booking\/pionierpaket-5-tage-torring-nach-silkeborg\/\",\"name\":\"Pionierpaket 5 Tage - T\u00f8rring nach Silkeborg - T\u00f8rring Kanoudlejning\",\"isPartOf\":{\"@id\":\"https:\/\/kano-udlejning.dk\/de\/#website\"},\"primaryImageOfPage\":{\"@id\":\"https:\/\/kano-udlejning.dk\/de\/booking\/pionierpaket-5-tage-torring-nach-silkeborg\/#primaryimage\"},\"image\":{\"@id\":\"https:\/\/kano-udlejning.dk\/de\/booking\/pionierpaket-5-tage-torring-nach-silkeborg\/#primaryimage\"},\"thumbnailUrl\":\"https:\/\/kano-udlejning.dk\/wp-content\/uploads\/2025\/02\/kanoudlejning.jpg\",\"datePublished\":\"2019-12-28T13:48:41+00:00\",\"dateModified\":\"2025-11-05T13:45:32+00:00\",\"breadcrumb\":{\"@id\":\"https:\/\/kano-udlejning.dk\/de\/booking\/pionierpaket-5-tage-torring-nach-silkeborg\/#breadcrumb\"},\"inLanguage\":\"de\",\"potentialAction\":[{\"@type\":\"ReadAction\",\"target\":[\"https:\/\/kano-udlejning.dk\/de\/booking\/pionierpaket-5-tage-torring-nach-silkeborg\/\"]}]},{\"@type\":\"ImageObject\",\"inLanguage\":\"de\",\"@id\":\"https:\/\/kano-udlejning.dk\/de\/booking\/pionierpaket-5-tage-torring-nach-silkeborg\/#primaryimage\",\"url\":\"https:\/\/kano-udlejning.dk\/wp-content\/uploads\/2025\/02\/kanoudlejning.jpg\",\"contentUrl\":\"https:\/\/kano-udlejning.dk\/wp-content\/uploads\/2025\/02\/kanoudlejning.jpg\",\"width\":653,\"height\":653},{\"@type\":\"BreadcrumbList\",\"@id\":\"https:\/\/kano-udlejning.dk\/de\/booking\/pionierpaket-5-tage-torring-nach-silkeborg\/#breadcrumb\",\"itemListElement\":[{\"@type\":\"ListItem\",\"position\":1,\"name\":\"Home\",\"item\":\"https:\/\/kano-udlejning.dk\/de\/\"},{\"@type\":\"ListItem\",\"position\":2,\"name\":\"Produkte\",\"item\":\"https:\/\/kano-udlejning.dk\/de\/shop\/\"},{\"@type\":\"ListItem\",\"position\":3,\"name\":\"Pionierpaket 5 Tage - T\u00f8rring nach Silkeborg\"}]},{\"@type\":\"WebSite\",\"@id\":\"https:\/\/kano-udlejning.dk\/de\/#website\",\"url\":\"https:\/\/kano-udlejning.dk\/de\/\",\"name\":\"T\u00f8rring Kanoudlejning\",\"description\":\"St\u00f8rste Kano- &amp; Kajakudlejer p\u00e5 Guden\u00e5en\",\"publisher\":{\"@id\":\"https:\/\/kano-udlejning.dk\/de\/#organization\"},\"potentialAction\":[{\"@type\":\"SearchAction\",\"target\":{\"@type\":\"EntryPoint\",\"urlTemplate\":\"https:\/\/kano-udlejning.dk\/de\/?s={search_term_string}\"},\"query-input\":{\"@type\":\"PropertyValueSpecification\",\"valueRequired\":true,\"valueName\":\"search_term_string\"}}],\"inLanguage\":\"de\"},{\"@type\":\"Organization\",\"@id\":\"https:\/\/kano-udlejning.dk\/de\/#organization\",\"name\":\"T\u00f8rring Kanuverleih\",\"url\":\"https:\/\/kano-udlejning.dk\/de\/\",\"logo\":{\"@type\":\"ImageObject\",\"inLanguage\":\"de\",\"@id\":\"https:\/\/kano-udlejning.dk\/de\/#\/schema\/logo\/image\/\",\"url\":\"https:\/\/kano-udlejning.dk\/wp-content\/uploads\/2024\/09\/favicon.png\",\"contentUrl\":\"https:\/\/kano-udlejning.dk\/wp-content\/uploads\/2024\/09\/favicon.png\",\"width\":32,\"height\":32,\"caption\":\"T\u00f8rring Kanuverleih\"},\"image\":{\"@id\":\"https:\/\/kano-udlejning.dk\/de\/#\/schema\/logo\/image\/\"}}]}<\/script>\n<!-- \/ Yoast SEO plugin. -->","yoast_head_json":{"title":"Pionierpaket 5 Tage - T\u00f8rring nach Silkeborg - T\u00f8rring Kanoudlejning","robots":{"index":"noindex","follow":"follow"},"og_locale":"de_DE","og_type":"article","og_title":"Pionierpaket 5 Tage - T\u00f8rring nach Silkeborg - T\u00f8rring Kanoudlejning","og_description":"Startpunkt: T\u00f8rring Kanoudlejning, Aagade 31, 7160 Ort des Endes: Silkeborg Havn \/ Silkeborg Kanocenter, \u00d8stergade 36, 8600 Silkeborg Das Kanu\/Kajak steht um 9.30 Uhr am Startpunkt bereit und muss sp\u00e4testens um 17 Uhr am Zielort ankommen (in der Hochsaison 16\/6-15\/8 jedoch um 20 Uhr). Sie k\u00f6nnen den Zielort jederzeit telefonisch bis 12.00 Uhr am letzten&hellip; L\u00e6s mere Pionierpaket 5 Tage - T\u00f8rring nach Silkeborg","og_url":"https:\/\/kano-udlejning.dk\/de\/booking\/pionierpaket-5-tage-torring-nach-silkeborg\/","og_site_name":"T\u00f8rring Kanoudlejning","article_modified_time":"2025-11-05T13:45:32+00:00","og_image":[{"width":653,"height":653,"url":"https:\/\/kano-udlejning.dk\/wp-content\/uploads\/2025\/02\/kanoudlejning.jpg","type":"image\/jpeg"}],"twitter_card":"summary_large_image","twitter_misc":{"Gesch\u00e4tzte Lesezeit":"1\u00a0Minute"},"schema":{"@context":"https:\/\/schema.org","@graph":[{"@type":"WebPage","@id":"https:\/\/kano-udlejning.dk\/de\/booking\/pionierpaket-5-tage-torring-nach-silkeborg\/","url":"https:\/\/kano-udlejning.dk\/de\/booking\/pionierpaket-5-tage-torring-nach-silkeborg\/","name":"Pionierpaket 5 Tage - T\u00f8rring nach Silkeborg - T\u00f8rring Kanoudlejning","isPartOf":{"@id":"https:\/\/kano-udlejning.dk\/de\/#website"},"primaryImageOfPage":{"@id":"https:\/\/kano-udlejning.dk\/de\/booking\/pionierpaket-5-tage-torring-nach-silkeborg\/#primaryimage"},"image":{"@id":"https:\/\/kano-udlejning.dk\/de\/booking\/pionierpaket-5-tage-torring-nach-silkeborg\/#primaryimage"},"thumbnailUrl":"https:\/\/kano-udlejning.dk\/wp-content\/uploads\/2025\/02\/kanoudlejning.jpg","datePublished":"2019-12-28T13:48:41+00:00","dateModified":"2025-11-05T13:45:32+00:00","breadcrumb":{"@id":"https:\/\/kano-udlejning.dk\/de\/booking\/pionierpaket-5-tage-torring-nach-silkeborg\/#breadcrumb"},"inLanguage":"de","potentialAction":[{"@type":"ReadAction","target":["https:\/\/kano-udlejning.dk\/de\/booking\/pionierpaket-5-tage-torring-nach-silkeborg\/"]}]},{"@type":"ImageObject","inLanguage":"de","@id":"https:\/\/kano-udlejning.dk\/de\/booking\/pionierpaket-5-tage-torring-nach-silkeborg\/#primaryimage","url":"https:\/\/kano-udlejning.dk\/wp-content\/uploads\/2025\/02\/kanoudlejning.jpg","contentUrl":"https:\/\/kano-udlejning.dk\/wp-content\/uploads\/2025\/02\/kanoudlejning.jpg","width":653,"height":653},{"@type":"BreadcrumbList","@id":"https:\/\/kano-udlejning.dk\/de\/booking\/pionierpaket-5-tage-torring-nach-silkeborg\/#breadcrumb","itemListElement":[{"@type":"ListItem","position":1,"name":"Home","item":"https:\/\/kano-udlejning.dk\/de\/"},{"@type":"ListItem","position":2,"name":"Produkte","item":"https:\/\/kano-udlejning.dk\/de\/shop\/"},{"@type":"ListItem","position":3,"name":"Pionierpaket 5 Tage - T\u00f8rring nach Silkeborg"}]},{"@type":"WebSite","@id":"https:\/\/kano-udlejning.dk\/de\/#website","url":"https:\/\/kano-udlejning.dk\/de\/","name":"T\u00f8rring Kanoudlejning","description":"St\u00f8rste Kano- &amp; Kajakudlejer p\u00e5 Guden\u00e5en","publisher":{"@id":"https:\/\/kano-udlejning.dk\/de\/#organization"},"potentialAction":[{"@type":"SearchAction","target":{"@type":"EntryPoint","urlTemplate":"https:\/\/kano-udlejning.dk\/de\/?s={search_term_string}"},"query-input":{"@type":"PropertyValueSpecification","valueRequired":true,"valueName":"search_term_string"}}],"inLanguage":"de"},{"@type":"Organization","@id":"https:\/\/kano-udlejning.dk\/de\/#organization","name":"T\u00f8rring Kanuverleih","url":"https:\/\/kano-udlejning.dk\/de\/","logo":{"@type":"ImageObject","inLanguage":"de","@id":"https:\/\/kano-udlejning.dk\/de\/#\/schema\/logo\/image\/","url":"https:\/\/kano-udlejning.dk\/wp-content\/uploads\/2024\/09\/favicon.png","contentUrl":"https:\/\/kano-udlejning.dk\/wp-content\/uploads\/2024\/09\/favicon.png","width":32,"height":32,"caption":"T\u00f8rring Kanuverleih"},"image":{"@id":"https:\/\/kano-udlejning.dk\/de\/#\/schema\/logo\/image\/"}}]}},"_links":{"self":[{"href":"https:\/\/kano-udlejning.dk\/de\/wp-json\/wp\/v2\/product\/344884","targetHints":{"allow":["GET"]}}],"collection":[{"href":"https:\/\/kano-udlejning.dk\/de\/wp-json\/wp\/v2\/product"}],"about":[{"href":"https:\/\/kano-udlejning.dk\/de\/wp-json\/wp\/v2\/types\/product"}],"wp:featuredmedia":[{"embeddable":true,"href":"https:\/\/kano-udlejning.dk\/de\/wp-json\/wp\/v2\/media\/332060"}],"wp:attachment":[{"href":"https:\/\/kano-udlejning.dk\/de\/wp-json\/wp\/v2\/media?parent=344884"}],"wp:term":[{"taxonomy":"product_brand","embeddable":true,"href":"https:\/\/kano-udlejning.dk\/de\/wp-json\/wp\/v2\/product_brand?post=344884"},{"taxonomy":"product_cat","embeddable":true,"href":"https:\/\/kano-udlejning.dk\/de\/wp-json\/wp\/v2\/product_cat?post=344884"},{"taxonomy":"product_tag","embeddable":true,"href":"https:\/\/kano-udlejning.dk\/de\/wp-json\/wp\/v2\/product_tag?post=344884"}],"curies":[{"name":"wp","href":"https:\/\/api.w.org\/{rel}","templated":true}]}}