{"id":344800,"date":"2024-12-10T18:44:47","date_gmt":"2024-12-10T17:44:47","guid":{"rendered":"https:\/\/kano-udlejning.dk\/booking\/familienpaket-boote-und-zusaetzliche-ausruestung\/"},"modified":"2026-02-19T08:58:40","modified_gmt":"2026-02-19T07:58:40","slug":"familienpaket-boote-und-zusaetzliche-ausruestung","status":"publish","type":"product","link":"https:\/\/kano-udlejning.dk\/de\/booking\/familienpaket-boote-und-zusaetzliche-ausruestung\/","title":{"rendered":"Familienpaket \u2013 Boote und Extraausr\u00fcstung"},"content":{"rendered":"<p>Eine Kanutour auf der Guden\u00e5 ist ein fantastisches Erlebnis f\u00fcr alle \u2013 egal ob Familie, Freunde, Paare, Kolleg:innen oder andere Gruppen. Genie\u00dfe die Ruhe der Natur, die sch\u00f6ne Landschaft und erlebe die Tierwelt aus n\u00e4chster N\u00e4he. Mit einem Familienpaket steht das Zelt am Ende des Tages bereits mit Feldbetten bereit, sodass ihr euch den Aufbau spart. Die \u00dcbernachtung ist im Preis enthalten, wenn du ein Familienzelt buchst.   <\/p>\n","protected":false},"excerpt":{"rendered":"<p>Eine Kanutour auf der Guden\u00e5 ist ein fantastisches Erlebnis f\u00fcr alle \u2013 egal ob Familie, Freunde, Paare, Kolleg:innen oder andere Gruppen. Genie\u00dfe die Ruhe der Natur, die sch\u00f6ne Landschaft und erlebe die Tierwelt aus n\u00e4chster N\u00e4he. Mit einem Familienpaket steht das Zelt am Ende des Tages bereits mit Feldbetten bereit, sodass ihr euch den Aufbau&hellip; <a class=\"continue\" href=\"https:\/\/kano-udlejning.dk\/de\/booking\/familienpaket-boote-und-zusaetzliche-ausruestung\/\">L\u00e6s mere<span> Familienpaket \u2013 Boote und Extraausr\u00fcstung<\/span><\/a><\/p>\n","protected":false},"featured_media":332060,"template":"","meta":{"_acf_changed":false,"site-sidebar-layout":"default","site-content-layout":"","ast-site-content-layout":"default","site-content-style":"default","site-sidebar-style":"default","ast-global-header-display":"","ast-banner-title-visibility":"","ast-main-header-display":"","ast-hfb-above-header-display":"","ast-hfb-below-header-display":"","ast-hfb-mobile-header-display":"","site-post-title":"","ast-breadcrumbs-content":"","ast-featured-img":"","footer-sml-layout":"","ast-disable-related-posts":"","theme-transparent-header-meta":"default","adv-header-id-meta":"","stick-header-meta":"","header-above-stick-meta":"","header-main-stick-meta":"","header-below-stick-meta":"","astra-migrate-meta-layouts":"set","ast-page-background-enabled":"default","ast-page-background-meta":{"desktop":{"background-color":"","background-image":"","background-repeat":"repeat","background-position":"center center","background-size":"auto","background-attachment":"scroll","background-type":"","background-media":"","overlay-type":"","overlay-color":"","overlay-opacity":"","overlay-gradient":""},"tablet":{"background-color":"","background-image":"","background-repeat":"repeat","background-position":"center center","background-size":"auto","background-attachment":"scroll","background-type":"","background-media":"","overlay-type":"","overlay-color":"","overlay-opacity":"","overlay-gradient":""},"mobile":{"background-color":"","background-image":"","background-repeat":"repeat","background-position":"center center","background-size":"auto","background-attachment":"scroll","background-type":"","background-media":"","overlay-type":"","overlay-color":"","overlay-opacity":"","overlay-gradient":""}},"ast-content-background-meta":{"desktop":{"background-color":"var(--ast-global-color-5)","background-image":"","background-repeat":"repeat","background-position":"center center","background-size":"auto","background-attachment":"scroll","background-type":"","background-media":"","overlay-type":"","overlay-color":"","overlay-opacity":"","overlay-gradient":""},"tablet":{"background-color":"var(--ast-global-color-5)","background-image":"","background-repeat":"repeat","background-position":"center center","background-size":"auto","background-attachment":"scroll","background-type":"","background-media":"","overlay-type":"","overlay-color":"","overlay-opacity":"","overlay-gradient":""},"mobile":{"background-color":"var(--ast-global-color-5)","background-image":"","background-repeat":"repeat","background-position":"center center","background-size":"auto","background-attachment":"scroll","background-type":"","background-media":"","overlay-type":"","overlay-color":"","overlay-opacity":"","overlay-gradient":""}}},"product_brand":[],"product_cat":[690],"product_tag":[771],"class_list":{"0":"post-344800","1":"product","2":"type-product","3":"status-publish","4":"has-post-thumbnail","6":"product_cat-familien-pakete","7":"product_tag-familie-de","8":"desktop-align-left","9":"tablet-align-left","10":"mobile-align-left","11":"ast-product-gallery-layout-horizontal-slider","12":"ast-product-gallery-with-no-image","14":"first","15":"instock","16":"sold-individually","17":"taxable","18":"shipping-taxable","19":"purchasable","20":"product-type-booking"},"exclude_global_add_ons":false,"addons":[{"name":"Startpunkt w\u00e4hlen","type":"multiple_choice","position":0,"required":true,"title_format":"heading","default":"","description_enable":true,"description":"W\u00e4hle, wo ihr eure Tour starten m\u00f6chtet","placeholder_enable":false,"placeholder":null,"display":"select","restrictions_type":"any_text","adjust_price":false,"price":"","price_type":"flat_fee","restrictions":false,"min":"0","max":"0","options":[{"label":"T\u00f8rring Kanoudlejning","price":"","price_type":"flat_fee","image":0,"visibility":true},{"label":"\u00c5le Teltplads","price":"","price_type":"flat_fee","image":0,"visibility":true},{"label":"\u00c5stedbro Teltplads","price":"","price_type":"flat_fee","image":0,"visibility":true},{"label":"Guden\u00e5 Camping","price":"","price_type":"flat_fee","image":0,"visibility":true},{"label":"Vestbirk Camping","price":"","price_type":"flat_fee","image":0,"visibility":true},{"label":"Voervadsbro Teltplads","price":"","price_type":"flat_fee","image":0,"visibility":true},{"label":"Klosterm\u00f8lle","price":"","price_type":"flat_fee","image":0,"visibility":true},{"label":"Gammel Rye Teltplads","price":"","price_type":"flat_fee","image":0,"visibility":true},{"label":"Ry\/Skimmingh\u00f8j Zeltplatz","price":"","price_type":"flat_fee","image":0,"visibility":true}],"id":1733859922},{"name":"Endpunkt w\u00e4hlen","type":"multiple_choice","position":1,"required":true,"title_format":"heading","default":"","description_enable":true,"description":"W\u00e4hle, wo ihr eure Tour beenden m\u00f6chtet","placeholder_enable":false,"placeholder":null,"display":"select","restrictions_type":"any_text","adjust_price":false,"price":"","price_type":"flat_fee","restrictions":false,"min":"0","max":"0","options":[{"label":"\u00c5stedbro Teltplads","price":"","price_type":"flat_fee","image":0,"visibility":true},{"label":"Guden\u00e5 Camping","price":"","price_type":"flat_fee","image":0,"visibility":true},{"label":"Vestbirk Camping","price":"","price_type":"flat_fee","image":0,"visibility":true},{"label":"Voervadsbro Teltplads","price":"","price_type":"flat_fee","image":0,"visibility":true},{"label":"Klosterm\u00f8lle","price":"","price_type":"flat_fee","image":0,"visibility":true},{"label":"Gammel Rye Teltplads","price":"","price_type":"flat_fee","image":0,"visibility":true},{"label":"Ry\/Skimmingh\u00f8j Zeltplatz","price":"","price_type":"flat_fee","image":0,"visibility":true},{"label":"Die kleinen Fische","price":"","price_type":"flat_fee","image":0,"visibility":true},{"label":"Silkeborg Hafen","price":"","price_type":"flat_fee","image":0,"visibility":true}],"id":1733859923}],"acf":[],"yoast_head":"<!-- This site is optimized with the Yoast SEO plugin v27.2 - https:\/\/yoast.com\/product\/yoast-seo-wordpress\/ -->\n<title>Familienpaket \u2013 Boote und Extraausr\u00fcstung - T\u00f8rring Kanoudlejning<\/title>\n<meta name=\"robots\" content=\"noindex, follow\" \/>\n<meta property=\"og:locale\" content=\"de_DE\" \/>\n<meta property=\"og:type\" content=\"article\" \/>\n<meta property=\"og:title\" content=\"Familienpaket \u2013 Boote und Extraausr\u00fcstung - T\u00f8rring Kanoudlejning\" \/>\n<meta property=\"og:description\" content=\"Eine Kanutour auf der Guden\u00e5 ist ein fantastisches Erlebnis f\u00fcr alle \u2013 egal ob Familie, Freunde, Paare, Kolleg:innen oder andere Gruppen. Genie\u00dfe die Ruhe der Natur, die sch\u00f6ne Landschaft und erlebe die Tierwelt aus n\u00e4chster N\u00e4he. Mit einem Familienpaket steht das Zelt am Ende des Tages bereits mit Feldbetten bereit, sodass ihr euch den Aufbau&hellip; L\u00e6s mere Familienpaket \u2013 Boote und Extraausr\u00fcstung\" \/>\n<meta property=\"og:url\" content=\"https:\/\/kano-udlejning.dk\/de\/booking\/familienpaket-boote-und-zusaetzliche-ausruestung\/\" \/>\n<meta property=\"og:site_name\" content=\"T\u00f8rring Kanoudlejning\" \/>\n<meta property=\"article:modified_time\" content=\"2026-02-19T07:58:40+00:00\" \/>\n<meta property=\"og:image\" content=\"https:\/\/kano-udlejning.dk\/wp-content\/uploads\/2025\/02\/kanoudlejning.jpg\" \/>\n\t<meta property=\"og:image:width\" content=\"653\" \/>\n\t<meta property=\"og:image:height\" content=\"653\" \/>\n\t<meta property=\"og:image:type\" content=\"image\/jpeg\" \/>\n<meta name=\"twitter:card\" content=\"summary_large_image\" \/>\n<meta name=\"twitter:label1\" content=\"Gesch\u00e4tzte Lesezeit\" \/>\n\t<meta name=\"twitter:data1\" content=\"1\u00a0Minute\" \/>\n<script type=\"application\/ld+json\" class=\"yoast-schema-graph\">{\"@context\":\"https:\/\/schema.org\",\"@graph\":[{\"@type\":\"WebPage\",\"@id\":\"https:\/\/kano-udlejning.dk\/de\/booking\/familienpaket-boote-und-zusaetzliche-ausruestung\/\",\"url\":\"https:\/\/kano-udlejning.dk\/de\/booking\/familienpaket-boote-und-zusaetzliche-ausruestung\/\",\"name\":\"Familienpaket \u2013 Boote und Extraausr\u00fcstung - T\u00f8rring Kanoudlejning\",\"isPartOf\":{\"@id\":\"https:\/\/kano-udlejning.dk\/de\/#website\"},\"primaryImageOfPage\":{\"@id\":\"https:\/\/kano-udlejning.dk\/de\/booking\/familienpaket-boote-und-zusaetzliche-ausruestung\/#primaryimage\"},\"image\":{\"@id\":\"https:\/\/kano-udlejning.dk\/de\/booking\/familienpaket-boote-und-zusaetzliche-ausruestung\/#primaryimage\"},\"thumbnailUrl\":\"https:\/\/kano-udlejning.dk\/wp-content\/uploads\/2025\/02\/kanoudlejning.jpg\",\"datePublished\":\"2024-12-10T17:44:47+00:00\",\"dateModified\":\"2026-02-19T07:58:40+00:00\",\"breadcrumb\":{\"@id\":\"https:\/\/kano-udlejning.dk\/de\/booking\/familienpaket-boote-und-zusaetzliche-ausruestung\/#breadcrumb\"},\"inLanguage\":\"de\",\"potentialAction\":[{\"@type\":\"ReadAction\",\"target\":[\"https:\/\/kano-udlejning.dk\/de\/booking\/familienpaket-boote-und-zusaetzliche-ausruestung\/\"]}]},{\"@type\":\"ImageObject\",\"inLanguage\":\"de\",\"@id\":\"https:\/\/kano-udlejning.dk\/de\/booking\/familienpaket-boote-und-zusaetzliche-ausruestung\/#primaryimage\",\"url\":\"https:\/\/kano-udlejning.dk\/wp-content\/uploads\/2025\/02\/kanoudlejning.jpg\",\"contentUrl\":\"https:\/\/kano-udlejning.dk\/wp-content\/uploads\/2025\/02\/kanoudlejning.jpg\",\"width\":653,\"height\":653},{\"@type\":\"BreadcrumbList\",\"@id\":\"https:\/\/kano-udlejning.dk\/de\/booking\/familienpaket-boote-und-zusaetzliche-ausruestung\/#breadcrumb\",\"itemListElement\":[{\"@type\":\"ListItem\",\"position\":1,\"name\":\"Home\",\"item\":\"https:\/\/kano-udlejning.dk\/de\/\"},{\"@type\":\"ListItem\",\"position\":2,\"name\":\"Produkte\",\"item\":\"https:\/\/kano-udlejning.dk\/de\/shop\/\"},{\"@type\":\"ListItem\",\"position\":3,\"name\":\"Familienpaket \u2013 Boote und Extraausr\u00fcstung\"}]},{\"@type\":\"WebSite\",\"@id\":\"https:\/\/kano-udlejning.dk\/de\/#website\",\"url\":\"https:\/\/kano-udlejning.dk\/de\/\",\"name\":\"T\u00f8rring Kanoudlejning\",\"description\":\"St\u00f8rste Kano- &amp; Kajakudlejer p\u00e5 Guden\u00e5en\",\"publisher\":{\"@id\":\"https:\/\/kano-udlejning.dk\/de\/#organization\"},\"potentialAction\":[{\"@type\":\"SearchAction\",\"target\":{\"@type\":\"EntryPoint\",\"urlTemplate\":\"https:\/\/kano-udlejning.dk\/de\/?s={search_term_string}\"},\"query-input\":{\"@type\":\"PropertyValueSpecification\",\"valueRequired\":true,\"valueName\":\"search_term_string\"}}],\"inLanguage\":\"de\"},{\"@type\":\"Organization\",\"@id\":\"https:\/\/kano-udlejning.dk\/de\/#organization\",\"name\":\"T\u00f8rring Kanuverleih\",\"url\":\"https:\/\/kano-udlejning.dk\/de\/\",\"logo\":{\"@type\":\"ImageObject\",\"inLanguage\":\"de\",\"@id\":\"https:\/\/kano-udlejning.dk\/de\/#\/schema\/logo\/image\/\",\"url\":\"https:\/\/kano-udlejning.dk\/wp-content\/uploads\/2024\/09\/favicon.png\",\"contentUrl\":\"https:\/\/kano-udlejning.dk\/wp-content\/uploads\/2024\/09\/favicon.png\",\"width\":32,\"height\":32,\"caption\":\"T\u00f8rring Kanuverleih\"},\"image\":{\"@id\":\"https:\/\/kano-udlejning.dk\/de\/#\/schema\/logo\/image\/\"}}]}<\/script>\n<!-- \/ Yoast SEO plugin. -->","yoast_head_json":{"title":"Familienpaket \u2013 Boote und Extraausr\u00fcstung - T\u00f8rring Kanoudlejning","robots":{"index":"noindex","follow":"follow"},"og_locale":"de_DE","og_type":"article","og_title":"Familienpaket \u2013 Boote und Extraausr\u00fcstung - T\u00f8rring Kanoudlejning","og_description":"Eine Kanutour auf der Guden\u00e5 ist ein fantastisches Erlebnis f\u00fcr alle \u2013 egal ob Familie, Freunde, Paare, Kolleg:innen oder andere Gruppen. Genie\u00dfe die Ruhe der Natur, die sch\u00f6ne Landschaft und erlebe die Tierwelt aus n\u00e4chster N\u00e4he. Mit einem Familienpaket steht das Zelt am Ende des Tages bereits mit Feldbetten bereit, sodass ihr euch den Aufbau&hellip; L\u00e6s mere Familienpaket \u2013 Boote und Extraausr\u00fcstung","og_url":"https:\/\/kano-udlejning.dk\/de\/booking\/familienpaket-boote-und-zusaetzliche-ausruestung\/","og_site_name":"T\u00f8rring Kanoudlejning","article_modified_time":"2026-02-19T07:58:40+00:00","og_image":[{"width":653,"height":653,"url":"https:\/\/kano-udlejning.dk\/wp-content\/uploads\/2025\/02\/kanoudlejning.jpg","type":"image\/jpeg"}],"twitter_card":"summary_large_image","twitter_misc":{"Gesch\u00e4tzte Lesezeit":"1\u00a0Minute"},"schema":{"@context":"https:\/\/schema.org","@graph":[{"@type":"WebPage","@id":"https:\/\/kano-udlejning.dk\/de\/booking\/familienpaket-boote-und-zusaetzliche-ausruestung\/","url":"https:\/\/kano-udlejning.dk\/de\/booking\/familienpaket-boote-und-zusaetzliche-ausruestung\/","name":"Familienpaket \u2013 Boote und Extraausr\u00fcstung - T\u00f8rring Kanoudlejning","isPartOf":{"@id":"https:\/\/kano-udlejning.dk\/de\/#website"},"primaryImageOfPage":{"@id":"https:\/\/kano-udlejning.dk\/de\/booking\/familienpaket-boote-und-zusaetzliche-ausruestung\/#primaryimage"},"image":{"@id":"https:\/\/kano-udlejning.dk\/de\/booking\/familienpaket-boote-und-zusaetzliche-ausruestung\/#primaryimage"},"thumbnailUrl":"https:\/\/kano-udlejning.dk\/wp-content\/uploads\/2025\/02\/kanoudlejning.jpg","datePublished":"2024-12-10T17:44:47+00:00","dateModified":"2026-02-19T07:58:40+00:00","breadcrumb":{"@id":"https:\/\/kano-udlejning.dk\/de\/booking\/familienpaket-boote-und-zusaetzliche-ausruestung\/#breadcrumb"},"inLanguage":"de","potentialAction":[{"@type":"ReadAction","target":["https:\/\/kano-udlejning.dk\/de\/booking\/familienpaket-boote-und-zusaetzliche-ausruestung\/"]}]},{"@type":"ImageObject","inLanguage":"de","@id":"https:\/\/kano-udlejning.dk\/de\/booking\/familienpaket-boote-und-zusaetzliche-ausruestung\/#primaryimage","url":"https:\/\/kano-udlejning.dk\/wp-content\/uploads\/2025\/02\/kanoudlejning.jpg","contentUrl":"https:\/\/kano-udlejning.dk\/wp-content\/uploads\/2025\/02\/kanoudlejning.jpg","width":653,"height":653},{"@type":"BreadcrumbList","@id":"https:\/\/kano-udlejning.dk\/de\/booking\/familienpaket-boote-und-zusaetzliche-ausruestung\/#breadcrumb","itemListElement":[{"@type":"ListItem","position":1,"name":"Home","item":"https:\/\/kano-udlejning.dk\/de\/"},{"@type":"ListItem","position":2,"name":"Produkte","item":"https:\/\/kano-udlejning.dk\/de\/shop\/"},{"@type":"ListItem","position":3,"name":"Familienpaket \u2013 Boote und Extraausr\u00fcstung"}]},{"@type":"WebSite","@id":"https:\/\/kano-udlejning.dk\/de\/#website","url":"https:\/\/kano-udlejning.dk\/de\/","name":"T\u00f8rring Kanoudlejning","description":"St\u00f8rste Kano- &amp; Kajakudlejer p\u00e5 Guden\u00e5en","publisher":{"@id":"https:\/\/kano-udlejning.dk\/de\/#organization"},"potentialAction":[{"@type":"SearchAction","target":{"@type":"EntryPoint","urlTemplate":"https:\/\/kano-udlejning.dk\/de\/?s={search_term_string}"},"query-input":{"@type":"PropertyValueSpecification","valueRequired":true,"valueName":"search_term_string"}}],"inLanguage":"de"},{"@type":"Organization","@id":"https:\/\/kano-udlejning.dk\/de\/#organization","name":"T\u00f8rring Kanuverleih","url":"https:\/\/kano-udlejning.dk\/de\/","logo":{"@type":"ImageObject","inLanguage":"de","@id":"https:\/\/kano-udlejning.dk\/de\/#\/schema\/logo\/image\/","url":"https:\/\/kano-udlejning.dk\/wp-content\/uploads\/2024\/09\/favicon.png","contentUrl":"https:\/\/kano-udlejning.dk\/wp-content\/uploads\/2024\/09\/favicon.png","width":32,"height":32,"caption":"T\u00f8rring Kanuverleih"},"image":{"@id":"https:\/\/kano-udlejning.dk\/de\/#\/schema\/logo\/image\/"}}]}},"_links":{"self":[{"href":"https:\/\/kano-udlejning.dk\/de\/wp-json\/wp\/v2\/product\/344800","targetHints":{"allow":["GET"]}}],"collection":[{"href":"https:\/\/kano-udlejning.dk\/de\/wp-json\/wp\/v2\/product"}],"about":[{"href":"https:\/\/kano-udlejning.dk\/de\/wp-json\/wp\/v2\/types\/product"}],"wp:featuredmedia":[{"embeddable":true,"href":"https:\/\/kano-udlejning.dk\/de\/wp-json\/wp\/v2\/media\/332060"}],"wp:attachment":[{"href":"https:\/\/kano-udlejning.dk\/de\/wp-json\/wp\/v2\/media?parent=344800"}],"wp:term":[{"taxonomy":"product_brand","embeddable":true,"href":"https:\/\/kano-udlejning.dk\/de\/wp-json\/wp\/v2\/product_brand?post=344800"},{"taxonomy":"product_cat","embeddable":true,"href":"https:\/\/kano-udlejning.dk\/de\/wp-json\/wp\/v2\/product_cat?post=344800"},{"taxonomy":"product_tag","embeddable":true,"href":"https:\/\/kano-udlejning.dk\/de\/wp-json\/wp\/v2\/product_tag?post=344800"}],"curies":[{"name":"wp","href":"https:\/\/api.w.org\/{rel}","templated":true}]}}