{"id":343265,"date":"2019-10-31T12:45:00","date_gmt":"2019-10-31T11:45:00","guid":{"rendered":"https:\/\/kano-udlejning.dk\/booking\/silkeborg-langso-ost-zum-fakultativen-endziel-9\/"},"modified":"2025-11-05T14:34:23","modified_gmt":"2025-11-05T13:34:23","slug":"silkeborg-langso-ost-zum-fakultativen-endziel-9","status":"publish","type":"product","link":"https:\/\/kano-udlejning.dk\/de\/booking\/silkeborg-langso-ost-zum-fakultativen-endziel-9\/","title":{"rendered":"Silkeborg Langs\u00f8 \u00d8st zum fakultativen Endziel"},"content":{"rendered":"<p><strong>Startpunkt:<\/strong> Silkeborg Langs\u00f8 \u00d8st, Ege All\u00e9 306, 8600 Silkeborg<\/p>\n<p><strong>Endpunkt:<\/strong> Optionaler Zielort<\/p>\n<p>Das Kanu\/Kajak steht um 9.00 Uhr am Startpunkt bereit, und mit der Option eines optionalen Endziels entscheiden Sie, wo Sie die Reise beenden m\u00f6chten. Sie buchen die Anzahl der Tage, die Sie fahren m\u00f6chten, und teilen uns Ihr gew\u00fcnschtes Endziel telefonisch vor 12.00 Uhr am letzten Tag Ihrer Reise mit.   <\/p>\n","protected":false},"excerpt":{"rendered":"<p>Startpunkt: Silkeborg Langs\u00f8 \u00d8st, Ege All\u00e9 306, 8600 Silkeborg Endpunkt: Optionaler Zielort Das Kanu\/Kajak steht um 9.00 Uhr am Startpunkt bereit, und mit der Option eines optionalen Endziels entscheiden Sie, wo Sie die Reise beenden m\u00f6chten. Sie buchen die Anzahl der Tage, die Sie fahren m\u00f6chten, und teilen uns Ihr gew\u00fcnschtes Endziel telefonisch vor 12.00&hellip; <a class=\"continue\" href=\"https:\/\/kano-udlejning.dk\/de\/booking\/silkeborg-langso-ost-zum-fakultativen-endziel-9\/\">L\u00e6s mere<span> Silkeborg Langs\u00f8 \u00d8st zum fakultativen Endziel<\/span><\/a><\/p>\n","protected":false},"featured_media":332060,"template":"","meta":{"_acf_changed":false,"site-sidebar-layout":"default","site-content-layout":"","ast-site-content-layout":"default","site-content-style":"default","site-sidebar-style":"default","ast-global-header-display":"","ast-banner-title-visibility":"","ast-main-header-display":"","ast-hfb-above-header-display":"","ast-hfb-below-header-display":"","ast-hfb-mobile-header-display":"","site-post-title":"","ast-breadcrumbs-content":"","ast-featured-img":"","footer-sml-layout":"","ast-disable-related-posts":"","theme-transparent-header-meta":"","adv-header-id-meta":"","stick-header-meta":"","header-above-stick-meta":"","header-main-stick-meta":"","header-below-stick-meta":"","astra-migrate-meta-layouts":"default","ast-page-background-enabled":"default","ast-page-background-meta":{"desktop":{"background-color":"","background-image":"","background-repeat":"repeat","background-position":"center center","background-size":"auto","background-attachment":"scroll","background-type":"","background-media":"","overlay-type":"","overlay-color":"","overlay-opacity":"","overlay-gradient":""},"tablet":{"background-color":"","background-image":"","background-repeat":"repeat","background-position":"center center","background-size":"auto","background-attachment":"scroll","background-type":"","background-media":"","overlay-type":"","overlay-color":"","overlay-opacity":"","overlay-gradient":""},"mobile":{"background-color":"","background-image":"","background-repeat":"repeat","background-position":"center center","background-size":"auto","background-attachment":"scroll","background-type":"","background-media":"","overlay-type":"","overlay-color":"","overlay-opacity":"","overlay-gradient":""}},"ast-content-background-meta":{"desktop":{"background-color":"var(--ast-global-color-5)","background-image":"","background-repeat":"repeat","background-position":"center center","background-size":"auto","background-attachment":"scroll","background-type":"","background-media":"","overlay-type":"","overlay-color":"","overlay-opacity":"","overlay-gradient":""},"tablet":{"background-color":"var(--ast-global-color-5)","background-image":"","background-repeat":"repeat","background-position":"center center","background-size":"auto","background-attachment":"scroll","background-type":"","background-media":"","overlay-type":"","overlay-color":"","overlay-opacity":"","overlay-gradient":""},"mobile":{"background-color":"var(--ast-global-color-5)","background-image":"","background-repeat":"repeat","background-position":"center center","background-size":"auto","background-attachment":"scroll","background-type":"","background-media":"","overlay-type":"","overlay-color":"","overlay-opacity":"","overlay-gradient":""}}},"product_brand":[],"product_cat":[667,565,626],"product_tag":[],"class_list":{"0":"post-343265","1":"product","2":"type-product","3":"status-publish","4":"has-post-thumbnail","6":"product_cat-silkeborg-langso-ost","7":"product_cat-2-tage-reise","8":"product_cat-optionales-endziel","9":"desktop-align-left","10":"tablet-align-left","11":"mobile-align-left","12":"ast-product-gallery-layout-horizontal-slider","13":"ast-product-gallery-with-no-image","15":"first","16":"instock","17":"sold-individually","18":"taxable","19":"shipping-taxable","20":"purchasable","21":"product-type-booking"},"exclude_global_add_ons":false,"addons":[],"acf":[],"yoast_head":"<!-- This site is optimized with the Yoast SEO plugin v27.2 - https:\/\/yoast.com\/product\/yoast-seo-wordpress\/ -->\n<title>Silkeborg Langs\u00f8 \u00d8st zum fakultativen Endziel - T\u00f8rring Kanoudlejning<\/title>\n<meta name=\"robots\" content=\"noindex, follow\" \/>\n<meta property=\"og:locale\" content=\"de_DE\" \/>\n<meta property=\"og:type\" content=\"article\" \/>\n<meta property=\"og:title\" content=\"Silkeborg Langs\u00f8 \u00d8st zum fakultativen Endziel - T\u00f8rring Kanoudlejning\" \/>\n<meta property=\"og:description\" content=\"Startpunkt: Silkeborg Langs\u00f8 \u00d8st, Ege All\u00e9 306, 8600 Silkeborg Endpunkt: Optionaler Zielort Das Kanu\/Kajak steht um 9.00 Uhr am Startpunkt bereit, und mit der Option eines optionalen Endziels entscheiden Sie, wo Sie die Reise beenden m\u00f6chten. Sie buchen die Anzahl der Tage, die Sie fahren m\u00f6chten, und teilen uns Ihr gew\u00fcnschtes Endziel telefonisch vor 12.00&hellip; L\u00e6s mere Silkeborg Langs\u00f8 \u00d8st zum fakultativen Endziel\" \/>\n<meta property=\"og:url\" content=\"https:\/\/kano-udlejning.dk\/de\/booking\/silkeborg-langso-ost-zum-fakultativen-endziel-9\/\" \/>\n<meta property=\"og:site_name\" content=\"T\u00f8rring Kanoudlejning\" \/>\n<meta property=\"article:modified_time\" content=\"2025-11-05T13:34:23+00:00\" \/>\n<meta property=\"og:image\" content=\"https:\/\/kano-udlejning.dk\/wp-content\/uploads\/2025\/02\/kanoudlejning.jpg\" \/>\n\t<meta property=\"og:image:width\" content=\"653\" \/>\n\t<meta property=\"og:image:height\" content=\"653\" \/>\n\t<meta property=\"og:image:type\" content=\"image\/jpeg\" \/>\n<meta name=\"twitter:card\" content=\"summary_large_image\" \/>\n<script type=\"application\/ld+json\" class=\"yoast-schema-graph\">{\"@context\":\"https:\/\/schema.org\",\"@graph\":[{\"@type\":\"WebPage\",\"@id\":\"https:\/\/kano-udlejning.dk\/de\/booking\/silkeborg-langso-ost-zum-fakultativen-endziel-9\/\",\"url\":\"https:\/\/kano-udlejning.dk\/de\/booking\/silkeborg-langso-ost-zum-fakultativen-endziel-9\/\",\"name\":\"Silkeborg Langs\u00f8 \u00d8st zum fakultativen Endziel - T\u00f8rring Kanoudlejning\",\"isPartOf\":{\"@id\":\"https:\/\/kano-udlejning.dk\/de\/#website\"},\"primaryImageOfPage\":{\"@id\":\"https:\/\/kano-udlejning.dk\/de\/booking\/silkeborg-langso-ost-zum-fakultativen-endziel-9\/#primaryimage\"},\"image\":{\"@id\":\"https:\/\/kano-udlejning.dk\/de\/booking\/silkeborg-langso-ost-zum-fakultativen-endziel-9\/#primaryimage\"},\"thumbnailUrl\":\"https:\/\/kano-udlejning.dk\/wp-content\/uploads\/2025\/02\/kanoudlejning.jpg\",\"datePublished\":\"2019-10-31T11:45:00+00:00\",\"dateModified\":\"2025-11-05T13:34:23+00:00\",\"breadcrumb\":{\"@id\":\"https:\/\/kano-udlejning.dk\/de\/booking\/silkeborg-langso-ost-zum-fakultativen-endziel-9\/#breadcrumb\"},\"inLanguage\":\"de\",\"potentialAction\":[{\"@type\":\"ReadAction\",\"target\":[\"https:\/\/kano-udlejning.dk\/de\/booking\/silkeborg-langso-ost-zum-fakultativen-endziel-9\/\"]}]},{\"@type\":\"ImageObject\",\"inLanguage\":\"de\",\"@id\":\"https:\/\/kano-udlejning.dk\/de\/booking\/silkeborg-langso-ost-zum-fakultativen-endziel-9\/#primaryimage\",\"url\":\"https:\/\/kano-udlejning.dk\/wp-content\/uploads\/2025\/02\/kanoudlejning.jpg\",\"contentUrl\":\"https:\/\/kano-udlejning.dk\/wp-content\/uploads\/2025\/02\/kanoudlejning.jpg\",\"width\":653,\"height\":653},{\"@type\":\"BreadcrumbList\",\"@id\":\"https:\/\/kano-udlejning.dk\/de\/booking\/silkeborg-langso-ost-zum-fakultativen-endziel-9\/#breadcrumb\",\"itemListElement\":[{\"@type\":\"ListItem\",\"position\":1,\"name\":\"Home\",\"item\":\"https:\/\/kano-udlejning.dk\/de\/\"},{\"@type\":\"ListItem\",\"position\":2,\"name\":\"Produkte\",\"item\":\"https:\/\/kano-udlejning.dk\/de\/shop\/\"},{\"@type\":\"ListItem\",\"position\":3,\"name\":\"Silkeborg Langs\u00f8 \u00d8st zum fakultativen Endziel\"}]},{\"@type\":\"WebSite\",\"@id\":\"https:\/\/kano-udlejning.dk\/de\/#website\",\"url\":\"https:\/\/kano-udlejning.dk\/de\/\",\"name\":\"T\u00f8rring Kanoudlejning\",\"description\":\"St\u00f8rste Kano- &amp; Kajakudlejer p\u00e5 Guden\u00e5en\",\"publisher\":{\"@id\":\"https:\/\/kano-udlejning.dk\/de\/#organization\"},\"potentialAction\":[{\"@type\":\"SearchAction\",\"target\":{\"@type\":\"EntryPoint\",\"urlTemplate\":\"https:\/\/kano-udlejning.dk\/de\/?s={search_term_string}\"},\"query-input\":{\"@type\":\"PropertyValueSpecification\",\"valueRequired\":true,\"valueName\":\"search_term_string\"}}],\"inLanguage\":\"de\"},{\"@type\":\"Organization\",\"@id\":\"https:\/\/kano-udlejning.dk\/de\/#organization\",\"name\":\"T\u00f8rring Kanuverleih\",\"url\":\"https:\/\/kano-udlejning.dk\/de\/\",\"logo\":{\"@type\":\"ImageObject\",\"inLanguage\":\"de\",\"@id\":\"https:\/\/kano-udlejning.dk\/de\/#\/schema\/logo\/image\/\",\"url\":\"https:\/\/kano-udlejning.dk\/wp-content\/uploads\/2024\/09\/favicon.png\",\"contentUrl\":\"https:\/\/kano-udlejning.dk\/wp-content\/uploads\/2024\/09\/favicon.png\",\"width\":32,\"height\":32,\"caption\":\"T\u00f8rring Kanuverleih\"},\"image\":{\"@id\":\"https:\/\/kano-udlejning.dk\/de\/#\/schema\/logo\/image\/\"}}]}<\/script>\n<!-- \/ Yoast SEO plugin. -->","yoast_head_json":{"title":"Silkeborg Langs\u00f8 \u00d8st zum fakultativen Endziel - T\u00f8rring Kanoudlejning","robots":{"index":"noindex","follow":"follow"},"og_locale":"de_DE","og_type":"article","og_title":"Silkeborg Langs\u00f8 \u00d8st zum fakultativen Endziel - T\u00f8rring Kanoudlejning","og_description":"Startpunkt: Silkeborg Langs\u00f8 \u00d8st, Ege All\u00e9 306, 8600 Silkeborg Endpunkt: Optionaler Zielort Das Kanu\/Kajak steht um 9.00 Uhr am Startpunkt bereit, und mit der Option eines optionalen Endziels entscheiden Sie, wo Sie die Reise beenden m\u00f6chten. Sie buchen die Anzahl der Tage, die Sie fahren m\u00f6chten, und teilen uns Ihr gew\u00fcnschtes Endziel telefonisch vor 12.00&hellip; L\u00e6s mere Silkeborg Langs\u00f8 \u00d8st zum fakultativen Endziel","og_url":"https:\/\/kano-udlejning.dk\/de\/booking\/silkeborg-langso-ost-zum-fakultativen-endziel-9\/","og_site_name":"T\u00f8rring Kanoudlejning","article_modified_time":"2025-11-05T13:34:23+00:00","og_image":[{"width":653,"height":653,"url":"https:\/\/kano-udlejning.dk\/wp-content\/uploads\/2025\/02\/kanoudlejning.jpg","type":"image\/jpeg"}],"twitter_card":"summary_large_image","schema":{"@context":"https:\/\/schema.org","@graph":[{"@type":"WebPage","@id":"https:\/\/kano-udlejning.dk\/de\/booking\/silkeborg-langso-ost-zum-fakultativen-endziel-9\/","url":"https:\/\/kano-udlejning.dk\/de\/booking\/silkeborg-langso-ost-zum-fakultativen-endziel-9\/","name":"Silkeborg Langs\u00f8 \u00d8st zum fakultativen Endziel - T\u00f8rring Kanoudlejning","isPartOf":{"@id":"https:\/\/kano-udlejning.dk\/de\/#website"},"primaryImageOfPage":{"@id":"https:\/\/kano-udlejning.dk\/de\/booking\/silkeborg-langso-ost-zum-fakultativen-endziel-9\/#primaryimage"},"image":{"@id":"https:\/\/kano-udlejning.dk\/de\/booking\/silkeborg-langso-ost-zum-fakultativen-endziel-9\/#primaryimage"},"thumbnailUrl":"https:\/\/kano-udlejning.dk\/wp-content\/uploads\/2025\/02\/kanoudlejning.jpg","datePublished":"2019-10-31T11:45:00+00:00","dateModified":"2025-11-05T13:34:23+00:00","breadcrumb":{"@id":"https:\/\/kano-udlejning.dk\/de\/booking\/silkeborg-langso-ost-zum-fakultativen-endziel-9\/#breadcrumb"},"inLanguage":"de","potentialAction":[{"@type":"ReadAction","target":["https:\/\/kano-udlejning.dk\/de\/booking\/silkeborg-langso-ost-zum-fakultativen-endziel-9\/"]}]},{"@type":"ImageObject","inLanguage":"de","@id":"https:\/\/kano-udlejning.dk\/de\/booking\/silkeborg-langso-ost-zum-fakultativen-endziel-9\/#primaryimage","url":"https:\/\/kano-udlejning.dk\/wp-content\/uploads\/2025\/02\/kanoudlejning.jpg","contentUrl":"https:\/\/kano-udlejning.dk\/wp-content\/uploads\/2025\/02\/kanoudlejning.jpg","width":653,"height":653},{"@type":"BreadcrumbList","@id":"https:\/\/kano-udlejning.dk\/de\/booking\/silkeborg-langso-ost-zum-fakultativen-endziel-9\/#breadcrumb","itemListElement":[{"@type":"ListItem","position":1,"name":"Home","item":"https:\/\/kano-udlejning.dk\/de\/"},{"@type":"ListItem","position":2,"name":"Produkte","item":"https:\/\/kano-udlejning.dk\/de\/shop\/"},{"@type":"ListItem","position":3,"name":"Silkeborg Langs\u00f8 \u00d8st zum fakultativen Endziel"}]},{"@type":"WebSite","@id":"https:\/\/kano-udlejning.dk\/de\/#website","url":"https:\/\/kano-udlejning.dk\/de\/","name":"T\u00f8rring Kanoudlejning","description":"St\u00f8rste Kano- &amp; Kajakudlejer p\u00e5 Guden\u00e5en","publisher":{"@id":"https:\/\/kano-udlejning.dk\/de\/#organization"},"potentialAction":[{"@type":"SearchAction","target":{"@type":"EntryPoint","urlTemplate":"https:\/\/kano-udlejning.dk\/de\/?s={search_term_string}"},"query-input":{"@type":"PropertyValueSpecification","valueRequired":true,"valueName":"search_term_string"}}],"inLanguage":"de"},{"@type":"Organization","@id":"https:\/\/kano-udlejning.dk\/de\/#organization","name":"T\u00f8rring Kanuverleih","url":"https:\/\/kano-udlejning.dk\/de\/","logo":{"@type":"ImageObject","inLanguage":"de","@id":"https:\/\/kano-udlejning.dk\/de\/#\/schema\/logo\/image\/","url":"https:\/\/kano-udlejning.dk\/wp-content\/uploads\/2024\/09\/favicon.png","contentUrl":"https:\/\/kano-udlejning.dk\/wp-content\/uploads\/2024\/09\/favicon.png","width":32,"height":32,"caption":"T\u00f8rring Kanuverleih"},"image":{"@id":"https:\/\/kano-udlejning.dk\/de\/#\/schema\/logo\/image\/"}}]}},"_links":{"self":[{"href":"https:\/\/kano-udlejning.dk\/de\/wp-json\/wp\/v2\/product\/343265","targetHints":{"allow":["GET"]}}],"collection":[{"href":"https:\/\/kano-udlejning.dk\/de\/wp-json\/wp\/v2\/product"}],"about":[{"href":"https:\/\/kano-udlejning.dk\/de\/wp-json\/wp\/v2\/types\/product"}],"wp:featuredmedia":[{"embeddable":true,"href":"https:\/\/kano-udlejning.dk\/de\/wp-json\/wp\/v2\/media\/332060"}],"wp:attachment":[{"href":"https:\/\/kano-udlejning.dk\/de\/wp-json\/wp\/v2\/media?parent=343265"}],"wp:term":[{"taxonomy":"product_brand","embeddable":true,"href":"https:\/\/kano-udlejning.dk\/de\/wp-json\/wp\/v2\/product_brand?post=343265"},{"taxonomy":"product_cat","embeddable":true,"href":"https:\/\/kano-udlejning.dk\/de\/wp-json\/wp\/v2\/product_cat?post=343265"},{"taxonomy":"product_tag","embeddable":true,"href":"https:\/\/kano-udlejning.dk\/de\/wp-json\/wp\/v2\/product_tag?post=343265"}],"curies":[{"name":"wp","href":"https:\/\/api.w.org\/{rel}","templated":true}]}}