{"id":341562,"date":"2019-10-31T12:42:07","date_gmt":"2019-10-31T11:42:07","guid":{"rendered":"https:\/\/kano-udlejning.dk\/booking\/geschlossenes-ly-outdoor-camp-fuer-silkeborg-langso-ost-6\/"},"modified":"2025-11-05T14:18:19","modified_gmt":"2025-11-05T13:18:19","slug":"geschlossenes-ly-outdoor-camp-fuer-silkeborg-langso-ost-6","status":"publish","type":"product","link":"https:\/\/kano-udlejning.dk\/de\/booking\/geschlossenes-ly-outdoor-camp-fuer-silkeborg-langso-ost-6\/","title":{"rendered":"Indelukket \/ Ly Outdoor Camp an Silkeborg Langs\u00f8 \u00d8st"},"content":{"rendered":"<p><strong>Startpunkt:<\/strong> Indelukket \/ Ly Outdoor Camp, Vejls\u00f8vej 7, 8600 Silkeborg<\/p>\n<p><strong>Endadresse:<\/strong> Silkeborg Langs\u00f8 \u00d8st, Ege All\u00e9 306, 8600 Silkeborg<\/p>\n<p>Das Kanu\/Kajak steht um 9.00 Uhr am Startpunkt bereit und muss sp\u00e4testens um 16.00 Uhr am Endziel ankommen. Sie k\u00f6nnen den endg\u00fcltigen Zielort jederzeit telefonisch bis 12.00 Uhr am letzten Tag der Reise \u00e4ndern.   <\/p>\n<p>Vor der Tour k\u00f6nnen Sie die Nacht auf Guden\u00e5 Camping verbringen.<\/p>\n","protected":false},"excerpt":{"rendered":"<p>Startpunkt: Indelukket \/ Ly Outdoor Camp, Vejls\u00f8vej 7, 8600 Silkeborg Endadresse: Silkeborg Langs\u00f8 \u00d8st, Ege All\u00e9 306, 8600 Silkeborg Das Kanu\/Kajak steht um 9.00 Uhr am Startpunkt bereit und muss sp\u00e4testens um 16.00 Uhr am Endziel ankommen. Sie k\u00f6nnen den endg\u00fcltigen Zielort jederzeit telefonisch bis 12.00 Uhr am letzten Tag der Reise \u00e4ndern. Vor der&hellip; <a class=\"continue\" href=\"https:\/\/kano-udlejning.dk\/de\/booking\/geschlossenes-ly-outdoor-camp-fuer-silkeborg-langso-ost-6\/\">L\u00e6s mere<span> Indelukket \/ Ly Outdoor Camp an Silkeborg Langs\u00f8 \u00d8st<\/span><\/a><\/p>\n","protected":false},"featured_media":332060,"template":"","meta":{"_acf_changed":false,"site-sidebar-layout":"default","site-content-layout":"","ast-site-content-layout":"default","site-content-style":"default","site-sidebar-style":"default","ast-global-header-display":"","ast-banner-title-visibility":"","ast-main-header-display":"","ast-hfb-above-header-display":"","ast-hfb-below-header-display":"","ast-hfb-mobile-header-display":"","site-post-title":"","ast-breadcrumbs-content":"","ast-featured-img":"","footer-sml-layout":"","ast-disable-related-posts":"","theme-transparent-header-meta":"","adv-header-id-meta":"","stick-header-meta":"","header-above-stick-meta":"","header-main-stick-meta":"","header-below-stick-meta":"","astra-migrate-meta-layouts":"default","ast-page-background-enabled":"default","ast-page-background-meta":{"desktop":{"background-color":"","background-image":"","background-repeat":"repeat","background-position":"center center","background-size":"auto","background-attachment":"scroll","background-type":"","background-media":"","overlay-type":"","overlay-color":"","overlay-opacity":"","overlay-gradient":""},"tablet":{"background-color":"","background-image":"","background-repeat":"repeat","background-position":"center center","background-size":"auto","background-attachment":"scroll","background-type":"","background-media":"","overlay-type":"","overlay-color":"","overlay-opacity":"","overlay-gradient":""},"mobile":{"background-color":"","background-image":"","background-repeat":"repeat","background-position":"center center","background-size":"auto","background-attachment":"scroll","background-type":"","background-media":"","overlay-type":"","overlay-color":"","overlay-opacity":"","overlay-gradient":""}},"ast-content-background-meta":{"desktop":{"background-color":"var(--ast-global-color-5)","background-image":"","background-repeat":"repeat","background-position":"center center","background-size":"auto","background-attachment":"scroll","background-type":"","background-media":"","overlay-type":"","overlay-color":"","overlay-opacity":"","overlay-gradient":""},"tablet":{"background-color":"var(--ast-global-color-5)","background-image":"","background-repeat":"repeat","background-position":"center center","background-size":"auto","background-attachment":"scroll","background-type":"","background-media":"","overlay-type":"","overlay-color":"","overlay-opacity":"","overlay-gradient":""},"mobile":{"background-color":"var(--ast-global-color-5)","background-image":"","background-repeat":"repeat","background-position":"center center","background-size":"auto","background-attachment":"scroll","background-type":"","background-media":"","overlay-type":"","overlay-color":"","overlay-opacity":"","overlay-gradient":""}}},"product_brand":[],"product_cat":[662,571],"product_tag":[602,596],"class_list":{"0":"post-341562","1":"product","2":"type-product","3":"status-publish","4":"has-post-thumbnail","6":"product_cat-indelukket-gudenaens-camping-de","7":"product_cat-7-tage-reise","8":"product_tag-indelukket-gudenaens-camping-de","9":"product_tag-silkeborg-langsoe-oest-de","10":"desktop-align-left","11":"tablet-align-left","12":"mobile-align-left","13":"ast-product-gallery-layout-horizontal-slider","14":"ast-product-gallery-with-no-image","16":"first","17":"instock","18":"sold-individually","19":"taxable","20":"shipping-taxable","21":"purchasable","22":"product-type-booking"},"exclude_global_add_ons":false,"addons":[],"acf":[],"yoast_head":"<!-- This site is optimized with the Yoast SEO plugin v27.2 - https:\/\/yoast.com\/product\/yoast-seo-wordpress\/ -->\n<title>Indelukket \/ Ly Outdoor Camp an Silkeborg Langs\u00f8 \u00d8st - T\u00f8rring Kanoudlejning<\/title>\n<meta name=\"robots\" content=\"noindex, follow\" \/>\n<meta property=\"og:locale\" content=\"de_DE\" \/>\n<meta property=\"og:type\" content=\"article\" \/>\n<meta property=\"og:title\" content=\"Indelukket \/ Ly Outdoor Camp an Silkeborg Langs\u00f8 \u00d8st - T\u00f8rring Kanoudlejning\" \/>\n<meta property=\"og:description\" content=\"Startpunkt: Indelukket \/ Ly Outdoor Camp, Vejls\u00f8vej 7, 8600 Silkeborg Endadresse: Silkeborg Langs\u00f8 \u00d8st, Ege All\u00e9 306, 8600 Silkeborg Das Kanu\/Kajak steht um 9.00 Uhr am Startpunkt bereit und muss sp\u00e4testens um 16.00 Uhr am Endziel ankommen. Sie k\u00f6nnen den endg\u00fcltigen Zielort jederzeit telefonisch bis 12.00 Uhr am letzten Tag der Reise \u00e4ndern. Vor der&hellip; L\u00e6s mere Indelukket \/ Ly Outdoor Camp an Silkeborg Langs\u00f8 \u00d8st\" \/>\n<meta property=\"og:url\" content=\"https:\/\/kano-udlejning.dk\/de\/booking\/geschlossenes-ly-outdoor-camp-fuer-silkeborg-langso-ost-6\/\" \/>\n<meta property=\"og:site_name\" content=\"T\u00f8rring Kanoudlejning\" \/>\n<meta property=\"article:modified_time\" content=\"2025-11-05T13:18:19+00:00\" \/>\n<meta property=\"og:image\" content=\"https:\/\/kano-udlejning.dk\/wp-content\/uploads\/2025\/02\/kanoudlejning.jpg\" \/>\n\t<meta property=\"og:image:width\" content=\"653\" \/>\n\t<meta property=\"og:image:height\" content=\"653\" \/>\n\t<meta property=\"og:image:type\" content=\"image\/jpeg\" \/>\n<meta name=\"twitter:card\" content=\"summary_large_image\" \/>\n<script type=\"application\/ld+json\" class=\"yoast-schema-graph\">{\"@context\":\"https:\/\/schema.org\",\"@graph\":[{\"@type\":\"WebPage\",\"@id\":\"https:\/\/kano-udlejning.dk\/de\/booking\/geschlossenes-ly-outdoor-camp-fuer-silkeborg-langso-ost-6\/\",\"url\":\"https:\/\/kano-udlejning.dk\/de\/booking\/geschlossenes-ly-outdoor-camp-fuer-silkeborg-langso-ost-6\/\",\"name\":\"Indelukket \/ Ly Outdoor Camp an Silkeborg Langs\u00f8 \u00d8st - T\u00f8rring Kanoudlejning\",\"isPartOf\":{\"@id\":\"https:\/\/kano-udlejning.dk\/de\/#website\"},\"primaryImageOfPage\":{\"@id\":\"https:\/\/kano-udlejning.dk\/de\/booking\/geschlossenes-ly-outdoor-camp-fuer-silkeborg-langso-ost-6\/#primaryimage\"},\"image\":{\"@id\":\"https:\/\/kano-udlejning.dk\/de\/booking\/geschlossenes-ly-outdoor-camp-fuer-silkeborg-langso-ost-6\/#primaryimage\"},\"thumbnailUrl\":\"https:\/\/kano-udlejning.dk\/wp-content\/uploads\/2025\/02\/kanoudlejning.jpg\",\"datePublished\":\"2019-10-31T11:42:07+00:00\",\"dateModified\":\"2025-11-05T13:18:19+00:00\",\"breadcrumb\":{\"@id\":\"https:\/\/kano-udlejning.dk\/de\/booking\/geschlossenes-ly-outdoor-camp-fuer-silkeborg-langso-ost-6\/#breadcrumb\"},\"inLanguage\":\"de\",\"potentialAction\":[{\"@type\":\"ReadAction\",\"target\":[\"https:\/\/kano-udlejning.dk\/de\/booking\/geschlossenes-ly-outdoor-camp-fuer-silkeborg-langso-ost-6\/\"]}]},{\"@type\":\"ImageObject\",\"inLanguage\":\"de\",\"@id\":\"https:\/\/kano-udlejning.dk\/de\/booking\/geschlossenes-ly-outdoor-camp-fuer-silkeborg-langso-ost-6\/#primaryimage\",\"url\":\"https:\/\/kano-udlejning.dk\/wp-content\/uploads\/2025\/02\/kanoudlejning.jpg\",\"contentUrl\":\"https:\/\/kano-udlejning.dk\/wp-content\/uploads\/2025\/02\/kanoudlejning.jpg\",\"width\":653,\"height\":653},{\"@type\":\"BreadcrumbList\",\"@id\":\"https:\/\/kano-udlejning.dk\/de\/booking\/geschlossenes-ly-outdoor-camp-fuer-silkeborg-langso-ost-6\/#breadcrumb\",\"itemListElement\":[{\"@type\":\"ListItem\",\"position\":1,\"name\":\"Home\",\"item\":\"https:\/\/kano-udlejning.dk\/de\/\"},{\"@type\":\"ListItem\",\"position\":2,\"name\":\"Produkte\",\"item\":\"https:\/\/kano-udlejning.dk\/de\/shop\/\"},{\"@type\":\"ListItem\",\"position\":3,\"name\":\"Indelukket \/ Ly Outdoor Camp an Silkeborg Langs\u00f8 \u00d8st\"}]},{\"@type\":\"WebSite\",\"@id\":\"https:\/\/kano-udlejning.dk\/de\/#website\",\"url\":\"https:\/\/kano-udlejning.dk\/de\/\",\"name\":\"T\u00f8rring Kanoudlejning\",\"description\":\"St\u00f8rste Kano- &amp; Kajakudlejer p\u00e5 Guden\u00e5en\",\"publisher\":{\"@id\":\"https:\/\/kano-udlejning.dk\/de\/#organization\"},\"potentialAction\":[{\"@type\":\"SearchAction\",\"target\":{\"@type\":\"EntryPoint\",\"urlTemplate\":\"https:\/\/kano-udlejning.dk\/de\/?s={search_term_string}\"},\"query-input\":{\"@type\":\"PropertyValueSpecification\",\"valueRequired\":true,\"valueName\":\"search_term_string\"}}],\"inLanguage\":\"de\"},{\"@type\":\"Organization\",\"@id\":\"https:\/\/kano-udlejning.dk\/de\/#organization\",\"name\":\"T\u00f8rring Kanuverleih\",\"url\":\"https:\/\/kano-udlejning.dk\/de\/\",\"logo\":{\"@type\":\"ImageObject\",\"inLanguage\":\"de\",\"@id\":\"https:\/\/kano-udlejning.dk\/de\/#\/schema\/logo\/image\/\",\"url\":\"https:\/\/kano-udlejning.dk\/wp-content\/uploads\/2024\/09\/favicon.png\",\"contentUrl\":\"https:\/\/kano-udlejning.dk\/wp-content\/uploads\/2024\/09\/favicon.png\",\"width\":32,\"height\":32,\"caption\":\"T\u00f8rring Kanuverleih\"},\"image\":{\"@id\":\"https:\/\/kano-udlejning.dk\/de\/#\/schema\/logo\/image\/\"}}]}<\/script>\n<!-- \/ Yoast SEO plugin. -->","yoast_head_json":{"title":"Indelukket \/ Ly Outdoor Camp an Silkeborg Langs\u00f8 \u00d8st - T\u00f8rring Kanoudlejning","robots":{"index":"noindex","follow":"follow"},"og_locale":"de_DE","og_type":"article","og_title":"Indelukket \/ Ly Outdoor Camp an Silkeborg Langs\u00f8 \u00d8st - T\u00f8rring Kanoudlejning","og_description":"Startpunkt: Indelukket \/ Ly Outdoor Camp, Vejls\u00f8vej 7, 8600 Silkeborg Endadresse: Silkeborg Langs\u00f8 \u00d8st, Ege All\u00e9 306, 8600 Silkeborg Das Kanu\/Kajak steht um 9.00 Uhr am Startpunkt bereit und muss sp\u00e4testens um 16.00 Uhr am Endziel ankommen. Sie k\u00f6nnen den endg\u00fcltigen Zielort jederzeit telefonisch bis 12.00 Uhr am letzten Tag der Reise \u00e4ndern. Vor der&hellip; L\u00e6s mere Indelukket \/ Ly Outdoor Camp an Silkeborg Langs\u00f8 \u00d8st","og_url":"https:\/\/kano-udlejning.dk\/de\/booking\/geschlossenes-ly-outdoor-camp-fuer-silkeborg-langso-ost-6\/","og_site_name":"T\u00f8rring Kanoudlejning","article_modified_time":"2025-11-05T13:18:19+00:00","og_image":[{"width":653,"height":653,"url":"https:\/\/kano-udlejning.dk\/wp-content\/uploads\/2025\/02\/kanoudlejning.jpg","type":"image\/jpeg"}],"twitter_card":"summary_large_image","schema":{"@context":"https:\/\/schema.org","@graph":[{"@type":"WebPage","@id":"https:\/\/kano-udlejning.dk\/de\/booking\/geschlossenes-ly-outdoor-camp-fuer-silkeborg-langso-ost-6\/","url":"https:\/\/kano-udlejning.dk\/de\/booking\/geschlossenes-ly-outdoor-camp-fuer-silkeborg-langso-ost-6\/","name":"Indelukket \/ Ly Outdoor Camp an Silkeborg Langs\u00f8 \u00d8st - T\u00f8rring Kanoudlejning","isPartOf":{"@id":"https:\/\/kano-udlejning.dk\/de\/#website"},"primaryImageOfPage":{"@id":"https:\/\/kano-udlejning.dk\/de\/booking\/geschlossenes-ly-outdoor-camp-fuer-silkeborg-langso-ost-6\/#primaryimage"},"image":{"@id":"https:\/\/kano-udlejning.dk\/de\/booking\/geschlossenes-ly-outdoor-camp-fuer-silkeborg-langso-ost-6\/#primaryimage"},"thumbnailUrl":"https:\/\/kano-udlejning.dk\/wp-content\/uploads\/2025\/02\/kanoudlejning.jpg","datePublished":"2019-10-31T11:42:07+00:00","dateModified":"2025-11-05T13:18:19+00:00","breadcrumb":{"@id":"https:\/\/kano-udlejning.dk\/de\/booking\/geschlossenes-ly-outdoor-camp-fuer-silkeborg-langso-ost-6\/#breadcrumb"},"inLanguage":"de","potentialAction":[{"@type":"ReadAction","target":["https:\/\/kano-udlejning.dk\/de\/booking\/geschlossenes-ly-outdoor-camp-fuer-silkeborg-langso-ost-6\/"]}]},{"@type":"ImageObject","inLanguage":"de","@id":"https:\/\/kano-udlejning.dk\/de\/booking\/geschlossenes-ly-outdoor-camp-fuer-silkeborg-langso-ost-6\/#primaryimage","url":"https:\/\/kano-udlejning.dk\/wp-content\/uploads\/2025\/02\/kanoudlejning.jpg","contentUrl":"https:\/\/kano-udlejning.dk\/wp-content\/uploads\/2025\/02\/kanoudlejning.jpg","width":653,"height":653},{"@type":"BreadcrumbList","@id":"https:\/\/kano-udlejning.dk\/de\/booking\/geschlossenes-ly-outdoor-camp-fuer-silkeborg-langso-ost-6\/#breadcrumb","itemListElement":[{"@type":"ListItem","position":1,"name":"Home","item":"https:\/\/kano-udlejning.dk\/de\/"},{"@type":"ListItem","position":2,"name":"Produkte","item":"https:\/\/kano-udlejning.dk\/de\/shop\/"},{"@type":"ListItem","position":3,"name":"Indelukket \/ Ly Outdoor Camp an Silkeborg Langs\u00f8 \u00d8st"}]},{"@type":"WebSite","@id":"https:\/\/kano-udlejning.dk\/de\/#website","url":"https:\/\/kano-udlejning.dk\/de\/","name":"T\u00f8rring Kanoudlejning","description":"St\u00f8rste Kano- &amp; Kajakudlejer p\u00e5 Guden\u00e5en","publisher":{"@id":"https:\/\/kano-udlejning.dk\/de\/#organization"},"potentialAction":[{"@type":"SearchAction","target":{"@type":"EntryPoint","urlTemplate":"https:\/\/kano-udlejning.dk\/de\/?s={search_term_string}"},"query-input":{"@type":"PropertyValueSpecification","valueRequired":true,"valueName":"search_term_string"}}],"inLanguage":"de"},{"@type":"Organization","@id":"https:\/\/kano-udlejning.dk\/de\/#organization","name":"T\u00f8rring Kanuverleih","url":"https:\/\/kano-udlejning.dk\/de\/","logo":{"@type":"ImageObject","inLanguage":"de","@id":"https:\/\/kano-udlejning.dk\/de\/#\/schema\/logo\/image\/","url":"https:\/\/kano-udlejning.dk\/wp-content\/uploads\/2024\/09\/favicon.png","contentUrl":"https:\/\/kano-udlejning.dk\/wp-content\/uploads\/2024\/09\/favicon.png","width":32,"height":32,"caption":"T\u00f8rring Kanuverleih"},"image":{"@id":"https:\/\/kano-udlejning.dk\/de\/#\/schema\/logo\/image\/"}}]}},"_links":{"self":[{"href":"https:\/\/kano-udlejning.dk\/de\/wp-json\/wp\/v2\/product\/341562","targetHints":{"allow":["GET"]}}],"collection":[{"href":"https:\/\/kano-udlejning.dk\/de\/wp-json\/wp\/v2\/product"}],"about":[{"href":"https:\/\/kano-udlejning.dk\/de\/wp-json\/wp\/v2\/types\/product"}],"wp:featuredmedia":[{"embeddable":true,"href":"https:\/\/kano-udlejning.dk\/de\/wp-json\/wp\/v2\/media\/332060"}],"wp:attachment":[{"href":"https:\/\/kano-udlejning.dk\/de\/wp-json\/wp\/v2\/media?parent=341562"}],"wp:term":[{"taxonomy":"product_brand","embeddable":true,"href":"https:\/\/kano-udlejning.dk\/de\/wp-json\/wp\/v2\/product_brand?post=341562"},{"taxonomy":"product_cat","embeddable":true,"href":"https:\/\/kano-udlejning.dk\/de\/wp-json\/wp\/v2\/product_cat?post=341562"},{"taxonomy":"product_tag","embeddable":true,"href":"https:\/\/kano-udlejning.dk\/de\/wp-json\/wp\/v2\/product_tag?post=341562"}],"curies":[{"name":"wp","href":"https:\/\/api.w.org\/{rel}","templated":true}]}}