{"id":335113,"date":"2019-06-18T12:47:11","date_gmt":"2019-06-18T10:47:11","guid":{"rendered":"https:\/\/kano-udlejning.dk\/orte-zum-uebernachten\/"},"modified":"2025-03-27T12:30:01","modified_gmt":"2025-03-27T11:30:01","slug":"orte-zum-uebernachten","status":"publish","type":"page","link":"https:\/\/kano-udlejning.dk\/de\/planen-sie-ihre-kanufahrt\/orte-zum-uebernachten\/","title":{"rendered":"Orte zum \u00dcbernachten"},"content":{"rendered":"","protected":false},"excerpt":{"rendered":"","protected":false},"author":1,"featured_media":0,"parent":335152,"menu_order":0,"comment_status":"closed","ping_status":"closed","template":"","meta":{"_acf_changed":false,"site-sidebar-layout":"default","site-content-layout":"default","ast-site-content-layout":"default","site-content-style":"default","site-sidebar-style":"default","ast-global-header-display":"","ast-banner-title-visibility":"","ast-main-header-display":"","ast-hfb-above-header-display":"","ast-hfb-below-header-display":"","ast-hfb-mobile-header-display":"","site-post-title":"disabled","ast-breadcrumbs-content":"","ast-featured-img":"","footer-sml-layout":"","ast-disable-related-posts":"","theme-transparent-header-meta":"default","adv-header-id-meta":"","stick-header-meta":"","header-above-stick-meta":"","header-main-stick-meta":"","header-below-stick-meta":"","astra-migrate-meta-layouts":"default","ast-page-background-enabled":"default","ast-page-background-meta":{"desktop":{"background-color":"","background-image":"","background-repeat":"repeat","background-position":"center center","background-size":"auto","background-attachment":"scroll","background-type":"","background-media":"","overlay-type":"","overlay-color":"","overlay-opacity":"","overlay-gradient":""},"tablet":{"background-color":"","background-image":"","background-repeat":"repeat","background-position":"center center","background-size":"auto","background-attachment":"scroll","background-type":"","background-media":"","overlay-type":"","overlay-color":"","overlay-opacity":"","overlay-gradient":""},"mobile":{"background-color":"","background-image":"","background-repeat":"repeat","background-position":"center center","background-size":"auto","background-attachment":"scroll","background-type":"","background-media":"","overlay-type":"","overlay-color":"","overlay-opacity":"","overlay-gradient":""}},"ast-content-background-meta":{"desktop":{"background-color":"var(--ast-global-color-5)","background-image":"","background-repeat":"repeat","background-position":"center center","background-size":"auto","background-attachment":"scroll","background-type":"","background-media":"","overlay-type":"","overlay-color":"","overlay-opacity":"","overlay-gradient":""},"tablet":{"background-color":"var(--ast-global-color-5)","background-image":"","background-repeat":"repeat","background-position":"center center","background-size":"auto","background-attachment":"scroll","background-type":"","background-media":"","overlay-type":"","overlay-color":"","overlay-opacity":"","overlay-gradient":""},"mobile":{"background-color":"var(--ast-global-color-5)","background-image":"","background-repeat":"repeat","background-position":"center center","background-size":"auto","background-attachment":"scroll","background-type":"","background-media":"","overlay-type":"","overlay-color":"","overlay-opacity":"","overlay-gradient":""}},"footnotes":""},"class_list":["post-335113","page","type-page","status-publish","hentry"],"acf":[],"yoast_head":"<!-- This site is optimized with the Yoast SEO plugin v27.2 - https:\/\/yoast.com\/product\/yoast-seo-wordpress\/ -->\n<title>Unterk\u00fcnfte entlang Guden\u00e5en - Sehen Sie hier Camping- und Zeltpl\u00e4tze<\/title>\n<meta name=\"description\" content=\"Finden Sie eine Unterkunft f\u00fcr Ihre n\u00e4chste Kanutour. Von Campingpl\u00e4tzen bis hin zu Hotels.\" \/>\n<meta name=\"robots\" content=\"index, follow, max-snippet:-1, max-image-preview:large, max-video-preview:-1\" \/>\n<link rel=\"canonical\" href=\"https:\/\/kano-udlejning.dk\/de\/planen-sie-ihre-kanufahrt\/orte-zum-uebernachten\/\" \/>\n<meta property=\"og:locale\" content=\"de_DE\" \/>\n<meta property=\"og:type\" content=\"article\" \/>\n<meta property=\"og:title\" content=\"Unterk\u00fcnfte entlang Guden\u00e5en - Sehen Sie hier Camping- und Zeltpl\u00e4tze\" \/>\n<meta property=\"og:description\" content=\"Finden Sie eine Unterkunft f\u00fcr Ihre n\u00e4chste Kanutour. Von Campingpl\u00e4tzen bis hin zu Hotels.\" \/>\n<meta property=\"og:url\" content=\"https:\/\/kano-udlejning.dk\/de\/planen-sie-ihre-kanufahrt\/orte-zum-uebernachten\/\" \/>\n<meta property=\"og:site_name\" content=\"T\u00f8rring Kanoudlejning\" \/>\n<meta property=\"article:modified_time\" content=\"2025-03-27T11:30:01+00:00\" \/>\n<meta property=\"og:image\" content=\"https:\/\/kano-udlejning.dk\/wp-content\/uploads\/2025\/01\/logo-mails.png\" \/>\n\t<meta property=\"og:image:width\" content=\"280\" \/>\n\t<meta property=\"og:image:height\" content=\"104\" \/>\n\t<meta property=\"og:image:type\" content=\"image\/png\" \/>\n<meta name=\"twitter:card\" content=\"summary_large_image\" \/>\n<script type=\"application\/ld+json\" class=\"yoast-schema-graph\">{\"@context\":\"https:\/\/schema.org\",\"@graph\":[{\"@type\":\"WebPage\",\"@id\":\"https:\/\/kano-udlejning.dk\/de\/planen-sie-ihre-kanufahrt\/orte-zum-uebernachten\/\",\"url\":\"https:\/\/kano-udlejning.dk\/de\/planen-sie-ihre-kanufahrt\/orte-zum-uebernachten\/\",\"name\":\"Unterk\u00fcnfte entlang Guden\u00e5en - Sehen Sie hier Camping- und Zeltpl\u00e4tze\",\"isPartOf\":{\"@id\":\"https:\/\/kano-udlejning.dk\/de\/#website\"},\"datePublished\":\"2019-06-18T10:47:11+00:00\",\"dateModified\":\"2025-03-27T11:30:01+00:00\",\"description\":\"Finden Sie eine Unterkunft f\u00fcr Ihre n\u00e4chste Kanutour. Von Campingpl\u00e4tzen bis hin zu Hotels.\",\"breadcrumb\":{\"@id\":\"https:\/\/kano-udlejning.dk\/de\/planen-sie-ihre-kanufahrt\/orte-zum-uebernachten\/#breadcrumb\"},\"inLanguage\":\"de\",\"potentialAction\":[{\"@type\":\"ReadAction\",\"target\":[\"https:\/\/kano-udlejning.dk\/de\/planen-sie-ihre-kanufahrt\/orte-zum-uebernachten\/\"]}]},{\"@type\":\"BreadcrumbList\",\"@id\":\"https:\/\/kano-udlejning.dk\/de\/planen-sie-ihre-kanufahrt\/orte-zum-uebernachten\/#breadcrumb\",\"itemListElement\":[{\"@type\":\"ListItem\",\"position\":1,\"name\":\"Home\",\"item\":\"https:\/\/kano-udlejning.dk\/de\/\"},{\"@type\":\"ListItem\",\"position\":2,\"name\":\"Planen Sie Ihre Kanufahrt\",\"item\":\"https:\/\/kano-udlejning.dk\/de\/planen-sie-ihre-kanufahrt\/\"},{\"@type\":\"ListItem\",\"position\":3,\"name\":\"Orte zum \u00dcbernachten\"}]},{\"@type\":\"WebSite\",\"@id\":\"https:\/\/kano-udlejning.dk\/de\/#website\",\"url\":\"https:\/\/kano-udlejning.dk\/de\/\",\"name\":\"T\u00f8rring Kanoudlejning\",\"description\":\"St\u00f8rste Kano- &amp; Kajakudlejer p\u00e5 Guden\u00e5en\",\"publisher\":{\"@id\":\"https:\/\/kano-udlejning.dk\/de\/#organization\"},\"potentialAction\":[{\"@type\":\"SearchAction\",\"target\":{\"@type\":\"EntryPoint\",\"urlTemplate\":\"https:\/\/kano-udlejning.dk\/de\/?s={search_term_string}\"},\"query-input\":{\"@type\":\"PropertyValueSpecification\",\"valueRequired\":true,\"valueName\":\"search_term_string\"}}],\"inLanguage\":\"de\"},{\"@type\":\"Organization\",\"@id\":\"https:\/\/kano-udlejning.dk\/de\/#organization\",\"name\":\"T\u00f8rring Kanuverleih\",\"url\":\"https:\/\/kano-udlejning.dk\/de\/\",\"logo\":{\"@type\":\"ImageObject\",\"inLanguage\":\"de\",\"@id\":\"https:\/\/kano-udlejning.dk\/de\/#\/schema\/logo\/image\/\",\"url\":\"https:\/\/kano-udlejning.dk\/wp-content\/uploads\/2024\/09\/favicon.png\",\"contentUrl\":\"https:\/\/kano-udlejning.dk\/wp-content\/uploads\/2024\/09\/favicon.png\",\"width\":32,\"height\":32,\"caption\":\"T\u00f8rring Kanuverleih\"},\"image\":{\"@id\":\"https:\/\/kano-udlejning.dk\/de\/#\/schema\/logo\/image\/\"}}]}<\/script>\n<!-- \/ Yoast SEO plugin. -->","yoast_head_json":{"title":"Unterk\u00fcnfte entlang Guden\u00e5en - Sehen Sie hier Camping- und Zeltpl\u00e4tze","description":"Finden Sie eine Unterkunft f\u00fcr Ihre n\u00e4chste Kanutour. Von Campingpl\u00e4tzen bis hin zu Hotels.","robots":{"index":"index","follow":"follow","max-snippet":"max-snippet:-1","max-image-preview":"max-image-preview:large","max-video-preview":"max-video-preview:-1"},"canonical":"https:\/\/kano-udlejning.dk\/de\/planen-sie-ihre-kanufahrt\/orte-zum-uebernachten\/","og_locale":"de_DE","og_type":"article","og_title":"Unterk\u00fcnfte entlang Guden\u00e5en - Sehen Sie hier Camping- und Zeltpl\u00e4tze","og_description":"Finden Sie eine Unterkunft f\u00fcr Ihre n\u00e4chste Kanutour. Von Campingpl\u00e4tzen bis hin zu Hotels.","og_url":"https:\/\/kano-udlejning.dk\/de\/planen-sie-ihre-kanufahrt\/orte-zum-uebernachten\/","og_site_name":"T\u00f8rring Kanoudlejning","article_modified_time":"2025-03-27T11:30:01+00:00","og_image":[{"width":280,"height":104,"url":"https:\/\/kano-udlejning.dk\/wp-content\/uploads\/2025\/01\/logo-mails.png","type":"image\/png"}],"twitter_card":"summary_large_image","schema":{"@context":"https:\/\/schema.org","@graph":[{"@type":"WebPage","@id":"https:\/\/kano-udlejning.dk\/de\/planen-sie-ihre-kanufahrt\/orte-zum-uebernachten\/","url":"https:\/\/kano-udlejning.dk\/de\/planen-sie-ihre-kanufahrt\/orte-zum-uebernachten\/","name":"Unterk\u00fcnfte entlang Guden\u00e5en - Sehen Sie hier Camping- und Zeltpl\u00e4tze","isPartOf":{"@id":"https:\/\/kano-udlejning.dk\/de\/#website"},"datePublished":"2019-06-18T10:47:11+00:00","dateModified":"2025-03-27T11:30:01+00:00","description":"Finden Sie eine Unterkunft f\u00fcr Ihre n\u00e4chste Kanutour. Von Campingpl\u00e4tzen bis hin zu Hotels.","breadcrumb":{"@id":"https:\/\/kano-udlejning.dk\/de\/planen-sie-ihre-kanufahrt\/orte-zum-uebernachten\/#breadcrumb"},"inLanguage":"de","potentialAction":[{"@type":"ReadAction","target":["https:\/\/kano-udlejning.dk\/de\/planen-sie-ihre-kanufahrt\/orte-zum-uebernachten\/"]}]},{"@type":"BreadcrumbList","@id":"https:\/\/kano-udlejning.dk\/de\/planen-sie-ihre-kanufahrt\/orte-zum-uebernachten\/#breadcrumb","itemListElement":[{"@type":"ListItem","position":1,"name":"Home","item":"https:\/\/kano-udlejning.dk\/de\/"},{"@type":"ListItem","position":2,"name":"Planen Sie Ihre Kanufahrt","item":"https:\/\/kano-udlejning.dk\/de\/planen-sie-ihre-kanufahrt\/"},{"@type":"ListItem","position":3,"name":"Orte zum \u00dcbernachten"}]},{"@type":"WebSite","@id":"https:\/\/kano-udlejning.dk\/de\/#website","url":"https:\/\/kano-udlejning.dk\/de\/","name":"T\u00f8rring Kanoudlejning","description":"St\u00f8rste Kano- &amp; Kajakudlejer p\u00e5 Guden\u00e5en","publisher":{"@id":"https:\/\/kano-udlejning.dk\/de\/#organization"},"potentialAction":[{"@type":"SearchAction","target":{"@type":"EntryPoint","urlTemplate":"https:\/\/kano-udlejning.dk\/de\/?s={search_term_string}"},"query-input":{"@type":"PropertyValueSpecification","valueRequired":true,"valueName":"search_term_string"}}],"inLanguage":"de"},{"@type":"Organization","@id":"https:\/\/kano-udlejning.dk\/de\/#organization","name":"T\u00f8rring Kanuverleih","url":"https:\/\/kano-udlejning.dk\/de\/","logo":{"@type":"ImageObject","inLanguage":"de","@id":"https:\/\/kano-udlejning.dk\/de\/#\/schema\/logo\/image\/","url":"https:\/\/kano-udlejning.dk\/wp-content\/uploads\/2024\/09\/favicon.png","contentUrl":"https:\/\/kano-udlejning.dk\/wp-content\/uploads\/2024\/09\/favicon.png","width":32,"height":32,"caption":"T\u00f8rring Kanuverleih"},"image":{"@id":"https:\/\/kano-udlejning.dk\/de\/#\/schema\/logo\/image\/"}}]}},"_links":{"self":[{"href":"https:\/\/kano-udlejning.dk\/de\/wp-json\/wp\/v2\/pages\/335113","targetHints":{"allow":["GET"]}}],"collection":[{"href":"https:\/\/kano-udlejning.dk\/de\/wp-json\/wp\/v2\/pages"}],"about":[{"href":"https:\/\/kano-udlejning.dk\/de\/wp-json\/wp\/v2\/types\/page"}],"author":[{"embeddable":true,"href":"https:\/\/kano-udlejning.dk\/de\/wp-json\/wp\/v2\/users\/1"}],"replies":[{"embeddable":true,"href":"https:\/\/kano-udlejning.dk\/de\/wp-json\/wp\/v2\/comments?post=335113"}],"version-history":[{"count":1,"href":"https:\/\/kano-udlejning.dk\/de\/wp-json\/wp\/v2\/pages\/335113\/revisions"}],"predecessor-version":[{"id":335155,"href":"https:\/\/kano-udlejning.dk\/de\/wp-json\/wp\/v2\/pages\/335113\/revisions\/335155"}],"up":[{"embeddable":true,"href":"https:\/\/kano-udlejning.dk\/de\/wp-json\/wp\/v2\/pages\/335152"}],"wp:attachment":[{"href":"https:\/\/kano-udlejning.dk\/de\/wp-json\/wp\/v2\/media?parent=335113"}],"curies":[{"name":"wp","href":"https:\/\/api.w.org\/{rel}","templated":true}]}}