{"id":335030,"date":"2024-12-06T13:52:15","date_gmt":"2024-12-06T12:52:15","guid":{"rendered":"https:\/\/kano-udlejning.dk\/gudena-camping-braedstrup\/"},"modified":"2025-03-06T11:33:53","modified_gmt":"2025-03-06T10:33:53","slug":"gudena-camping-braedstrup","status":"publish","type":"page","link":"https:\/\/kano-udlejning.dk\/de\/planen-sie-ihre-kanufahrt\/orte-zum-uebernachten\/gudena-camping-braedstrup\/","title":{"rendered":"Guden\u00e5 Camping Br\u00e6dstrup"},"content":{"rendered":"<p>Guden\u00e5camping Br\u00e6dstrup, Bolundvej 4 Nim, 8740 Br\u00e6dstrup<br \/>\nTel. +45 75 76 30 70<br \/>\nwww.gudenaacamping.dk<br \/>\nPreis: Erwachsene DKK 96 - Kinder DKK 56 - Zelte DKK 55 + DKK 6 Umweltsteuer.    <\/p>\n<p><strong><em>Auf dem Campingplatz gibt es: <\/em><\/strong><em>Toilette - Dusche - Trinkwasser - K\u00fcche - Feuerstelle mit Grill - Tisch\/Bankgarnitur - \u00fcberdachter Speisesaal - Strom - Laden - Cafeteria - Spielplatz - Pool<\/em><\/p>\n<p><em>Guden\u00e5camping Br\u00e6dstrup liegt 21 km von T\u00f8rring entfernt. Wenn Sie hier auf dem Campingplatz enden und nicht \u00fcbernachten m\u00f6chten, kostet dies DKK 50,00 extra pro Kanu. <\/em><\/p>\n<p><em>Brauchen Sie Hilfe bei der Planung Ihrer Reise?  <a title=\"https:\/\/kano-udlejning.dk\/p\/planlaeg-turen\" href=\"https:\/\/kano-udlejning.dk\/de\/pauschalangebote\/planen-sie-die-reise-selbst\/\">Sehen Sie hier mehr<\/a><\/em><\/p>\n<p><strong>Finden Sie den Weg zu Guden\u00e5 Camping Br\u00e6dstrup<\/strong><\/p>\n<p><iframe loading=\"lazy\" style=\"border: 0;\" src=\"https:\/\/www.google.com\/maps\/embed?pb=!1m18!1m12!1m3!1d3340.564428511885!2d9.6492255133064!3d55.935458473040235!2m3!1f0!2f0!3f0!3m2!1i1024!2i768!4f13.1!3m3!1m2!1s0x464c793e69dd3ecd%3A0xaf6f1a57bbb1bed9!2sGuden%C3%A5%20Camping%20og%20Kanoudlejning%20Br%C3%A6dstrup!5e1!3m2!1sda!2sdk!4v1733489521723!5m2!1sda!2sdk\" width=\"600\" height=\"450\" allowfullscreen=\"allowfullscreen\"><\/iframe><\/p>\n","protected":false},"excerpt":{"rendered":"<p>Guden\u00e5camping Br\u00e6dstrup, Bolundvej 4 Nim, 8740 Br\u00e6dstrup Tel. +45 75 76 30 70 www.gudenaacamping.dk Preis: Erwachsene DKK 96 - Kinder DKK 56 - Zelte DKK 55 + DKK 6 Umweltsteuer. Auf dem Campingplatz gibt es: Toilette - Dusche - Trinkwasser - K\u00fcche - Feuerstelle mit Grill - Tisch\/Bankgarnitur - \u00fcberdachter Speisesaal - Strom - Laden&hellip; <a class=\"continue\" href=\"https:\/\/kano-udlejning.dk\/de\/planen-sie-ihre-kanufahrt\/orte-zum-uebernachten\/gudena-camping-braedstrup\/\">L\u00e6s mere<span> Guden\u00e5 Camping Br\u00e6dstrup<\/span><\/a><\/p>\n","protected":false},"author":1,"featured_media":0,"parent":335113,"menu_order":0,"comment_status":"closed","ping_status":"closed","template":"","meta":{"_acf_changed":false,"site-sidebar-layout":"default","site-content-layout":"","ast-site-content-layout":"default","site-content-style":"default","site-sidebar-style":"default","ast-global-header-display":"","ast-banner-title-visibility":"","ast-main-header-display":"","ast-hfb-above-header-display":"","ast-hfb-below-header-display":"","ast-hfb-mobile-header-display":"","site-post-title":"","ast-breadcrumbs-content":"","ast-featured-img":"","footer-sml-layout":"","ast-disable-related-posts":"","theme-transparent-header-meta":"default","adv-header-id-meta":"","stick-header-meta":"","header-above-stick-meta":"","header-main-stick-meta":"","header-below-stick-meta":"","astra-migrate-meta-layouts":"default","ast-page-background-enabled":"default","ast-page-background-meta":{"desktop":{"background-color":"","background-image":"","background-repeat":"repeat","background-position":"center center","background-size":"auto","background-attachment":"scroll","background-type":"","background-media":"","overlay-type":"","overlay-color":"","overlay-opacity":"","overlay-gradient":""},"tablet":{"background-color":"","background-image":"","background-repeat":"repeat","background-position":"center center","background-size":"auto","background-attachment":"scroll","background-type":"","background-media":"","overlay-type":"","overlay-color":"","overlay-opacity":"","overlay-gradient":""},"mobile":{"background-color":"","background-image":"","background-repeat":"repeat","background-position":"center center","background-size":"auto","background-attachment":"scroll","background-type":"","background-media":"","overlay-type":"","overlay-color":"","overlay-opacity":"","overlay-gradient":""}},"ast-content-background-meta":{"desktop":{"background-color":"var(--ast-global-color-5)","background-image":"","background-repeat":"repeat","background-position":"center center","background-size":"auto","background-attachment":"scroll","background-type":"","background-media":"","overlay-type":"","overlay-color":"","overlay-opacity":"","overlay-gradient":""},"tablet":{"background-color":"var(--ast-global-color-5)","background-image":"","background-repeat":"repeat","background-position":"center center","background-size":"auto","background-attachment":"scroll","background-type":"","background-media":"","overlay-type":"","overlay-color":"","overlay-opacity":"","overlay-gradient":""},"mobile":{"background-color":"var(--ast-global-color-5)","background-image":"","background-repeat":"repeat","background-position":"center center","background-size":"auto","background-attachment":"scroll","background-type":"","background-media":"","overlay-type":"","overlay-color":"","overlay-opacity":"","overlay-gradient":""}},"footnotes":""},"class_list":["post-335030","page","type-page","status-publish","hentry"],"acf":[],"yoast_head":"<!-- This site is optimized with the Yoast SEO plugin v27.2 - https:\/\/yoast.com\/product\/yoast-seo-wordpress\/ -->\n<title>Guden\u00e5 Camping, Br\u00e6dstrup<\/title>\n<meta name=\"robots\" content=\"index, follow, max-snippet:-1, max-image-preview:large, max-video-preview:-1\" \/>\n<link rel=\"canonical\" href=\"https:\/\/kano-udlejning.dk\/de\/planen-sie-ihre-kanufahrt\/orte-zum-uebernachten\/gudena-camping-braedstrup\/\" \/>\n<meta property=\"og:locale\" content=\"de_DE\" \/>\n<meta property=\"og:type\" content=\"article\" \/>\n<meta property=\"og:title\" content=\"Guden\u00e5 Camping, Br\u00e6dstrup\" \/>\n<meta property=\"og:description\" content=\"Guden\u00e5camping Br\u00e6dstrup, Bolundvej 4 Nim, 8740 Br\u00e6dstrup Tel. +45 75 76 30 70 www.gudenaacamping.dk Preis: Erwachsene DKK 96 - Kinder DKK 56 - Zelte DKK 55 + DKK 6 Umweltsteuer. Auf dem Campingplatz gibt es: Toilette - Dusche - Trinkwasser - K\u00fcche - Feuerstelle mit Grill - Tisch\/Bankgarnitur - \u00fcberdachter Speisesaal - Strom - Laden&hellip; L\u00e6s mere Guden\u00e5 Camping Br\u00e6dstrup\" \/>\n<meta property=\"og:url\" content=\"https:\/\/kano-udlejning.dk\/de\/planen-sie-ihre-kanufahrt\/orte-zum-uebernachten\/gudena-camping-braedstrup\/\" \/>\n<meta property=\"og:site_name\" content=\"T\u00f8rring Kanoudlejning\" \/>\n<meta property=\"article:modified_time\" content=\"2025-03-06T10:33:53+00:00\" \/>\n<meta property=\"og:image\" content=\"https:\/\/kano-udlejning.dk\/wp-content\/uploads\/2025\/01\/logo-mails.png\" \/>\n\t<meta property=\"og:image:width\" content=\"280\" \/>\n\t<meta property=\"og:image:height\" content=\"104\" \/>\n\t<meta property=\"og:image:type\" content=\"image\/png\" \/>\n<meta name=\"twitter:card\" content=\"summary_large_image\" \/>\n<meta name=\"twitter:label1\" content=\"Gesch\u00e4tzte Lesezeit\" \/>\n\t<meta name=\"twitter:data1\" content=\"1\u00a0Minute\" \/>\n<script type=\"application\/ld+json\" class=\"yoast-schema-graph\">{\"@context\":\"https:\/\/schema.org\",\"@graph\":[{\"@type\":\"WebPage\",\"@id\":\"https:\/\/kano-udlejning.dk\/de\/planen-sie-ihre-kanufahrt\/orte-zum-uebernachten\/gudena-camping-braedstrup\/\",\"url\":\"https:\/\/kano-udlejning.dk\/de\/planen-sie-ihre-kanufahrt\/orte-zum-uebernachten\/gudena-camping-braedstrup\/\",\"name\":\"Guden\u00e5 Camping, Br\u00e6dstrup\",\"isPartOf\":{\"@id\":\"https:\/\/kano-udlejning.dk\/de\/#website\"},\"datePublished\":\"2024-12-06T12:52:15+00:00\",\"dateModified\":\"2025-03-06T10:33:53+00:00\",\"breadcrumb\":{\"@id\":\"https:\/\/kano-udlejning.dk\/de\/planen-sie-ihre-kanufahrt\/orte-zum-uebernachten\/gudena-camping-braedstrup\/#breadcrumb\"},\"inLanguage\":\"de\",\"potentialAction\":[{\"@type\":\"ReadAction\",\"target\":[\"https:\/\/kano-udlejning.dk\/de\/planen-sie-ihre-kanufahrt\/orte-zum-uebernachten\/gudena-camping-braedstrup\/\"]}]},{\"@type\":\"BreadcrumbList\",\"@id\":\"https:\/\/kano-udlejning.dk\/de\/planen-sie-ihre-kanufahrt\/orte-zum-uebernachten\/gudena-camping-braedstrup\/#breadcrumb\",\"itemListElement\":[{\"@type\":\"ListItem\",\"position\":1,\"name\":\"Home\",\"item\":\"https:\/\/kano-udlejning.dk\/de\/\"},{\"@type\":\"ListItem\",\"position\":2,\"name\":\"Planen Sie Ihre Kanufahrt\",\"item\":\"https:\/\/kano-udlejning.dk\/de\/planen-sie-ihre-kanufahrt\/\"},{\"@type\":\"ListItem\",\"position\":3,\"name\":\"Orte zum \u00dcbernachten\",\"item\":\"https:\/\/kano-udlejning.dk\/de\/planen-sie-ihre-kanufahrt\/orte-zum-uebernachten\/\"},{\"@type\":\"ListItem\",\"position\":4,\"name\":\"Guden\u00e5 Camping Br\u00e6dstrup\"}]},{\"@type\":\"WebSite\",\"@id\":\"https:\/\/kano-udlejning.dk\/de\/#website\",\"url\":\"https:\/\/kano-udlejning.dk\/de\/\",\"name\":\"T\u00f8rring Kanoudlejning\",\"description\":\"St\u00f8rste Kano- &amp; Kajakudlejer p\u00e5 Guden\u00e5en\",\"publisher\":{\"@id\":\"https:\/\/kano-udlejning.dk\/de\/#organization\"},\"potentialAction\":[{\"@type\":\"SearchAction\",\"target\":{\"@type\":\"EntryPoint\",\"urlTemplate\":\"https:\/\/kano-udlejning.dk\/de\/?s={search_term_string}\"},\"query-input\":{\"@type\":\"PropertyValueSpecification\",\"valueRequired\":true,\"valueName\":\"search_term_string\"}}],\"inLanguage\":\"de\"},{\"@type\":\"Organization\",\"@id\":\"https:\/\/kano-udlejning.dk\/de\/#organization\",\"name\":\"T\u00f8rring Kanuverleih\",\"url\":\"https:\/\/kano-udlejning.dk\/de\/\",\"logo\":{\"@type\":\"ImageObject\",\"inLanguage\":\"de\",\"@id\":\"https:\/\/kano-udlejning.dk\/de\/#\/schema\/logo\/image\/\",\"url\":\"https:\/\/kano-udlejning.dk\/wp-content\/uploads\/2024\/09\/favicon.png\",\"contentUrl\":\"https:\/\/kano-udlejning.dk\/wp-content\/uploads\/2024\/09\/favicon.png\",\"width\":32,\"height\":32,\"caption\":\"T\u00f8rring Kanuverleih\"},\"image\":{\"@id\":\"https:\/\/kano-udlejning.dk\/de\/#\/schema\/logo\/image\/\"}}]}<\/script>\n<!-- \/ Yoast SEO plugin. -->","yoast_head_json":{"title":"Guden\u00e5 Camping, Br\u00e6dstrup","robots":{"index":"index","follow":"follow","max-snippet":"max-snippet:-1","max-image-preview":"max-image-preview:large","max-video-preview":"max-video-preview:-1"},"canonical":"https:\/\/kano-udlejning.dk\/de\/planen-sie-ihre-kanufahrt\/orte-zum-uebernachten\/gudena-camping-braedstrup\/","og_locale":"de_DE","og_type":"article","og_title":"Guden\u00e5 Camping, Br\u00e6dstrup","og_description":"Guden\u00e5camping Br\u00e6dstrup, Bolundvej 4 Nim, 8740 Br\u00e6dstrup Tel. +45 75 76 30 70 www.gudenaacamping.dk Preis: Erwachsene DKK 96 - Kinder DKK 56 - Zelte DKK 55 + DKK 6 Umweltsteuer. Auf dem Campingplatz gibt es: Toilette - Dusche - Trinkwasser - K\u00fcche - Feuerstelle mit Grill - Tisch\/Bankgarnitur - \u00fcberdachter Speisesaal - Strom - Laden&hellip; L\u00e6s mere Guden\u00e5 Camping Br\u00e6dstrup","og_url":"https:\/\/kano-udlejning.dk\/de\/planen-sie-ihre-kanufahrt\/orte-zum-uebernachten\/gudena-camping-braedstrup\/","og_site_name":"T\u00f8rring Kanoudlejning","article_modified_time":"2025-03-06T10:33:53+00:00","og_image":[{"width":280,"height":104,"url":"https:\/\/kano-udlejning.dk\/wp-content\/uploads\/2025\/01\/logo-mails.png","type":"image\/png"}],"twitter_card":"summary_large_image","twitter_misc":{"Gesch\u00e4tzte Lesezeit":"1\u00a0Minute"},"schema":{"@context":"https:\/\/schema.org","@graph":[{"@type":"WebPage","@id":"https:\/\/kano-udlejning.dk\/de\/planen-sie-ihre-kanufahrt\/orte-zum-uebernachten\/gudena-camping-braedstrup\/","url":"https:\/\/kano-udlejning.dk\/de\/planen-sie-ihre-kanufahrt\/orte-zum-uebernachten\/gudena-camping-braedstrup\/","name":"Guden\u00e5 Camping, Br\u00e6dstrup","isPartOf":{"@id":"https:\/\/kano-udlejning.dk\/de\/#website"},"datePublished":"2024-12-06T12:52:15+00:00","dateModified":"2025-03-06T10:33:53+00:00","breadcrumb":{"@id":"https:\/\/kano-udlejning.dk\/de\/planen-sie-ihre-kanufahrt\/orte-zum-uebernachten\/gudena-camping-braedstrup\/#breadcrumb"},"inLanguage":"de","potentialAction":[{"@type":"ReadAction","target":["https:\/\/kano-udlejning.dk\/de\/planen-sie-ihre-kanufahrt\/orte-zum-uebernachten\/gudena-camping-braedstrup\/"]}]},{"@type":"BreadcrumbList","@id":"https:\/\/kano-udlejning.dk\/de\/planen-sie-ihre-kanufahrt\/orte-zum-uebernachten\/gudena-camping-braedstrup\/#breadcrumb","itemListElement":[{"@type":"ListItem","position":1,"name":"Home","item":"https:\/\/kano-udlejning.dk\/de\/"},{"@type":"ListItem","position":2,"name":"Planen Sie Ihre Kanufahrt","item":"https:\/\/kano-udlejning.dk\/de\/planen-sie-ihre-kanufahrt\/"},{"@type":"ListItem","position":3,"name":"Orte zum \u00dcbernachten","item":"https:\/\/kano-udlejning.dk\/de\/planen-sie-ihre-kanufahrt\/orte-zum-uebernachten\/"},{"@type":"ListItem","position":4,"name":"Guden\u00e5 Camping Br\u00e6dstrup"}]},{"@type":"WebSite","@id":"https:\/\/kano-udlejning.dk\/de\/#website","url":"https:\/\/kano-udlejning.dk\/de\/","name":"T\u00f8rring Kanoudlejning","description":"St\u00f8rste Kano- &amp; Kajakudlejer p\u00e5 Guden\u00e5en","publisher":{"@id":"https:\/\/kano-udlejning.dk\/de\/#organization"},"potentialAction":[{"@type":"SearchAction","target":{"@type":"EntryPoint","urlTemplate":"https:\/\/kano-udlejning.dk\/de\/?s={search_term_string}"},"query-input":{"@type":"PropertyValueSpecification","valueRequired":true,"valueName":"search_term_string"}}],"inLanguage":"de"},{"@type":"Organization","@id":"https:\/\/kano-udlejning.dk\/de\/#organization","name":"T\u00f8rring Kanuverleih","url":"https:\/\/kano-udlejning.dk\/de\/","logo":{"@type":"ImageObject","inLanguage":"de","@id":"https:\/\/kano-udlejning.dk\/de\/#\/schema\/logo\/image\/","url":"https:\/\/kano-udlejning.dk\/wp-content\/uploads\/2024\/09\/favicon.png","contentUrl":"https:\/\/kano-udlejning.dk\/wp-content\/uploads\/2024\/09\/favicon.png","width":32,"height":32,"caption":"T\u00f8rring Kanuverleih"},"image":{"@id":"https:\/\/kano-udlejning.dk\/de\/#\/schema\/logo\/image\/"}}]}},"_links":{"self":[{"href":"https:\/\/kano-udlejning.dk\/de\/wp-json\/wp\/v2\/pages\/335030","targetHints":{"allow":["GET"]}}],"collection":[{"href":"https:\/\/kano-udlejning.dk\/de\/wp-json\/wp\/v2\/pages"}],"about":[{"href":"https:\/\/kano-udlejning.dk\/de\/wp-json\/wp\/v2\/types\/page"}],"author":[{"embeddable":true,"href":"https:\/\/kano-udlejning.dk\/de\/wp-json\/wp\/v2\/users\/1"}],"replies":[{"embeddable":true,"href":"https:\/\/kano-udlejning.dk\/de\/wp-json\/wp\/v2\/comments?post=335030"}],"version-history":[{"count":1,"href":"https:\/\/kano-udlejning.dk\/de\/wp-json\/wp\/v2\/pages\/335030\/revisions"}],"predecessor-version":[{"id":335117,"href":"https:\/\/kano-udlejning.dk\/de\/wp-json\/wp\/v2\/pages\/335030\/revisions\/335117"}],"up":[{"embeddable":true,"href":"https:\/\/kano-udlejning.dk\/de\/wp-json\/wp\/v2\/pages\/335113"}],"wp:attachment":[{"href":"https:\/\/kano-udlejning.dk\/de\/wp-json\/wp\/v2\/media?parent=335030"}],"curies":[{"name":"wp","href":"https:\/\/api.w.org\/{rel}","templated":true}]}}