{"id":335021,"date":"2024-12-06T13:59:13","date_gmt":"2024-12-06T12:59:13","guid":{"rendered":"https:\/\/kano-udlejning.dk\/zeltplatz-alling-vest\/"},"modified":"2025-03-06T13:57:46","modified_gmt":"2025-03-06T12:57:46","slug":"zeltplatz-alling-vest","status":"publish","type":"page","link":"https:\/\/kano-udlejning.dk\/de\/planen-sie-ihre-kanufahrt\/orte-zum-uebernachten\/zeltplatz-alling-vest\/","title":{"rendered":"Zeltplatz Alling Vest"},"content":{"rendered":"<p>Alling Vest Teltplads, Birkhedevej 29, 8680 Ry<br \/>\nDas Gel\u00e4nde ist im Besitz der d\u00e4nischen Naturbeh\u00f6rde.<br \/>\nPreis: Freie Unterkunft<\/p>\n<p><strong><em>Auf dem Alling Vest Teltplads gibt es: <\/em><\/strong><em>Toilette (bringen Sie Ihr eigenes Toilettenpapier mit) - Feuerstelle - Brennholz in 3-Meter-St\u00fccken (bringen Sie eine Axt\/S\u00e4ge mit) - Tische\/B\u00e4nke - <strong>An diesem Platz gibt es kein Trinkwasser\/Wasser. <\/strong>Denken Sie daher daran, Wasser mitzubringen.<\/em><\/p>\n<p><em>Alling Vest Teltplads liegt etwa 54 km von T\u00f8rring entfernt.<\/em><\/p>\n<p><em>Brauchen Sie Hilfe bei der Planung Ihrer Reise?  <a title=\"https:\/\/kano-udlejning.dk\/p\/planlaeg-turen\" href=\"https:\/\/kano-udlejning.dk\/de\/pauschalangebote\/planen-sie-die-reise-selbst\/\">Sehen Sie hier mehr<\/a><\/em><\/p>\n<p><strong>Finden Sie den Weg zu Alling Vest Teltplads<\/strong><\/p>\n<p><iframe src=\"https:\/\/www.google.com\/maps\/embed?pb=!1m18!1m12!1m3!1d1662.947608547997!2d9.723778407060182!3d56.10540689327629!2m3!1f0!2f0!3f0!3m2!1i1024!2i768!4f13.1!3m3!1m2!1s0x464c75a4572bc39f%3A0x10667942d71afd39!2sAlling%20Vest%20Teltplads%20P!5e1!3m2!1sda!2sdk!4v1733489945400!5m2!1sda!2sdk\" width=\"600\" height=\"450\" style=\"border:0;\" allowfullscreen=\"\" loading=\"lazy\" referrerpolicy=\"no-referrer-when-downgrade\"><\/iframe><\/p>\n","protected":false},"excerpt":{"rendered":"<p>Alling Vest Teltplads, Birkhedevej 29, 8680 Ry Das Gel\u00e4nde ist im Besitz der d\u00e4nischen Naturbeh\u00f6rde. Preis: Freie Unterkunft Auf dem Alling Vest Teltplads gibt es: Toilette (bringen Sie Ihr eigenes Toilettenpapier mit) - Feuerstelle - Brennholz in 3-Meter-St\u00fccken (bringen Sie eine Axt\/S\u00e4ge mit) - Tische\/B\u00e4nke - An diesem Platz gibt es kein Trinkwasser\/Wasser. Denken Sie&hellip; <a class=\"continue\" href=\"https:\/\/kano-udlejning.dk\/de\/planen-sie-ihre-kanufahrt\/orte-zum-uebernachten\/zeltplatz-alling-vest\/\">L\u00e6s mere<span> Zeltplatz Alling Vest<\/span><\/a><\/p>\n","protected":false},"author":1,"featured_media":0,"parent":335113,"menu_order":0,"comment_status":"closed","ping_status":"closed","template":"","meta":{"_acf_changed":false,"site-sidebar-layout":"default","site-content-layout":"","ast-site-content-layout":"default","site-content-style":"default","site-sidebar-style":"default","ast-global-header-display":"","ast-banner-title-visibility":"","ast-main-header-display":"","ast-hfb-above-header-display":"","ast-hfb-below-header-display":"","ast-hfb-mobile-header-display":"","site-post-title":"","ast-breadcrumbs-content":"","ast-featured-img":"","footer-sml-layout":"","ast-disable-related-posts":"","theme-transparent-header-meta":"default","adv-header-id-meta":"","stick-header-meta":"","header-above-stick-meta":"","header-main-stick-meta":"","header-below-stick-meta":"","astra-migrate-meta-layouts":"default","ast-page-background-enabled":"default","ast-page-background-meta":{"desktop":{"background-color":"","background-image":"","background-repeat":"repeat","background-position":"center center","background-size":"auto","background-attachment":"scroll","background-type":"","background-media":"","overlay-type":"","overlay-color":"","overlay-opacity":"","overlay-gradient":""},"tablet":{"background-color":"","background-image":"","background-repeat":"repeat","background-position":"center center","background-size":"auto","background-attachment":"scroll","background-type":"","background-media":"","overlay-type":"","overlay-color":"","overlay-opacity":"","overlay-gradient":""},"mobile":{"background-color":"","background-image":"","background-repeat":"repeat","background-position":"center center","background-size":"auto","background-attachment":"scroll","background-type":"","background-media":"","overlay-type":"","overlay-color":"","overlay-opacity":"","overlay-gradient":""}},"ast-content-background-meta":{"desktop":{"background-color":"var(--ast-global-color-5)","background-image":"","background-repeat":"repeat","background-position":"center center","background-size":"auto","background-attachment":"scroll","background-type":"","background-media":"","overlay-type":"","overlay-color":"","overlay-opacity":"","overlay-gradient":""},"tablet":{"background-color":"var(--ast-global-color-5)","background-image":"","background-repeat":"repeat","background-position":"center center","background-size":"auto","background-attachment":"scroll","background-type":"","background-media":"","overlay-type":"","overlay-color":"","overlay-opacity":"","overlay-gradient":""},"mobile":{"background-color":"var(--ast-global-color-5)","background-image":"","background-repeat":"repeat","background-position":"center center","background-size":"auto","background-attachment":"scroll","background-type":"","background-media":"","overlay-type":"","overlay-color":"","overlay-opacity":"","overlay-gradient":""}},"footnotes":""},"class_list":["post-335021","page","type-page","status-publish","hentry"],"acf":[],"yoast_head":"<!-- This site is optimized with the Yoast SEO plugin v27.2 - https:\/\/yoast.com\/product\/yoast-seo-wordpress\/ -->\n<title>Alling Vest Zeltplatz, Ry<\/title>\n<meta name=\"robots\" content=\"index, follow, max-snippet:-1, max-image-preview:large, max-video-preview:-1\" \/>\n<link rel=\"canonical\" href=\"https:\/\/kano-udlejning.dk\/de\/planen-sie-ihre-kanufahrt\/orte-zum-uebernachten\/zeltplatz-alling-vest\/\" \/>\n<meta property=\"og:locale\" content=\"de_DE\" \/>\n<meta property=\"og:type\" content=\"article\" \/>\n<meta property=\"og:title\" content=\"Alling Vest Zeltplatz, Ry\" \/>\n<meta property=\"og:description\" content=\"Alling Vest Teltplads, Birkhedevej 29, 8680 Ry Das Gel\u00e4nde ist im Besitz der d\u00e4nischen Naturbeh\u00f6rde. Preis: Freie Unterkunft Auf dem Alling Vest Teltplads gibt es: Toilette (bringen Sie Ihr eigenes Toilettenpapier mit) - Feuerstelle - Brennholz in 3-Meter-St\u00fccken (bringen Sie eine Axt\/S\u00e4ge mit) - Tische\/B\u00e4nke - An diesem Platz gibt es kein Trinkwasser\/Wasser. Denken Sie&hellip; L\u00e6s mere Zeltplatz Alling Vest\" \/>\n<meta property=\"og:url\" content=\"https:\/\/kano-udlejning.dk\/de\/planen-sie-ihre-kanufahrt\/orte-zum-uebernachten\/zeltplatz-alling-vest\/\" \/>\n<meta property=\"og:site_name\" content=\"T\u00f8rring Kanoudlejning\" \/>\n<meta property=\"article:modified_time\" content=\"2025-03-06T12:57:46+00:00\" \/>\n<meta property=\"og:image\" content=\"https:\/\/kano-udlejning.dk\/wp-content\/uploads\/2025\/01\/logo-mails.png\" \/>\n\t<meta property=\"og:image:width\" content=\"280\" \/>\n\t<meta property=\"og:image:height\" content=\"104\" \/>\n\t<meta property=\"og:image:type\" content=\"image\/png\" \/>\n<meta name=\"twitter:card\" content=\"summary_large_image\" \/>\n<script type=\"application\/ld+json\" class=\"yoast-schema-graph\">{\"@context\":\"https:\/\/schema.org\",\"@graph\":[{\"@type\":\"WebPage\",\"@id\":\"https:\/\/kano-udlejning.dk\/de\/planen-sie-ihre-kanufahrt\/orte-zum-uebernachten\/zeltplatz-alling-vest\/\",\"url\":\"https:\/\/kano-udlejning.dk\/de\/planen-sie-ihre-kanufahrt\/orte-zum-uebernachten\/zeltplatz-alling-vest\/\",\"name\":\"Alling Vest Zeltplatz, Ry\",\"isPartOf\":{\"@id\":\"https:\/\/kano-udlejning.dk\/de\/#website\"},\"datePublished\":\"2024-12-06T12:59:13+00:00\",\"dateModified\":\"2025-03-06T12:57:46+00:00\",\"breadcrumb\":{\"@id\":\"https:\/\/kano-udlejning.dk\/de\/planen-sie-ihre-kanufahrt\/orte-zum-uebernachten\/zeltplatz-alling-vest\/#breadcrumb\"},\"inLanguage\":\"de\",\"potentialAction\":[{\"@type\":\"ReadAction\",\"target\":[\"https:\/\/kano-udlejning.dk\/de\/planen-sie-ihre-kanufahrt\/orte-zum-uebernachten\/zeltplatz-alling-vest\/\"]}]},{\"@type\":\"BreadcrumbList\",\"@id\":\"https:\/\/kano-udlejning.dk\/de\/planen-sie-ihre-kanufahrt\/orte-zum-uebernachten\/zeltplatz-alling-vest\/#breadcrumb\",\"itemListElement\":[{\"@type\":\"ListItem\",\"position\":1,\"name\":\"Home\",\"item\":\"https:\/\/kano-udlejning.dk\/de\/\"},{\"@type\":\"ListItem\",\"position\":2,\"name\":\"Planen Sie Ihre Kanufahrt\",\"item\":\"https:\/\/kano-udlejning.dk\/de\/planen-sie-ihre-kanufahrt\/\"},{\"@type\":\"ListItem\",\"position\":3,\"name\":\"Orte zum \u00dcbernachten\",\"item\":\"https:\/\/kano-udlejning.dk\/de\/planen-sie-ihre-kanufahrt\/orte-zum-uebernachten\/\"},{\"@type\":\"ListItem\",\"position\":4,\"name\":\"Zeltplatz Alling Vest\"}]},{\"@type\":\"WebSite\",\"@id\":\"https:\/\/kano-udlejning.dk\/de\/#website\",\"url\":\"https:\/\/kano-udlejning.dk\/de\/\",\"name\":\"T\u00f8rring Kanoudlejning\",\"description\":\"St\u00f8rste Kano- &amp; Kajakudlejer p\u00e5 Guden\u00e5en\",\"publisher\":{\"@id\":\"https:\/\/kano-udlejning.dk\/de\/#organization\"},\"potentialAction\":[{\"@type\":\"SearchAction\",\"target\":{\"@type\":\"EntryPoint\",\"urlTemplate\":\"https:\/\/kano-udlejning.dk\/de\/?s={search_term_string}\"},\"query-input\":{\"@type\":\"PropertyValueSpecification\",\"valueRequired\":true,\"valueName\":\"search_term_string\"}}],\"inLanguage\":\"de\"},{\"@type\":\"Organization\",\"@id\":\"https:\/\/kano-udlejning.dk\/de\/#organization\",\"name\":\"T\u00f8rring Kanuverleih\",\"url\":\"https:\/\/kano-udlejning.dk\/de\/\",\"logo\":{\"@type\":\"ImageObject\",\"inLanguage\":\"de\",\"@id\":\"https:\/\/kano-udlejning.dk\/de\/#\/schema\/logo\/image\/\",\"url\":\"https:\/\/kano-udlejning.dk\/wp-content\/uploads\/2024\/09\/favicon.png\",\"contentUrl\":\"https:\/\/kano-udlejning.dk\/wp-content\/uploads\/2024\/09\/favicon.png\",\"width\":32,\"height\":32,\"caption\":\"T\u00f8rring Kanuverleih\"},\"image\":{\"@id\":\"https:\/\/kano-udlejning.dk\/de\/#\/schema\/logo\/image\/\"}}]}<\/script>\n<!-- \/ Yoast SEO plugin. -->","yoast_head_json":{"title":"Alling Vest Zeltplatz, Ry","robots":{"index":"index","follow":"follow","max-snippet":"max-snippet:-1","max-image-preview":"max-image-preview:large","max-video-preview":"max-video-preview:-1"},"canonical":"https:\/\/kano-udlejning.dk\/de\/planen-sie-ihre-kanufahrt\/orte-zum-uebernachten\/zeltplatz-alling-vest\/","og_locale":"de_DE","og_type":"article","og_title":"Alling Vest Zeltplatz, Ry","og_description":"Alling Vest Teltplads, Birkhedevej 29, 8680 Ry Das Gel\u00e4nde ist im Besitz der d\u00e4nischen Naturbeh\u00f6rde. Preis: Freie Unterkunft Auf dem Alling Vest Teltplads gibt es: Toilette (bringen Sie Ihr eigenes Toilettenpapier mit) - Feuerstelle - Brennholz in 3-Meter-St\u00fccken (bringen Sie eine Axt\/S\u00e4ge mit) - Tische\/B\u00e4nke - An diesem Platz gibt es kein Trinkwasser\/Wasser. Denken Sie&hellip; L\u00e6s mere Zeltplatz Alling Vest","og_url":"https:\/\/kano-udlejning.dk\/de\/planen-sie-ihre-kanufahrt\/orte-zum-uebernachten\/zeltplatz-alling-vest\/","og_site_name":"T\u00f8rring Kanoudlejning","article_modified_time":"2025-03-06T12:57:46+00:00","og_image":[{"width":280,"height":104,"url":"https:\/\/kano-udlejning.dk\/wp-content\/uploads\/2025\/01\/logo-mails.png","type":"image\/png"}],"twitter_card":"summary_large_image","schema":{"@context":"https:\/\/schema.org","@graph":[{"@type":"WebPage","@id":"https:\/\/kano-udlejning.dk\/de\/planen-sie-ihre-kanufahrt\/orte-zum-uebernachten\/zeltplatz-alling-vest\/","url":"https:\/\/kano-udlejning.dk\/de\/planen-sie-ihre-kanufahrt\/orte-zum-uebernachten\/zeltplatz-alling-vest\/","name":"Alling Vest Zeltplatz, Ry","isPartOf":{"@id":"https:\/\/kano-udlejning.dk\/de\/#website"},"datePublished":"2024-12-06T12:59:13+00:00","dateModified":"2025-03-06T12:57:46+00:00","breadcrumb":{"@id":"https:\/\/kano-udlejning.dk\/de\/planen-sie-ihre-kanufahrt\/orte-zum-uebernachten\/zeltplatz-alling-vest\/#breadcrumb"},"inLanguage":"de","potentialAction":[{"@type":"ReadAction","target":["https:\/\/kano-udlejning.dk\/de\/planen-sie-ihre-kanufahrt\/orte-zum-uebernachten\/zeltplatz-alling-vest\/"]}]},{"@type":"BreadcrumbList","@id":"https:\/\/kano-udlejning.dk\/de\/planen-sie-ihre-kanufahrt\/orte-zum-uebernachten\/zeltplatz-alling-vest\/#breadcrumb","itemListElement":[{"@type":"ListItem","position":1,"name":"Home","item":"https:\/\/kano-udlejning.dk\/de\/"},{"@type":"ListItem","position":2,"name":"Planen Sie Ihre Kanufahrt","item":"https:\/\/kano-udlejning.dk\/de\/planen-sie-ihre-kanufahrt\/"},{"@type":"ListItem","position":3,"name":"Orte zum \u00dcbernachten","item":"https:\/\/kano-udlejning.dk\/de\/planen-sie-ihre-kanufahrt\/orte-zum-uebernachten\/"},{"@type":"ListItem","position":4,"name":"Zeltplatz Alling Vest"}]},{"@type":"WebSite","@id":"https:\/\/kano-udlejning.dk\/de\/#website","url":"https:\/\/kano-udlejning.dk\/de\/","name":"T\u00f8rring Kanoudlejning","description":"St\u00f8rste Kano- &amp; Kajakudlejer p\u00e5 Guden\u00e5en","publisher":{"@id":"https:\/\/kano-udlejning.dk\/de\/#organization"},"potentialAction":[{"@type":"SearchAction","target":{"@type":"EntryPoint","urlTemplate":"https:\/\/kano-udlejning.dk\/de\/?s={search_term_string}"},"query-input":{"@type":"PropertyValueSpecification","valueRequired":true,"valueName":"search_term_string"}}],"inLanguage":"de"},{"@type":"Organization","@id":"https:\/\/kano-udlejning.dk\/de\/#organization","name":"T\u00f8rring Kanuverleih","url":"https:\/\/kano-udlejning.dk\/de\/","logo":{"@type":"ImageObject","inLanguage":"de","@id":"https:\/\/kano-udlejning.dk\/de\/#\/schema\/logo\/image\/","url":"https:\/\/kano-udlejning.dk\/wp-content\/uploads\/2024\/09\/favicon.png","contentUrl":"https:\/\/kano-udlejning.dk\/wp-content\/uploads\/2024\/09\/favicon.png","width":32,"height":32,"caption":"T\u00f8rring Kanuverleih"},"image":{"@id":"https:\/\/kano-udlejning.dk\/de\/#\/schema\/logo\/image\/"}}]}},"_links":{"self":[{"href":"https:\/\/kano-udlejning.dk\/de\/wp-json\/wp\/v2\/pages\/335021","targetHints":{"allow":["GET"]}}],"collection":[{"href":"https:\/\/kano-udlejning.dk\/de\/wp-json\/wp\/v2\/pages"}],"about":[{"href":"https:\/\/kano-udlejning.dk\/de\/wp-json\/wp\/v2\/types\/page"}],"author":[{"embeddable":true,"href":"https:\/\/kano-udlejning.dk\/de\/wp-json\/wp\/v2\/users\/1"}],"replies":[{"embeddable":true,"href":"https:\/\/kano-udlejning.dk\/de\/wp-json\/wp\/v2\/comments?post=335021"}],"version-history":[{"count":1,"href":"https:\/\/kano-udlejning.dk\/de\/wp-json\/wp\/v2\/pages\/335021\/revisions"}],"predecessor-version":[{"id":335124,"href":"https:\/\/kano-udlejning.dk\/de\/wp-json\/wp\/v2\/pages\/335021\/revisions\/335124"}],"up":[{"embeddable":true,"href":"https:\/\/kano-udlejning.dk\/de\/wp-json\/wp\/v2\/pages\/335113"}],"wp:attachment":[{"href":"https:\/\/kano-udlejning.dk\/de\/wp-json\/wp\/v2\/media?parent=335021"}],"curies":[{"name":"wp","href":"https:\/\/api.w.org\/{rel}","templated":true}]}}